{"id":146374,"date":"2021-01-15T10:53:36","date_gmt":"2021-01-15T10:53:36","guid":{"rendered":"https:\/\/codengine3.ch\/?product=import-placeholder-for-208066"},"modified":"2021-01-15T17:49:50","modified_gmt":"2021-01-15T17:49:50","slug":"brueder-am-seil-dramen-erfolge-geschichten","status":"publish","type":"product","link":"https:\/\/pizbube.ch\/en\/shop\/brueder-am-seil-dramen-erfolge-geschichten\/","title":{"rendered":"Br\u00fcder am Seil &#8211; Dramen, Erfolge, Geschichten"},"content":{"rendered":"<p>Der eine holt den verstorbenen Bruder vom Broad Peak, der andere klettert<br \/>\nzusammen mit seinem querschnittgel\u00e4hmten Bruder auf den Gipfel des El Capitan.<br \/>\nDiese Ausnahmef\u00e4lle verdeutlichen die tiefe Verbundenheit zwischen Br\u00fcdern.<br \/>\nDoch es gibt auch die Konkurrenten, die sich bei Wettk\u00e4mpfen am Podest<br \/>\nabwechseln und sich gegenseitig zu H\u00f6chstleistungen anspornen.<\/p>\n<p>In den meisten F\u00e4llen klettern Br\u00fcder von Anfang an zusammen, durchleben eine<br \/>\nhitzige und meist gefahrvolle Jugend in den Bergen, die sich aber als gute<br \/>\nLehrzeit herausstellt und sie zusammenschwei\u00dft. Der eine kennt die Schw\u00e4chen<br \/>\nund St\u00e4rken des anderen wie kein Zweiter. Anhand aktueller und historischer<br \/>\nBeispiele berichten die Autoren in Interviews, Reportagen und Portr\u00e4ts \u00fcber<br \/>\nErfolge und Misserfolge, Motivationen und gemeinsame Pl\u00e4ne, aber auch \u00fcber den<br \/>\nschmerzlichen Verlust eines Bruders.<\/p>\n<p>Br\u00fcder-Seilschaften:<\/p>\n<p>Thomas und Alexander Huber | Hermann, Adolph und Robert Schlagintweit | Markus<br \/>\nund Georg Kronthaler | Otto und Emil Zsigmondy | Andreas und Christian<br \/>\nBindhammer | Reinhold und G\u00fcnther Messner | Claude und Yves Remy | Franz und<br \/>\nToni Schmid | Nicolas und Olivier Favresse | Johann und Michael Innerkofler |<br \/>\nEneko und Iker Pou | Willy Merkl und Karl Maria Herrligkoffer | Martin und<br \/>\nFlorian Riegler | Sean und Timmy O&#8217;Neill<\/p>","protected":false},"excerpt":{"rendered":"<p>Der eine holt den verstorbenen Bruder vom Broad Peak, der andere klettert zusammen mit seinem querschnittgel\u00e4hmten Bruder auf den Gipfel des El Capitan. Diese Ausnahmef\u00e4lle verdeutlichen die tiefe Verbundenheit zwischen Br\u00fcdern. Doch es gibt auch die Konkurrenten, die sich bei Wettk\u00e4mpfen am Podest abwechseln und sich gegenseitig zu H\u00f6chstleistungen anspornen. In den meisten F\u00e4llen klettern [&#8230;]\n","protected":false},"featured_media":39247,"template":"","meta":[],"product_brand":[],"product_cat":[21542],"product_tag":[],"class_list":{"0":"post-146374","1":"product","2":"type-product","3":"status-publish","4":"has-post-thumbnail","6":"product_cat-sachbuecher-dokumentationen","7":"pa_autor-solderer-kratzer","8":"pa_erscheinungsjahr-21550","9":"pa_region-italien","10":"pa_sprache-de","12":"first","13":"instock","14":"taxable","15":"shipping-taxable","16":"purchasable","17":"product-type-simple"},"_links":{"self":[{"href":"https:\/\/pizbube.ch\/en\/wp-json\/wp\/v2\/product\/146374","targetHints":{"allow":["GET"]}}],"collection":[{"href":"https:\/\/pizbube.ch\/en\/wp-json\/wp\/v2\/product"}],"about":[{"href":"https:\/\/pizbube.ch\/en\/wp-json\/wp\/v2\/types\/product"}],"wp:featuredmedia":[{"embeddable":true,"href":"https:\/\/pizbube.ch\/en\/wp-json\/wp\/v2\/media\/39247"}],"wp:attachment":[{"href":"https:\/\/pizbube.ch\/en\/wp-json\/wp\/v2\/media?parent=146374"}],"wp:term":[{"taxonomy":"product_brand","embeddable":true,"href":"https:\/\/pizbube.ch\/en\/wp-json\/wp\/v2\/product_brand?post=146374"},{"taxonomy":"product_cat","embeddable":true,"href":"https:\/\/pizbube.ch\/en\/wp-json\/wp\/v2\/product_cat?post=146374"},{"taxonomy":"product_tag","embeddable":true,"href":"https:\/\/pizbube.ch\/en\/wp-json\/wp\/v2\/product_tag?post=146374"}],"curies":[{"name":"wp","href":"https:\/\/api.w.org\/{rel}","templated":true}]}}