{"id":146375,"date":"2021-01-15T10:53:36","date_gmt":"2021-01-15T10:53:36","guid":{"rendered":"https:\/\/codengine3.ch\/?product=import-placeholder-for-205664"},"modified":"2025-07-03T16:54:37","modified_gmt":"2025-07-03T14:54:37","slug":"der-berg-in-mir-taschenbuch","status":"publish","type":"product","link":"https:\/\/pizbube.ch\/en\/shop\/der-berg-in-mir-taschenbuch\/","title":{"rendered":"Der Berg in mir"},"content":{"rendered":"<p>Die spannende, oft nachdenkliche Autobiografie des Ausnahmeberg\u00adsteigers Alexander Huber l\u00e4sst nichts aus: seine gr\u00f6\u00dften Leistungen, Ziele und Visionen, \u00c4ngste, Widerst\u00e4nde &#8211; und was es hei\u00dft, wenn der eigene Bruder Seilgef\u00e4hrte und zugleich gr\u00f6\u00dfter Konkurrent ist.<\/p>\n<p>&#8218;Alexander Huber hat die Zinnen-Direttissima, nur mit einem Magnesiabeutel und Kletterschuhen an den F\u00fc\u00dfen, free solo geklettert. 500 Meter absolute Ex\u00adpo\u00adsition, ohne Sicherung und R\u00fcckzugs\u00adm\u00f6glich\u00adkeit, eine geniale Tat, die an Eleganz kaum zu \u00fcberbieten ist.&#8216; (Reinhold Messner) Seit \u00fcber zehn Jahren brechen die Huberbuam am Berg gemeinsam Rekorde.<\/p>\n<p>Jetzt er\u00adscheint das erste Buch nur von Alexander Huber, in dem er Erfolge und R\u00fcckschl\u00e4ge thematisiert, Kon\u00adflikte offen an\u00adspricht und die eigenen Grenzen auslotet &#8211; er, der mehrere spektakul\u00e4re Routen im Fels er\u00f6ffnete, dessen Kreativit\u00e4t und Durchstiegswille faszinieren und dessen Risikobereitschaft immer wieder aufs Neue schockiert. Und der 2007 einmal mehr Ma\u00dfst\u00e4be am El Capitan, der 1000 Meter hohen Gra\u00adnitwand im Yosemite, setzen will.<\/p>\n<p>Taschenbuchausgabe.<\/p>","protected":false},"excerpt":{"rendered":"<p>Die spannende, oft nachdenkliche Autobiografie des Ausnahmeberg\u00adsteigers Alexander Huber l\u00e4sst nichts aus: seine gr\u00f6\u00dften Leistungen, Ziele und Visionen, \u00c4ngste, Widerst\u00e4nde &#8211; und was es hei\u00dft, wenn der eigene Bruder Seilgef\u00e4hrte und zugleich gr\u00f6\u00dfter Konkurrent ist. &#8218;Alexander Huber hat die Zinnen-Direttissima, nur mit einem Magnesiabeutel und Kletterschuhen an den F\u00fc\u00dfen, free solo geklettert. 500 Meter absolute [&#8230;]\n","protected":false},"featured_media":180330,"template":"","meta":[],"product_brand":[],"product_cat":[21542],"product_tag":[],"class_list":{"0":"post-146375","1":"product","2":"type-product","3":"status-publish","4":"has-post-thumbnail","6":"product_cat-sachbuecher-dokumentationen","7":"pa_autor-huber","8":"pa_erscheinungsjahr-21693","9":"pa_region-deutschland","10":"pa_sprache-de","12":"first","13":"instock","14":"taxable","15":"shipping-taxable","16":"purchasable","17":"product-type-simple"},"_links":{"self":[{"href":"https:\/\/pizbube.ch\/en\/wp-json\/wp\/v2\/product\/146375","targetHints":{"allow":["GET"]}}],"collection":[{"href":"https:\/\/pizbube.ch\/en\/wp-json\/wp\/v2\/product"}],"about":[{"href":"https:\/\/pizbube.ch\/en\/wp-json\/wp\/v2\/types\/product"}],"wp:featuredmedia":[{"embeddable":true,"href":"https:\/\/pizbube.ch\/en\/wp-json\/wp\/v2\/media\/180330"}],"wp:attachment":[{"href":"https:\/\/pizbube.ch\/en\/wp-json\/wp\/v2\/media?parent=146375"}],"wp:term":[{"taxonomy":"product_brand","embeddable":true,"href":"https:\/\/pizbube.ch\/en\/wp-json\/wp\/v2\/product_brand?post=146375"},{"taxonomy":"product_cat","embeddable":true,"href":"https:\/\/pizbube.ch\/en\/wp-json\/wp\/v2\/product_cat?post=146375"},{"taxonomy":"product_tag","embeddable":true,"href":"https:\/\/pizbube.ch\/en\/wp-json\/wp\/v2\/product_tag?post=146375"}],"curies":[{"name":"wp","href":"https:\/\/api.w.org\/{rel}","templated":true}]}}