{"id":146380,"date":"2021-01-15T10:53:37","date_gmt":"2021-01-15T10:53:37","guid":{"rendered":"https:\/\/codengine3.ch\/?product=import-placeholder-for-208480"},"modified":"2021-01-15T17:54:28","modified_gmt":"2021-01-15T17:54:28","slug":"die-huberbuam-close-call-with-mount-asgard","status":"publish","type":"product","link":"https:\/\/pizbube.ch\/en\/shop\/die-huberbuam-close-call-with-mount-asgard\/","title":{"rendered":"Die Huberbuam &#8211; Close call with Mount Asgard"},"content":{"rendered":"<p>Zum aller ersten Mal \u00fcberhaupt wurde der Mount Asgard auf Baffin Island 2011<br \/>\nvon Thomas und Alexander Huber &#8211; den Huberbuam und zwei der besten Bergsteiger<br \/>\nder Welt &#8211; zusammen mit Mario Walder durch eine Rotpunkt-Begehung bezwungen.<br \/>\nNach 28 Versuchen standen die drei Kletterer am 9. August 2012 dann endlich<br \/>\nauf der s\u00fcdlichen Spitze des Mount Asgard. In ihrem freien Aufstieg haben sich<br \/>\ndie drei Profi-Kletterer so nahe wie m\u00f6glich an der originalen Route<br \/>\norientiert und Variationen lediglich dort integriert, wo es die &#171;Bavarian<br \/>\nDirect&#187; erforderte.<\/p>\n<p>Aufgrund der unstabilen Wetterlage, die ihnen mitunter Schnee bescherte,<br \/>\nkonnten sie die Route jedoch nicht wie geplant in einem St\u00fcck erklettern. Nach<br \/>\nmehreren Tagen und zahlreichen Versuchen an der 700 Meter hohen Wand gelang<br \/>\nihnen schlie\u00dflich der Aufstieg bis zum Gipfel.<\/p>\n<p>Thomas und Alexander Huber geh\u00f6ren zu den besten und bekanntesten Bergsteigern<br \/>\nder Welt. Keine Herausforderung ist den &#171;Huberbuam&#187; bei der Aus\u00fcbung ihrer<br \/>\nLeidenschaft zu gro\u00df. Und so wagten die zwei Extremkletterer gemeinsam mit<br \/>\nMario Walder im Jahr 2011 eine Rot-Punkt-Begehung am gef\u00e4hrlichen Mount Asgard<br \/>\nauf der kanadischen Baffininsel.<\/p>\n<p>Nach zahlreichen Versuchen im st\u00e4ndigen Kampf gegen Schnee und eisige K\u00e4lte,<br \/>\nkonnten die Bergsteiger schlie\u00dflich viele Wochen sp\u00e4ter den s\u00fcdlichen Gipfel<br \/>\ndes Berges erklimmen. Franz Hinterbrandner und Max Reichel haben jenen<br \/>\nbeschwerlichen Aufstieg in ihrem Dokumentarfilm festgehalten.<br \/>\nLaufzeit ca. 53 Min.; Sprache Deutsch, engl. Untertitel<\/p>","protected":false},"excerpt":{"rendered":"<ul>\n<li><a href=\"https:\/\/youtu.be\/sCKvRpZU7OQ\" target=\"_blank\" rel=\"noopener\">Video: Trailer Die Huberbuam &#8211; Close Call with Mt. Asgard<\/a><\/li>\n<\/ul>","protected":false},"featured_media":40348,"template":"","meta":[],"product_brand":[],"product_cat":[21628],"product_tag":[],"class_list":{"0":"post-146380","1":"product","2":"type-product","3":"status-publish","4":"has-post-thumbnail","6":"product_cat-video-dvd-multimedia","7":"pa_autor-hinterbrandner-reichel","8":"pa_erscheinungsjahr-21550","9":"pa_region-deutschland","10":"pa_sprache-de","12":"first","13":"instock","14":"taxable","15":"shipping-taxable","16":"purchasable","17":"product-type-simple"},"_links":{"self":[{"href":"https:\/\/pizbube.ch\/en\/wp-json\/wp\/v2\/product\/146380","targetHints":{"allow":["GET"]}}],"collection":[{"href":"https:\/\/pizbube.ch\/en\/wp-json\/wp\/v2\/product"}],"about":[{"href":"https:\/\/pizbube.ch\/en\/wp-json\/wp\/v2\/types\/product"}],"wp:featuredmedia":[{"embeddable":true,"href":"https:\/\/pizbube.ch\/en\/wp-json\/wp\/v2\/media\/40348"}],"wp:attachment":[{"href":"https:\/\/pizbube.ch\/en\/wp-json\/wp\/v2\/media?parent=146380"}],"wp:term":[{"taxonomy":"product_brand","embeddable":true,"href":"https:\/\/pizbube.ch\/en\/wp-json\/wp\/v2\/product_brand?post=146380"},{"taxonomy":"product_cat","embeddable":true,"href":"https:\/\/pizbube.ch\/en\/wp-json\/wp\/v2\/product_cat?post=146380"},{"taxonomy":"product_tag","embeddable":true,"href":"https:\/\/pizbube.ch\/en\/wp-json\/wp\/v2\/product_tag?post=146380"}],"curies":[{"name":"wp","href":"https:\/\/api.w.org\/{rel}","templated":true}]}}