{"id":146382,"date":"2021-01-15T10:53:37","date_gmt":"2021-01-15T10:53:37","guid":{"rendered":"https:\/\/codengine3.ch\/?product=import-placeholder-for-200725"},"modified":"2024-06-08T09:32:03","modified_gmt":"2024-06-08T07:32:03","slug":"die-angst-dein-bester-freund","status":"publish","type":"product","link":"https:\/\/pizbube.ch\/en\/shop\/die-angst-dein-bester-freund\/","title":{"rendered":"Die Angst &#8211; Dein bester Freund"},"content":{"rendered":"<p>Warum Angst beim Klettern eine gute Sache ist \u2013 und was wir im Tal daraus<br \/>\nlernen k\u00f6nnen<\/p>\n<p>K\u00f6nnen Sie sich vorstellen, dass Angst, dieses l\u00e4hmende Gef\u00fchl, eine positive<br \/>\nEmotion sein kann? Extrembergsteiger Alexander Huber hat in seinem Leben<br \/>\ngelernt, dass Angst nicht bremsend wirken muss \u2013 im Gegenteil, sie kann als<br \/>\nt\u00e4glicher Begleiter antreiben, sch\u00fctzen und leiten. In seinem Buch \u00bbDie Angst,<br \/>\ndein bester Freund\u00ab spricht er \u00fcber Parallelen zwischen Bergsteigen und<br \/>\nB\u00fcrojob und \u00fcber Spr\u00fcnge in der Pers\u00f6nlichkeitsentwicklung, die durch<br \/>\n\u00dcberwindung von \u00c4ngsten erst m\u00f6glich werden:<\/p>\n<p>&#8211; Vom ersten Mal Bergsteigen \u00fcber die Besteigung von 8000ern bis zum Free-<br \/>\nSolo-Klettern \u2013 die Angst war bei Alexander Huber immer mit dabei<br \/>\n&#8211; \u00c4ngste als hilfreiche Begleiter: Warum es wichtig ist, sich aus der eigenen<br \/>\nKomfortzone zu bewegen und neuen Herausforderungen zu stellen<br \/>\n&#8211; Wie die Angst vor der Angst uns letzten Endes nur in die Angstst\u00f6rung<br \/>\ntreibt<br \/>\n&#8211; Was passiert, wenn die Angst eskaliert und l\u00e4hmend wird \u2013 und wie Sie das<br \/>\nverhindern k\u00f6nnen<br \/>\n&#8211; Wie Sie Angstgef\u00fchle annehmen und transformieren k\u00f6nnen<\/p>\n<p>Mut wird aus Angst gemacht: die Psychologie des Bergsports<\/p>\n<p>Alexander Huber nimmt Sie mit zu den Meilensteinen seines Lebens und erz\u00e4hlt<br \/>\nvon seinen ersten Erfolgen am Berg genauso ehrlich wie von den Schwierigkeiten<br \/>\nbeim Dreh f\u00fcr den Film \u00bbAm Limit\u00ab. Immer an seiner Seite ist dabei die Angst<br \/>\nals lenkende Kraft, die ihn motiviert, die Grenzen des Machbaren auszuloten.<br \/>\nZus\u00e4tzlich zu den Erfahrungsberichten aus erster Hand vervollst\u00e4ndigen Essays<br \/>\ndes Psychologen und Bergf\u00fchrers Jan Mersch zu den psychologischen<br \/>\nHintergr\u00fcnden der Angst den Blick auf ein zu Unrecht gef\u00fcrchtetes Gef\u00fchl. Ein<br \/>\nBuch als Pl\u00e4doyer f\u00fcr den Mut, denn: Aus Angst im Nichtstun zu verharren<br \/>\nbringt niemanden weiter!<\/p>\n<p>Aktualisierte und erg\u00e4nzte Neuausgabe 2020<\/p>","protected":false},"excerpt":{"rendered":"<p>Warum Angst beim Klettern eine gute Sache ist \u2013 und was wir im Tal daraus lernen k\u00f6nnen K\u00f6nnen Sie sich vorstellen, dass Angst, dieses l\u00e4hmende Gef\u00fchl, eine positive Emotion sein kann? Extrembergsteiger Alexander Huber hat in seinem Leben gelernt, dass Angst nicht bremsend wirken muss \u2013 im Gegenteil, sie kann als t\u00e4glicher Begleiter antreiben, sch\u00fctzen [&#8230;]\n","protected":false},"featured_media":173309,"template":"","meta":[],"product_brand":[],"product_cat":[21542],"product_tag":[],"class_list":{"0":"post-146382","1":"product","2":"type-product","3":"status-publish","4":"has-post-thumbnail","6":"product_cat-sachbuecher-dokumentationen","7":"pa_autor-huber","8":"pa_erscheinungsjahr-21558","9":"pa_region-oesterreich","10":"pa_sprache-de","12":"first","13":"instock","14":"taxable","15":"shipping-taxable","16":"purchasable","17":"product-type-simple"},"_links":{"self":[{"href":"https:\/\/pizbube.ch\/en\/wp-json\/wp\/v2\/product\/146382","targetHints":{"allow":["GET"]}}],"collection":[{"href":"https:\/\/pizbube.ch\/en\/wp-json\/wp\/v2\/product"}],"about":[{"href":"https:\/\/pizbube.ch\/en\/wp-json\/wp\/v2\/types\/product"}],"wp:featuredmedia":[{"embeddable":true,"href":"https:\/\/pizbube.ch\/en\/wp-json\/wp\/v2\/media\/173309"}],"wp:attachment":[{"href":"https:\/\/pizbube.ch\/en\/wp-json\/wp\/v2\/media?parent=146382"}],"wp:term":[{"taxonomy":"product_brand","embeddable":true,"href":"https:\/\/pizbube.ch\/en\/wp-json\/wp\/v2\/product_brand?post=146382"},{"taxonomy":"product_cat","embeddable":true,"href":"https:\/\/pizbube.ch\/en\/wp-json\/wp\/v2\/product_cat?post=146382"},{"taxonomy":"product_tag","embeddable":true,"href":"https:\/\/pizbube.ch\/en\/wp-json\/wp\/v2\/product_tag?post=146382"}],"curies":[{"name":"wp","href":"https:\/\/api.w.org\/{rel}","templated":true}]}}