{"id":146383,"date":"2021-01-15T10:53:37","date_gmt":"2021-01-15T10:53:37","guid":{"rendered":"https:\/\/codengine3.ch\/?product=import-placeholder-for-200044"},"modified":"2021-01-15T10:53:43","modified_gmt":"2021-01-15T10:53:43","slug":"lechtal-rock","status":"publish","type":"product","link":"https:\/\/pizbube.ch\/en\/shop\/lechtal-rock\/","title":{"rendered":"Lechtal-Rock"},"content":{"rendered":"<p>In diesem Sportkletterf\u00fchrer sind \u00fcber 660 Routen an 23 W\u00e4nden<br \/>\nzusammengefasst, die zwischen dem Quellgebiet des Lech und der Zugspitze<br \/>\nvielf\u00e4ltige Kletterm\u00f6glichkeiten an unterschiedlichstem Gestein bieten. Vom<br \/>\ngem\u00fctlichen, hervorragend abgesicherten Klettergarten mit extra angelegter<br \/>\nSitzgruppe oder Grillplatz wie Kraichen oder Schrofenwies bis hin zu<br \/>\nanspruchsvollen Hochgebirgs-Klettergebieten am Hahntennjoch oder den<br \/>\nPlattspitzen bietet die Region nahezu von allem etwas.  <\/p>\n<p>Die Gebiete werden mit einem Mix aus plastischen, k\u00fcnstlerisch-<br \/>\nhandgezeichneten Topos in gewohnter GEBRO-Qualit\u00e4t und Foto-Topos beschrieben.<br \/>\nF\u00fcr viele W\u00e4nde werden sogar beide Topo-Typen verwendet, so dass sich jeder<br \/>\nKletterer mit seinem Lieblings-Topotyp orientieren kann. Die Autoren haben in<br \/>\nnahezu 3-j\u00e4hriger Recherche viele Routen selbst geklettert, die Bewertungen an<br \/>\nden verschiedenen Felsen zueinander in Relation gebracht und zu fast allen<br \/>\nKlettereien n\u00fctzliche Kommentare verfasst.<\/p>\n<p>The sport climbing guidebook for the region from the sources of the river Lech<br \/>\nto the Zugspitze. The authors climbed in the 3 years of the research most of<br \/>\nthe routes themselves, adjusted the grading and offer informative route-texts<br \/>\nto most climbs.<br \/>\nMany crags are described with photo-topos as well as with &#171;normal&#187; handdrawn<br \/>\ntopos. These handdrawn pieces of arts by Ulrich R\u00f6ker have in the meanwhile a<br \/>\nlegendary status. Therefore for most crags each climber can use his favourite<br \/>\ntype of topo.<\/p>","protected":false},"excerpt":{"rendered":"<ul>\n<li><a href=\"https:\/\/pizbube.ch\/wp-content\/uploads\/attachments\/a_001\/042265C0BEA00FFF2EA275A91D0DCB7E.pdf\" target=\"_blank\" rel=\"noopener\">PDF: Leseprobe_Lechtal-Rock.pdf<\/a><\/li>\n<\/ul>","protected":false},"featured_media":25766,"template":"","meta":[],"product_brand":[],"product_cat":[21539],"product_tag":[],"class_list":{"0":"post-146383","1":"product","2":"type-product","3":"status-publish","4":"has-post-thumbnail","6":"product_cat-fuehrerliteratur-sportklettern-bouldern","7":"pa_autor-roeker","8":"pa_erscheinungsjahr-21550","9":"pa_region-oesterreich","10":"pa_sprache-de-en","12":"first","13":"instock","14":"taxable","15":"shipping-taxable","16":"purchasable","17":"product-type-simple"},"_links":{"self":[{"href":"https:\/\/pizbube.ch\/en\/wp-json\/wp\/v2\/product\/146383","targetHints":{"allow":["GET"]}}],"collection":[{"href":"https:\/\/pizbube.ch\/en\/wp-json\/wp\/v2\/product"}],"about":[{"href":"https:\/\/pizbube.ch\/en\/wp-json\/wp\/v2\/types\/product"}],"wp:featuredmedia":[{"embeddable":true,"href":"https:\/\/pizbube.ch\/en\/wp-json\/wp\/v2\/media\/25766"}],"wp:attachment":[{"href":"https:\/\/pizbube.ch\/en\/wp-json\/wp\/v2\/media?parent=146383"}],"wp:term":[{"taxonomy":"product_brand","embeddable":true,"href":"https:\/\/pizbube.ch\/en\/wp-json\/wp\/v2\/product_brand?post=146383"},{"taxonomy":"product_cat","embeddable":true,"href":"https:\/\/pizbube.ch\/en\/wp-json\/wp\/v2\/product_cat?post=146383"},{"taxonomy":"product_tag","embeddable":true,"href":"https:\/\/pizbube.ch\/en\/wp-json\/wp\/v2\/product_tag?post=146383"}],"curies":[{"name":"wp","href":"https:\/\/api.w.org\/{rel}","templated":true}]}}