{"id":146385,"date":"2021-01-15T10:53:37","date_gmt":"2021-01-15T10:53:37","guid":{"rendered":"https:\/\/codengine3.ch\/?product=import-placeholder-for-200794"},"modified":"2021-01-15T11:01:00","modified_gmt":"2021-01-15T11:01:00","slug":"lechtaler-alpen-alpin","status":"publish","type":"product","link":"https:\/\/pizbube.ch\/en\/shop\/lechtaler-alpen-alpin\/","title":{"rendered":"Lechtaler Alpen Alpin"},"content":{"rendered":"<p>Die Lechtaler Alpen, jenes urweltliche Gebirg\u2019 zwischen Lech und Inn,<br \/>\nFernpass und Flexenpass, z\u00e4hlen zu den landschaftlich interessantesten<br \/>\nRegionen f\u00fcr Wanderer und Bergsteiger. Und obwohl am Rand des Gebietes \u2013<br \/>\nin der Arlberg-Region \u2013 eine mond\u00e4ne Touristikwelt entstand, sind die<br \/>\nLechtaler Alpen gr\u00f6\u00dftenteils immer noch eine \u00bbseilbahnfreie\u00ab Oase der Ruhe,<br \/>\nein ideales Terrain also f\u00fcr einen weiteren Band der neuen Reihe<br \/>\nAlpenvereinsf\u00fchrer \u00bbalpin\u00ab.  <\/p>\n<p>Dieter Seibert, vielseitiger Bergsteiger und bew\u00e4hrter F\u00fchrerautor, hat sich<br \/>\nin seinen Heimatbergen \u00fcber Jahrzehnte hinweg umgesehen und aus der<br \/>\nun\u00fcberschaubaren Menge von Anstiegen alle lohnenden und interessanten<br \/>\nausgew\u00e4hlt. Sein Hauptaugenmerk legte er dabei auf die detaillierte<br \/>\nBeschreibung der H\u00fcttenzug\u00e4nge und beliebten H\u00f6henwege des Gebirges. Dar\u00fcber<br \/>\nhinaus fanden nat\u00fcrlich auch alle Normalwege und die h\u00e4ufiger besuchten<br \/>\n\u00dcberschreitungen der langen Gipfelketten, sofern sie den II.<br \/>\nSchwierigkeitsgrad nicht wesentlich \u00fcberschreiten, ganz besondere Beachtung.  <\/p>\n<p>Den Richtlinien der UIAA entsprechend wurde jeder Route ein Beschreibungskopf<br \/>\nvorangestellt, der auf einen Blick den Schwierigkeitsgrad, die Aufstiegszeit<br \/>\nsowie eine kurze Charakteristik der Route, ggf. auch die Daten der<br \/>\nErstbegehung liefert. Zahlreiche Schwarz-Wei\u00df-Abbildungen \u2013 manche mit<br \/>\neingetragenen Routenverl\u00e4ufen \u2013 erleichtern nicht nur die Planung zu Hause,<br \/>\nsondern auch die Orientierung vor Ort. Der Einleitungsteil konzentriert sich<br \/>\nauf die touristisch relevanten Angaben sowie auf Geologie, Tier- und<br \/>\nPflanzenwelt. Ein abschlie\u00dfender Informationsteil enth\u00e4lt Hinweise auf<br \/>\nLiteratur und Karten, wichtige Tipps zur Bergrettung und die Telefonnummern<br \/>\nvon Wetterdiensten und alpinen Auskunftsstellen.  <\/p>","protected":false},"excerpt":{"rendered":"<ul>\n<li><a href=\"https:\/\/pizbube.ch\/wp-content\/uploads\/attachments\/a_029\/D63134E3CF3FBEECB87DD67373649A72.pdf\" target=\"_blank\" rel=\"noopener\">PDF: Lechtaler Alpin_Inhalt<\/a><\/li>\n<\/ul>\n<ul>\n<li><b>INFO: Vergriffen, keine Neuauflage<b><\/li>\n<\/ul>","protected":false},"featured_media":27857,"template":"","meta":[],"product_brand":[],"product_cat":[21544],"product_tag":[],"class_list":{"0":"post-146385","1":"product","2":"type-product","3":"status-publish","4":"has-post-thumbnail","6":"product_cat-fuehrerliteratur-alpin-sommer","7":"pa_autor-seibert","8":"pa_erscheinungsjahr-21591","9":"pa_region-oesterreich","10":"pa_sprache-de","12":"first","13":"outofstock","14":"taxable","15":"shipping-taxable","16":"purchasable","17":"product-type-simple"},"_links":{"self":[{"href":"https:\/\/pizbube.ch\/en\/wp-json\/wp\/v2\/product\/146385","targetHints":{"allow":["GET"]}}],"collection":[{"href":"https:\/\/pizbube.ch\/en\/wp-json\/wp\/v2\/product"}],"about":[{"href":"https:\/\/pizbube.ch\/en\/wp-json\/wp\/v2\/types\/product"}],"wp:featuredmedia":[{"embeddable":true,"href":"https:\/\/pizbube.ch\/en\/wp-json\/wp\/v2\/media\/27857"}],"wp:attachment":[{"href":"https:\/\/pizbube.ch\/en\/wp-json\/wp\/v2\/media?parent=146385"}],"wp:term":[{"taxonomy":"product_brand","embeddable":true,"href":"https:\/\/pizbube.ch\/en\/wp-json\/wp\/v2\/product_brand?post=146385"},{"taxonomy":"product_cat","embeddable":true,"href":"https:\/\/pizbube.ch\/en\/wp-json\/wp\/v2\/product_cat?post=146385"},{"taxonomy":"product_tag","embeddable":true,"href":"https:\/\/pizbube.ch\/en\/wp-json\/wp\/v2\/product_tag?post=146385"}],"curies":[{"name":"wp","href":"https:\/\/api.w.org\/{rel}","templated":true}]}}