{"id":146390,"date":"2021-01-15T10:53:37","date_gmt":"2021-01-15T10:53:37","guid":{"rendered":"https:\/\/codengine3.ch\/?product=import-placeholder-for-207956"},"modified":"2023-06-14T11:14:57","modified_gmt":"2023-06-14T09:14:57","slug":"kletterfuehrer-garmisch-partenkirchen","status":"publish","type":"product","link":"https:\/\/pizbube.ch\/en\/shop\/kletterfuehrer-garmisch-partenkirchen\/","title":{"rendered":"Kletterf\u00fchrer Garmisch-Partenkirchen"},"content":{"rendered":"<p>Sportklettern &#8211; Klettersteige &#8211; Mehrseill\u00e4ngen-Routen Garmisch-Partenkirchen<\/p>\n<p>Rund um Garmisch-Partenkirchen gibt es zahlreiche Kletterg\u00e4rten,<br \/>\nMehrseill\u00e4ngen-Routen sowie Klettersteige in fast allen Schwierigkeitsgraden.<br \/>\nIn diesem Auswahlkletterf\u00fchrer werden die beliebtesten Kletterm\u00f6glichkeiten<br \/>\nbeschrieben. Sowohl Anf\u00e4nger als auch Profis finden hier ein reichhaltiges<br \/>\nTourenangebot.<\/p>\n<p>Besonderes Highlight ist das alpine Klettergebiet im Bereich der Alpspitze,<br \/>\ndas auf etwa 2000 m H\u00f6he liegt. Es bietet nicht nur eine faszinierende<br \/>\nLandschaft, sondern auch wundersch\u00f6ne Kletterg\u00e4rten, Mehrseill\u00e4ngen-Routen und<br \/>\nKlettersteige.<\/p>\n<p>Kletterm\u00f6glichkeiten<br \/>\n\u2022 13 Talnahe Kletterg\u00e4rten mit \u00fcber 300 Routen<br \/>\n\u2022 10 Kletterg\u00e4rten im Alpspitzgebiet mit \u00fcber 100 Routen<br \/>\n\u2022 33 Mehrseill\u00e4ngen-Routen im Alpspitzgebiet<br \/>\n\u2022 11 Klettersteige im Wettersteingebirge<br \/>\n\u2022 15 \u00dcbersichts-, Anfahrtsskizzen<br \/>\n\u2022 82 Kletter-Fototopos<br \/>\n\u2022 11 Klettersteig-Fototopos<br \/>\n\u2022 52 Bilder (Kletter-, Landschafts-, Wandbilder)<br \/>\n\u2022 GPS-Koordinaten (Parkpl\u00e4tze, Kletterfelsen)<br \/>\n148 Seiten, Gebunden, 21 cm hoch, 15 cm breit, viele Bilder und Topos<\/p>","protected":false},"excerpt":{"rendered":"<p>Sportklettern &#8211; Klettersteige &#8211; Mehrseill\u00e4ngen-Routen Garmisch-Partenkirchen Rund um Garmisch-Partenkirchen gibt es zahlreiche Kletterg\u00e4rten, Mehrseill\u00e4ngen-Routen sowie Klettersteige in fast allen Schwierigkeitsgraden. In diesem Auswahlkletterf\u00fchrer werden die beliebtesten Kletterm\u00f6glichkeiten beschrieben. Sowohl Anf\u00e4nger als auch Profis finden hier ein reichhaltiges Tourenangebot. Besonderes Highlight ist das alpine Klettergebiet im Bereich der Alpspitze, das auf etwa 2000 m H\u00f6he liegt. [&#8230;]\n","protected":false},"featured_media":168018,"template":"","meta":[],"product_brand":[],"product_cat":[21539],"product_tag":[],"class_list":{"0":"post-146390","1":"product","2":"type-product","3":"status-publish","4":"has-post-thumbnail","6":"product_cat-fuehrerliteratur-sportklettern-bouldern","7":"pa_autor-durner","8":"pa_erscheinungsjahr-25440","9":"pa_region-deutschland","10":"pa_sprache-de","12":"first","13":"instock","14":"taxable","15":"shipping-taxable","16":"purchasable","17":"product-type-simple"},"_links":{"self":[{"href":"https:\/\/pizbube.ch\/en\/wp-json\/wp\/v2\/product\/146390","targetHints":{"allow":["GET"]}}],"collection":[{"href":"https:\/\/pizbube.ch\/en\/wp-json\/wp\/v2\/product"}],"about":[{"href":"https:\/\/pizbube.ch\/en\/wp-json\/wp\/v2\/types\/product"}],"wp:featuredmedia":[{"embeddable":true,"href":"https:\/\/pizbube.ch\/en\/wp-json\/wp\/v2\/media\/168018"}],"wp:attachment":[{"href":"https:\/\/pizbube.ch\/en\/wp-json\/wp\/v2\/media?parent=146390"}],"wp:term":[{"taxonomy":"product_brand","embeddable":true,"href":"https:\/\/pizbube.ch\/en\/wp-json\/wp\/v2\/product_brand?post=146390"},{"taxonomy":"product_cat","embeddable":true,"href":"https:\/\/pizbube.ch\/en\/wp-json\/wp\/v2\/product_cat?post=146390"},{"taxonomy":"product_tag","embeddable":true,"href":"https:\/\/pizbube.ch\/en\/wp-json\/wp\/v2\/product_tag?post=146390"}],"curies":[{"name":"wp","href":"https:\/\/api.w.org\/{rel}","templated":true}]}}