{"id":146397,"date":"2021-01-15T10:53:43","date_gmt":"2021-01-15T10:53:43","guid":{"rendered":"https:\/\/codengine3.ch\/?product=import-placeholder-for-203673"},"modified":"2021-01-15T14:25:31","modified_gmt":"2021-01-15T14:25:31","slug":"patagonien-feuerland","status":"publish","type":"product","link":"https:\/\/pizbube.ch\/en\/shop\/patagonien-feuerland\/","title":{"rendered":"Patagonien Feuerland"},"content":{"rendered":"<p>Lande am Ende der Welt. Einsam, weit und grenzenlos wildes Land mit<br \/>\natemberaubenden Kontrasten, vom 40. Breitengrad bis zum Inselreich Feuerland<br \/>\nund zum Kap Hoorn. An der S\u00fcdspitze von S\u00fcdamerika zwischen Pazifik und<br \/>\nAtlantik triumphieren die Superlative: undurchdringliche Urw\u00e4lder neben<br \/>\njahrtausendealten Gletschern, die grandiosen Gebirgsz\u00fcge der S\u00fcdanden neben<br \/>\nder endlosen Weite der patagonischen Pampa, Pinguine neben See-Elefanten.<br \/>\nWildes Land am Ende der Welt: Traum aller Abenteurer. 288 Seiten, mit 290<br \/>\nAbbildungen, 24,0 x 17,0 cm<\/p>","protected":false},"excerpt":{"rendered":"<p>Lande am Ende der Welt. Einsam, weit und grenzenlos wildes Land mit atemberaubenden Kontrasten, vom 40. Breitengrad bis zum Inselreich Feuerland und zum Kap Hoorn. An der S\u00fcdspitze von S\u00fcdamerika zwischen Pazifik und Atlantik triumphieren die Superlative: undurchdringliche Urw\u00e4lder neben jahrtausendealten Gletschern, die grandiosen Gebirgsz\u00fcge der S\u00fcdanden neben der endlosen Weite der patagonischen Pampa, Pinguine [&#8230;]\n","protected":false},"featured_media":31328,"template":"","meta":[],"product_brand":[],"product_cat":[21542],"product_tag":[],"class_list":{"0":"post-146397","1":"product","2":"type-product","3":"status-publish","4":"has-post-thumbnail","6":"product_cat-sachbuecher-dokumentationen","7":"pa_autor-stadler-asal","8":"pa_erscheinungsjahr-21776","9":"pa_region-amerika-sued","10":"pa_sprache-de","12":"first","13":"outofstock","14":"taxable","15":"shipping-taxable","16":"purchasable","17":"product-type-simple"},"_links":{"self":[{"href":"https:\/\/pizbube.ch\/en\/wp-json\/wp\/v2\/product\/146397","targetHints":{"allow":["GET"]}}],"collection":[{"href":"https:\/\/pizbube.ch\/en\/wp-json\/wp\/v2\/product"}],"about":[{"href":"https:\/\/pizbube.ch\/en\/wp-json\/wp\/v2\/types\/product"}],"wp:featuredmedia":[{"embeddable":true,"href":"https:\/\/pizbube.ch\/en\/wp-json\/wp\/v2\/media\/31328"}],"wp:attachment":[{"href":"https:\/\/pizbube.ch\/en\/wp-json\/wp\/v2\/media?parent=146397"}],"wp:term":[{"taxonomy":"product_brand","embeddable":true,"href":"https:\/\/pizbube.ch\/en\/wp-json\/wp\/v2\/product_brand?post=146397"},{"taxonomy":"product_cat","embeddable":true,"href":"https:\/\/pizbube.ch\/en\/wp-json\/wp\/v2\/product_cat?post=146397"},{"taxonomy":"product_tag","embeddable":true,"href":"https:\/\/pizbube.ch\/en\/wp-json\/wp\/v2\/product_tag?post=146397"}],"curies":[{"name":"wp","href":"https:\/\/api.w.org\/{rel}","templated":true}]}}