{"id":146398,"date":"2021-01-15T10:53:43","date_gmt":"2021-01-15T10:53:43","guid":{"rendered":"https:\/\/codengine3.ch\/?product=import-placeholder-for-206393"},"modified":"2025-10-07T10:56:24","modified_gmt":"2025-10-07T08:56:24","slug":"patagonien-und-feuerland-2","status":"publish","type":"product","link":"https:\/\/pizbube.ch\/en\/shop\/patagonien-und-feuerland-2\/","title":{"rendered":"Patagonien und Feuerland"},"content":{"rendered":"<p><span class=\"value\">In Patagonien am sturmumtosten \u00bbEnde\u00ab S\u00fcdamerikas und auf den vorgelagerten Feuerlandinseln finden sich die faszinierendsten Landschaften der Erde: Regenwald und blaugr\u00fcne Gletscher, endlose Pampa und die eisigen Gipfel von Fitz Roy und Cerro Torre, gr\u00fcnes Seengebiet und w\u00fcstenhafte Vulkanlandschaften. Die Region ist wie gemacht f\u00fcr Wanderungen und Trekkingtouren.<\/span><\/p>\n<p>Der Rother Wanderf\u00fchrer \u00bbPatagonien und Feuerland\u00ab stellt 50 der interessantesten und lohnenswertesten Touren vor: von einfachen Spazierg\u00e4ngen und Wanderungen bis zu \u00e4u\u00dferst anspruchsvollen mehrt\u00e4gigen Touren \u00fcber die Patagonischen Eisfelder.<\/p>\n<p>Pr\u00e4zise Wegbeschreibungen, Kartenausschnitte mit eingezeichnetem Routenverlauf und aussagekr\u00e4ftige H\u00f6henprofile stehen zu jeder Tour zur Verf\u00fcgung. Eine \u00fcbersichtliche Kurzinfo listet die wichtigsten Punkte auf, wie Ausgangspunkt, Anforderungen, Einkehr- und Unterkunftsm\u00f6glichkeiten. In einem ausf\u00fchrlichen Einf\u00fchrungsteil erf\u00e4hrt der Leser alles, was er zur Planung und Organisation einer Trekkingreise nach Patagonien wissen muss. Beeindruckende Bilder vermitteln einen ersten Eindruck des Wanderabenteuers Patagonien.<\/p>\n<p>Ralf Gantzhorn, Fotograf und Autor, und Thomas Wilken, Reiseveranstalter und Reiseleiter, haben Patagonien \u00fcber Jahre hinweg regelm\u00e4\u00dfig bereist. Vielerorts haben sie unber\u00fchrte Trekkingpfade abseits der popul\u00e4ren touristischen Ziele erkundet. In diesem Rother Wanderf\u00fchrer geben sie ihre pers\u00f6nlichen Erfahrungen an diejenigen weiter, die Patagonien zu Fu\u00df entdecken wollen.<\/p>\n<p>F\u00fcr die vierte Auflage wurde der Rother Wanderf\u00fchrer \u00bbPatagonien und Feuerland\u00ab umfassend \u00fcberarbeitet und aktualisiert.<\/p>\n<p>6., Auflage 2025<br \/>\n312 Seiten, 50 Wanderk\u00e4rtchen im Ma\u00dfstab 1:50.000 bis 1:200.000, 50 H\u00f6henprofile sowie zwei \u00dcbersichtskarten im Ma\u00dfstab 1:7.500.000 und 1:12.500.000<\/p>","protected":false},"excerpt":{"rendered":"<p>In Patagonien am sturmumtosten \u00bbEnde\u00ab S\u00fcdamerikas und auf den vorgelagerten Feuerlandinseln finden sich die faszinierendsten Landschaften der Erde: Regenwald und blaugr\u00fcne Gletscher, endlose Pampa und die eisigen Gipfel von Fitz Roy und Cerro Torre, gr\u00fcnes Seengebiet und w\u00fcstenhafte Vulkanlandschaften. Die Region ist wie gemacht f\u00fcr Wanderungen und Trekkingtouren. Der Rother Wanderf\u00fchrer \u00bbPatagonien und Feuerland\u00ab stellt [&#8230;]\n","protected":false},"featured_media":170147,"template":"","meta":[],"product_brand":[],"product_cat":[21605],"product_tag":[],"class_list":{"0":"post-146398","1":"product","2":"type-product","3":"status-publish","4":"has-post-thumbnail","6":"product_cat-wanderfuehrer-trekking","7":"pa_autor-gantzhorn-korten","8":"pa_erscheinungsjahr-27415","9":"pa_region-amerika-sued","10":"pa_sprache-de","12":"first","13":"instock","14":"taxable","15":"shipping-taxable","16":"purchasable","17":"product-type-simple"},"_links":{"self":[{"href":"https:\/\/pizbube.ch\/en\/wp-json\/wp\/v2\/product\/146398","targetHints":{"allow":["GET"]}}],"collection":[{"href":"https:\/\/pizbube.ch\/en\/wp-json\/wp\/v2\/product"}],"about":[{"href":"https:\/\/pizbube.ch\/en\/wp-json\/wp\/v2\/types\/product"}],"wp:featuredmedia":[{"embeddable":true,"href":"https:\/\/pizbube.ch\/en\/wp-json\/wp\/v2\/media\/170147"}],"wp:attachment":[{"href":"https:\/\/pizbube.ch\/en\/wp-json\/wp\/v2\/media?parent=146398"}],"wp:term":[{"taxonomy":"product_brand","embeddable":true,"href":"https:\/\/pizbube.ch\/en\/wp-json\/wp\/v2\/product_brand?post=146398"},{"taxonomy":"product_cat","embeddable":true,"href":"https:\/\/pizbube.ch\/en\/wp-json\/wp\/v2\/product_cat?post=146398"},{"taxonomy":"product_tag","embeddable":true,"href":"https:\/\/pizbube.ch\/en\/wp-json\/wp\/v2\/product_tag?post=146398"}],"curies":[{"name":"wp","href":"https:\/\/api.w.org\/{rel}","templated":true}]}}