{"id":146399,"date":"2021-01-15T10:53:43","date_gmt":"2021-01-15T10:53:43","guid":{"rendered":"https:\/\/codengine3.ch\/?product=import-placeholder-for-203449"},"modified":"2021-01-15T14:23:23","modified_gmt":"2021-01-15T14:23:23","slug":"bergwanderatlas-tirol-band-1-von-kufstein-bis-innsbruck","status":"publish","type":"product","link":"https:\/\/pizbube.ch\/en\/shop\/bergwanderatlas-tirol-band-1-von-kufstein-bis-innsbruck\/","title":{"rendered":"Bergwanderatlas Tirol Band 1 von Kufstein bis Innsbruck"},"content":{"rendered":"<p>171 ausf\u00fchrliche Tourenbeschreibungen (einschlie\u00dflich der Varianten 284<br \/>\nWander-vorschl\u00e4ge, unterteilt nach Tourengebieten und Schwierigkeiten), das<br \/>\nist viel und wenig zugleich. Viel, wenn man diese Zahl auf Wanderurlaube im<br \/>\nTiroler Unterland bezieht da braucht man schon ganz sch\u00f6n lang, bis man auch<br \/>\nnur einen gr\u00f6\u00dferen Teil erwandert hat. Die Bergwanderungen unterschiedlichster<br \/>\nSchwierigkeit werden mit farbigen Kartenausschnitten und \u00fcbersichtlicher,<br \/>\ndetailierter Information vorgestellt. Viele Hinweise \u00fcber gute Quartiere und<br \/>\nUnterk\u00fcnfte, Bahn\/Bus-Verbindungen, usw.<br \/>\n272 Seiten, vierf\u00e4rbig; viele Fotos und Kartenausschnitte zu jeder Wanderung.  <\/p>","protected":false},"excerpt":{"rendered":"<p>171 ausf\u00fchrliche Tourenbeschreibungen (einschlie\u00dflich der Varianten 284 Wander-vorschl\u00e4ge, unterteilt nach Tourengebieten und Schwierigkeiten), das ist viel und wenig zugleich. Viel, wenn man diese Zahl auf Wanderurlaube im Tiroler Unterland bezieht da braucht man schon ganz sch\u00f6n lang, bis man auch nur einen gr\u00f6\u00dferen Teil erwandert hat. Die Bergwanderungen unterschiedlichster Schwierigkeit werden mit farbigen Kartenausschnitten und [&#8230;]\n","protected":false},"featured_media":31060,"template":"","meta":[],"product_brand":[],"product_cat":[21605],"product_tag":[],"class_list":{"0":"post-146399","1":"product","2":"type-product","3":"status-publish","4":"has-post-thumbnail","6":"product_cat-wanderfuehrer-trekking","7":"pa_autor-weiss","8":"pa_erscheinungsjahr-21920","9":"pa_region-oesterreich","10":"pa_sprache-de","12":"first","13":"instock","14":"taxable","15":"shipping-taxable","16":"purchasable","17":"product-type-simple"},"_links":{"self":[{"href":"https:\/\/pizbube.ch\/en\/wp-json\/wp\/v2\/product\/146399","targetHints":{"allow":["GET"]}}],"collection":[{"href":"https:\/\/pizbube.ch\/en\/wp-json\/wp\/v2\/product"}],"about":[{"href":"https:\/\/pizbube.ch\/en\/wp-json\/wp\/v2\/types\/product"}],"wp:featuredmedia":[{"embeddable":true,"href":"https:\/\/pizbube.ch\/en\/wp-json\/wp\/v2\/media\/31060"}],"wp:attachment":[{"href":"https:\/\/pizbube.ch\/en\/wp-json\/wp\/v2\/media?parent=146399"}],"wp:term":[{"taxonomy":"product_brand","embeddable":true,"href":"https:\/\/pizbube.ch\/en\/wp-json\/wp\/v2\/product_brand?post=146399"},{"taxonomy":"product_cat","embeddable":true,"href":"https:\/\/pizbube.ch\/en\/wp-json\/wp\/v2\/product_cat?post=146399"},{"taxonomy":"product_tag","embeddable":true,"href":"https:\/\/pizbube.ch\/en\/wp-json\/wp\/v2\/product_tag?post=146399"}],"curies":[{"name":"wp","href":"https:\/\/api.w.org\/{rel}","templated":true}]}}