{"id":146400,"date":"2021-01-15T10:53:43","date_gmt":"2021-01-15T10:53:43","guid":{"rendered":"https:\/\/codengine3.ch\/?product=import-placeholder-for-204901"},"modified":"2024-11-23T10:05:34","modified_gmt":"2024-11-23T09:05:34","slug":"wilder-kaiser","status":"publish","type":"product","link":"https:\/\/pizbube.ch\/en\/shop\/wilder-kaiser\/","title":{"rendered":"Wilder Kaiser"},"content":{"rendered":"<p class=\"mt-3\">Zahmer Kaiser \u2013 Kufstein \u2013 St. Johann \u2013 Kaiserwinkl<\/p>\n<p><span class=\"value\">Wer jemals die gewaltige Felsarchitektur des Wilden Kaisers bewundert hat, wei\u00df, warum diese kleine Gebirgsgruppe bei Wanderern und Bergsteigern so beliebt ist: Zwischen den atemberaubenden W\u00e4nden, Kanten und Pfeilern l\u00e4sst es sich hervorragend wandern und schauen. Der Rother Wanderf\u00fchrer \u00bbWilder Kaiser\u00ab stellt 65 abwechslungsreiche Touren vor.<\/span><\/p>\n<p>Das Tourenspektrum erstreckt sich vom erholsamen Spaziergang bis zum Beinahe-Klettersteig \u2013 Genusswanderer und Bergsteiger kommen gleicherma\u00dfen auf ihre Kosten. Auf bequemen Wegen geht es zu stillen Waldseen und auf aussichtsreiche Almen, auf dem steilen und versicherten Gams\u00e4ngersteig schlie\u00dflich sogar hinauf zum h\u00f6chsten Kaisergipfel, der Ellmauer Halt. Wer den Wilden Kaiser noch intensiver erleben m\u00f6chte, dem sei die zwei- bzw. viert\u00e4gige Durchquerung und Umrundung des Gebirgsstockes empfohlen.<\/p>\n<p>Das Wandergebiet umfasst den Zahmen und den Wilden Kaiser und reicht sogar \u00fcber den Gebirgsstock hinaus: in den angrenzenden Gebirgsgruppen im Unterinntal und im Chiemgau, in den Loferer Steinbergen und den Kitzb\u00fcheler Alpen genie\u00dft man eine herrliche Sicht auf das Kaisergebirge.<\/p>\n<p>Jeder Tourenvorschlag verf\u00fcgt \u00fcber eine zuverl\u00e4ssige Tourenbeschreibung, einen detaillierten Kartenausschnitt mit eingetragenem Routenverlauf und ein aussagekr\u00e4ftiges H\u00f6henprofil. Mit vielen Tipps zu Einkehrm\u00f6glichkeiten und Varianten ist dieser Wanderf\u00fchrer ein praktischer Wegbegleiter auf allen Touren. Zudem stehen GPS-Tracks zum Download bereit. Die Autoren Sepp und Marc Brandl haben zahlreiche Wander- und Skitourenf\u00fchrer im Rother Bergverlag verfasst. Sie sind kompetente Kenner und treue Liebhaber des Kaisergebirges<\/p>\n<p>65 Touren; 65 H\u00f6henprofile, 65 Wanderk\u00e4rtchen im Ma\u00dfstab 1:50.000 und 1:75.000, zwei \u00dcbersichtskarten im Ma\u00dfstab 1:250.000 und 1:500.000, GPS-Tracks zum Download<\/p>\n<p>13., aktualisierte Auflage 2024<\/p>","protected":false},"excerpt":{"rendered":"<p>Zahmer Kaiser \u2013 Kufstein \u2013 St. Johann \u2013 Kaiserwinkl Wer jemals die gewaltige Felsarchitektur des Wilden Kaisers bewundert hat, wei\u00df, warum diese kleine Gebirgsgruppe bei Wanderern und Bergsteigern so beliebt ist: Zwischen den atemberaubenden W\u00e4nden, Kanten und Pfeilern l\u00e4sst es sich hervorragend wandern und schauen. Der Rother Wanderf\u00fchrer \u00bbWilder Kaiser\u00ab stellt 65 abwechslungsreiche Touren vor. [&#8230;]\n","protected":false},"featured_media":162000,"template":"","meta":[],"product_brand":[],"product_cat":[21605],"product_tag":[],"class_list":{"0":"post-146400","1":"product","2":"type-product","3":"status-publish","4":"has-post-thumbnail","6":"product_cat-wanderfuehrer-trekking","7":"pa_autor-brandl","8":"pa_erscheinungsjahr-27339","9":"pa_region-oesterreich","10":"pa_sprache-de","12":"first","13":"instock","14":"taxable","15":"shipping-taxable","16":"purchasable","17":"product-type-simple"},"_links":{"self":[{"href":"https:\/\/pizbube.ch\/en\/wp-json\/wp\/v2\/product\/146400","targetHints":{"allow":["GET"]}}],"collection":[{"href":"https:\/\/pizbube.ch\/en\/wp-json\/wp\/v2\/product"}],"about":[{"href":"https:\/\/pizbube.ch\/en\/wp-json\/wp\/v2\/types\/product"}],"wp:featuredmedia":[{"embeddable":true,"href":"https:\/\/pizbube.ch\/en\/wp-json\/wp\/v2\/media\/162000"}],"wp:attachment":[{"href":"https:\/\/pizbube.ch\/en\/wp-json\/wp\/v2\/media?parent=146400"}],"wp:term":[{"taxonomy":"product_brand","embeddable":true,"href":"https:\/\/pizbube.ch\/en\/wp-json\/wp\/v2\/product_brand?post=146400"},{"taxonomy":"product_cat","embeddable":true,"href":"https:\/\/pizbube.ch\/en\/wp-json\/wp\/v2\/product_cat?post=146400"},{"taxonomy":"product_tag","embeddable":true,"href":"https:\/\/pizbube.ch\/en\/wp-json\/wp\/v2\/product_tag?post=146400"}],"curies":[{"name":"wp","href":"https:\/\/api.w.org\/{rel}","templated":true}]}}