{"id":146401,"date":"2021-01-15T10:53:43","date_gmt":"2021-01-15T10:53:43","guid":{"rendered":"https:\/\/codengine3.ch\/?product=import-placeholder-for-203722"},"modified":"2022-08-10T14:30:02","modified_gmt":"2022-08-10T12:30:02","slug":"zugspitze-mit-ammergauer-alpen-und-werdenfelser-land","status":"publish","type":"product","link":"https:\/\/pizbube.ch\/en\/shop\/zugspitze-mit-ammergauer-alpen-und-werdenfelser-land\/","title":{"rendered":"Zugspitze mit Ammergauer Alpen und Werdenfelser Land"},"content":{"rendered":"<p><span class=\"value\">Nirgendwo in Deutschland ist man dem Himmel so nah: Die Zugspitze, mit 2962 Metern der h\u00f6chste Berg Deutschlands, liegt inmitten einer der sch\u00f6nsten Wanderregionen. Die 50 abwechslungsreichen Touren im Rother Wanderf\u00fchrer \u00bbZugspitze\u00ab f\u00fchren in die Gegend um Murnau, Oberammergau, Garmisch-Partenkirchen, Mittenwald, Ehrwald und Seefeld. Sie umfassen leichte bis mittelschwere Wanderungen, aber auch Gipfeltouren f\u00fcr Bergerfahrene. Nat\u00fcrlich werden auch alle vier Anstiege auf die Zugspitze vorgestellt.<\/span><\/p>\n<p>Schmucke D\u00f6rfer liegen in weiten, sonnenreichen und von Wiesen \u00fcberzogenen Talb\u00f6den. Dahinter ragen beeindruckende felsige Gipfel auf. Karwendel, Wetterstein und Mieminger Berge ziehen die Blicke auf sich. In den tief eingegrabenen T\u00e4lern der geheimnisvollen H\u00f6llentalklamm und der Partnachklamm st\u00fcrzen tosende Wildb\u00e4che ins Tal. Von den Gipfeln bietet sich eine fantastische Aussicht und oft liegen gastfreundliche H\u00fctten und Almen am Weg. Zahlreiche Seen laden zum Baden ein.<\/p>\n<p>Das Buch liefert zu jeder Tour eine exakte Wegbeschreibung sowie Infos zu Anforderungen, Erreichbarkeit mit \u00f6ffentlichen Verkehrsmitteln, Einkehrm\u00f6glichkeiten und Varianten. Ein detaillierter Kartenausschnitt mit eingetragenem Routenverlauf und ein aussagekr\u00e4ftiges H\u00f6henprofil erleichtern die Orientierung. Zudem stehen GPS-Tracks zum Download von der Internetseite des Rother Bergverlags bereit.<\/p>\n<p>Die Autoren Franziska Baumann und Dieter Seibert sind hervorragende Kenner der Zugspitzregion. Sie stellen 50 der sch\u00f6nsten Touren mit vielen Varianten in ihrer Heimatregion vor.<\/p>\n<p>13., aktualisierte Auflage 2022<br \/>\n160 Seiten;<br \/>\n50 H\u00f6henprofile, 50 Wanderk\u00e4rtchen im Ma\u00dfstab 1:50.000 und 1:75.000, zwei \u00dcbersichtskarten im Ma\u00dfstab 1:300.000 und 1:500.000<\/p>","protected":false},"excerpt":{"rendered":"<p>Nirgendwo in Deutschland ist man dem Himmel so nah: Die Zugspitze, mit 2962 Metern der h\u00f6chste Berg Deutschlands, liegt inmitten einer der sch\u00f6nsten Wanderregionen. Die 50 abwechslungsreichen Touren im Rother Wanderf\u00fchrer \u00bbZugspitze\u00ab f\u00fchren in die Gegend um Murnau, Oberammergau, Garmisch-Partenkirchen, Mittenwald, Ehrwald und Seefeld. Sie umfassen leichte bis mittelschwere Wanderungen, aber auch Gipfeltouren f\u00fcr Bergerfahrene. [&#8230;]\n","protected":false},"featured_media":163023,"template":"","meta":[],"product_brand":[],"product_cat":[21605],"product_tag":[],"class_list":{"0":"post-146401","1":"product","2":"type-product","3":"status-publish","4":"has-post-thumbnail","6":"product_cat-wanderfuehrer-trekking","7":"pa_autor-seibert","8":"pa_region-deutschland","9":"pa_sprache-de","11":"first","12":"instock","13":"taxable","14":"shipping-taxable","15":"purchasable","16":"product-type-simple"},"_links":{"self":[{"href":"https:\/\/pizbube.ch\/en\/wp-json\/wp\/v2\/product\/146401","targetHints":{"allow":["GET"]}}],"collection":[{"href":"https:\/\/pizbube.ch\/en\/wp-json\/wp\/v2\/product"}],"about":[{"href":"https:\/\/pizbube.ch\/en\/wp-json\/wp\/v2\/types\/product"}],"wp:featuredmedia":[{"embeddable":true,"href":"https:\/\/pizbube.ch\/en\/wp-json\/wp\/v2\/media\/163023"}],"wp:attachment":[{"href":"https:\/\/pizbube.ch\/en\/wp-json\/wp\/v2\/media?parent=146401"}],"wp:term":[{"taxonomy":"product_brand","embeddable":true,"href":"https:\/\/pizbube.ch\/en\/wp-json\/wp\/v2\/product_brand?post=146401"},{"taxonomy":"product_cat","embeddable":true,"href":"https:\/\/pizbube.ch\/en\/wp-json\/wp\/v2\/product_cat?post=146401"},{"taxonomy":"product_tag","embeddable":true,"href":"https:\/\/pizbube.ch\/en\/wp-json\/wp\/v2\/product_tag?post=146401"}],"curies":[{"name":"wp","href":"https:\/\/api.w.org\/{rel}","templated":true}]}}