{"id":146402,"date":"2021-01-15T10:53:43","date_gmt":"2021-01-15T10:53:43","guid":{"rendered":"https:\/\/codengine3.ch\/?product=import-placeholder-for-208325"},"modified":"2021-01-15T17:52:44","modified_gmt":"2021-01-15T17:52:44","slug":"wochenendtouren-tirol-30-touren","status":"publish","type":"product","link":"https:\/\/pizbube.ch\/en\/shop\/wochenendtouren-tirol-30-touren\/","title":{"rendered":"Wochenendtouren Tirol &#8211; 30 Touren"},"content":{"rendered":"<p>\nEin Wochenende in den Bergen ist wie ein Kurzurlaub! Und Tirol hat einige<br \/>\nsch\u00f6ne Ziele f\u00fcr eine kleine Auszeit zu bieten. Doch wo liegen die<br \/>\nattraktivsten Routen mit H\u00fctten\u00fcbernachtung? Das Rother Wanderbuch<br \/>\n\u00bbWochenendtouren Tirol\u00ab gibt darauf 30-fach Antwort.<\/p>\n<p>Das Tourengebiet erstreckt sich vom Arlberg bis ins Unterland, umfasst die<br \/>\nenorme Vielfalt von Lechtaler, \u00d6tztaler und Stubaier Alpen. Es geht auch in<br \/>\ndie hochalpinen Gefilde am Alpenhauptkamm, wo man auf spannenden Steigen bis<br \/>\nin H\u00f6hen von \u00fcber 3000 Metern vorst\u00f6\u00dft. Zahlreiche Touren sprechen den<br \/>\nambitionierten Bergfreund an, aber auch einige leichtere sind vertreten, etwa<br \/>\neine Wanderung quer durchs Karwendel. Vorgestellt werden Unternehmungen in<br \/>\neinem Zeitrahmen von zwei bis maximal vier Tagen.<\/p>\n<p>Alle Touren werden ausf\u00fchrlich beschrieben, ihre Anforderungen differenziert<br \/>\nbewertet. Wanderk\u00e4rtchen mit eingetragenem Routenverlauf, H\u00f6henprofile und zum<br \/>\nDownload zur Verf\u00fcgung stehende GPS-Daten geh\u00f6ren zu den Standard-Features.<br \/>\nUnd eine gro\u00dfz\u00fcgige Bebilderung macht Lust, sofort den Rucksack zu packen und<br \/>\nloszuziehen in Tirols herrliche Berggebiete!<\/p>\n<p>1. Auflage 2020<br \/>\n232 Seiten mit 266 Farbabbildungen<br \/>\n30 H\u00f6henprofile, 30 Wanderk\u00e4rtchen im Ma\u00dfstab 1:75.000, \u00dcbersichtskarte,<br \/>\nTourenmatrix, GPS-Tracks zum Download  <\/p>","protected":false},"excerpt":{"rendered":"<ul>\n<li><a href=\"https:\/\/pizbube.ch\/wp-content\/uploads\/attachments\/a_029\/D4D9F149FE931DA6E285E03DB3410B45.pdf\" target=\"_blank\" rel=\"noopener\">PDF: wochenendtouren_tirol_inhalt<\/a><\/li>\n<\/ul>","protected":false},"featured_media":39993,"template":"","meta":[],"product_brand":[],"product_cat":[21605],"product_tag":[],"class_list":{"0":"post-146402","1":"product","2":"type-product","3":"status-publish","4":"has-post-thumbnail","6":"product_cat-wanderfuehrer-trekking","7":"pa_autor-zahel","8":"pa_erscheinungsjahr-21558","9":"pa_region-oesterreich","10":"pa_sprache-de","12":"first","13":"instock","14":"taxable","15":"shipping-taxable","16":"purchasable","17":"product-type-simple"},"_links":{"self":[{"href":"https:\/\/pizbube.ch\/en\/wp-json\/wp\/v2\/product\/146402","targetHints":{"allow":["GET"]}}],"collection":[{"href":"https:\/\/pizbube.ch\/en\/wp-json\/wp\/v2\/product"}],"about":[{"href":"https:\/\/pizbube.ch\/en\/wp-json\/wp\/v2\/types\/product"}],"wp:featuredmedia":[{"embeddable":true,"href":"https:\/\/pizbube.ch\/en\/wp-json\/wp\/v2\/media\/39993"}],"wp:attachment":[{"href":"https:\/\/pizbube.ch\/en\/wp-json\/wp\/v2\/media?parent=146402"}],"wp:term":[{"taxonomy":"product_brand","embeddable":true,"href":"https:\/\/pizbube.ch\/en\/wp-json\/wp\/v2\/product_brand?post=146402"},{"taxonomy":"product_cat","embeddable":true,"href":"https:\/\/pizbube.ch\/en\/wp-json\/wp\/v2\/product_cat?post=146402"},{"taxonomy":"product_tag","embeddable":true,"href":"https:\/\/pizbube.ch\/en\/wp-json\/wp\/v2\/product_tag?post=146402"}],"curies":[{"name":"wp","href":"https:\/\/api.w.org\/{rel}","templated":true}]}}