{"id":146404,"date":"2021-01-15T10:53:43","date_gmt":"2021-01-15T10:53:43","guid":{"rendered":"https:\/\/codengine3.ch\/?product=import-placeholder-for-200047"},"modified":"2021-01-15T10:53:48","modified_gmt":"2021-01-15T10:53:48","slug":"lalpe-58-architectures-et-architectes","status":"publish","type":"product","link":"https:\/\/pizbube.ch\/en\/shop\/lalpe-58-architectures-et-architectes\/","title":{"rendered":"L`Alpe 58 &#8211; Architectures et architectes"},"content":{"rendered":"<p>C\u2019est dans les Alpes que s\u2019imagine l\u2019architecture de demain. Comme avec<br \/>\nce b\u00e2timent de l\u2019agence grenobloise Cr&on;, qui produit plus<br \/>\nd\u2019\u00e9nergie qu\u2019il n\u2019en consomme ou encore dans le Vorarlberg, en Autriche,<br \/>\no\u00f9 les architectes r\u00e9alisent des \u00e9co-constructions de toute beaut\u00e9 qui<br \/>\nont aujourd\u2019hui valeur d\u2019exemples.<\/p>\n<p>De tous temps, les Alpes ont suscit\u00e9 l\u2019invention d\u2019architectures<br \/>\nsinguli\u00e8res. Depuis les d\u00e9tournements de cavernes sur les hauteurs par<br \/>\nles chasseurs-cueilleurs du n\u00e9olithique jusqu\u2019aux audacieux \u00e9difices<br \/>\nd\u2019un Mario Botta, en passant par les multiples variantes d\u2019un habitat<br \/>\nrural con\u00e7u par les hommes pour se prot\u00e9ger des \u00e9l\u00e9ments : le froid, la<br \/>\npente, les intemp\u00e9ries, etc. Sans compter le d\u00e9veloppement touristique<br \/>\nqui a vu na\u00eetre, d\u00e8s le xix si\u00e8cle, modestes refuges et<br \/>\ncabanes de haute montagne, somptueux palaces, puis stations de sports<br \/>\nd\u2019hiver \u00ab int\u00e9gr\u00e9es \u00bb et chalets de luxe. Ce sont tous ces champs de<br \/>\nl\u2019architecture alpine qu\u2019explore ce num\u00e9ro d\u2019automne de la revue _L\u2019Alpe_<br \/>\navec une attention toute particuli\u00e8re port\u00e9e aux architectes et aux<br \/>\ncr\u00e9ateurs d\u2019am\u00e9nagements int\u00e9rieurs qui pensent notre habitat de demain.<br \/>\nDes constructions qui devront r\u00e9pondre aux nouveaux d\u00e9fis pos\u00e9s par le<br \/>\nr\u00e9chauffement climatique, l\u2019urbanisation croissante des vall\u00e9es ou la<br \/>\nrar\u00e9faction des ressources \u00e9nerg\u00e9tiques fossiles.<\/p>","protected":false},"excerpt":{"rendered":"<p>C\u2019est dans les Alpes que s\u2019imagine l\u2019architecture de demain. Comme avec ce b\u00e2timent de l\u2019agence grenobloise Cr&on;, qui produit plus d\u2019\u00e9nergie qu\u2019il n\u2019en consomme ou encore dans le Vorarlberg, en Autriche, o\u00f9 les architectes r\u00e9alisent des \u00e9co-constructions de toute beaut\u00e9 qui ont aujourd\u2019hui valeur d\u2019exemples. De tous temps, les Alpes ont suscit\u00e9 l\u2019invention d\u2019architectures singuli\u00e8res. [&#8230;]\n","protected":false},"featured_media":25773,"template":"","meta":[],"product_brand":[],"product_cat":[21541],"product_tag":[],"class_list":{"0":"post-146404","1":"product","2":"type-product","3":"status-publish","4":"has-post-thumbnail","6":"product_cat-zeitschriften","7":"pa_autor-glenat","8":"pa_erscheinungsjahr-21621","9":"pa_region-frankreich","10":"pa_sprache-fr","12":"first","13":"instock","14":"taxable","15":"shipping-taxable","16":"purchasable","17":"product-type-simple"},"_links":{"self":[{"href":"https:\/\/pizbube.ch\/en\/wp-json\/wp\/v2\/product\/146404","targetHints":{"allow":["GET"]}}],"collection":[{"href":"https:\/\/pizbube.ch\/en\/wp-json\/wp\/v2\/product"}],"about":[{"href":"https:\/\/pizbube.ch\/en\/wp-json\/wp\/v2\/types\/product"}],"wp:featuredmedia":[{"embeddable":true,"href":"https:\/\/pizbube.ch\/en\/wp-json\/wp\/v2\/media\/25773"}],"wp:attachment":[{"href":"https:\/\/pizbube.ch\/en\/wp-json\/wp\/v2\/media?parent=146404"}],"wp:term":[{"taxonomy":"product_brand","embeddable":true,"href":"https:\/\/pizbube.ch\/en\/wp-json\/wp\/v2\/product_brand?post=146404"},{"taxonomy":"product_cat","embeddable":true,"href":"https:\/\/pizbube.ch\/en\/wp-json\/wp\/v2\/product_cat?post=146404"},{"taxonomy":"product_tag","embeddable":true,"href":"https:\/\/pizbube.ch\/en\/wp-json\/wp\/v2\/product_tag?post=146404"}],"curies":[{"name":"wp","href":"https:\/\/api.w.org\/{rel}","templated":true}]}}