{"id":146406,"date":"2021-01-15T10:53:43","date_gmt":"2021-01-15T10:53:43","guid":{"rendered":"https:\/\/codengine3.ch\/?product=import-placeholder-for-206084"},"modified":"2021-01-15T14:46:14","modified_gmt":"2021-01-15T14:46:14","slug":"gestatten-heile-welt-und-ewig-lockt-die-alpenromantik","status":"publish","type":"product","link":"https:\/\/pizbube.ch\/en\/shop\/gestatten-heile-welt-und-ewig-lockt-die-alpenromantik\/","title":{"rendered":"Gestatten, heile Welt \u2013 Und ewig lockt die Alpenromantik"},"content":{"rendered":"<p>Du &#8211; Mai 2010 Ausgabe Nr: 806  <\/p>\n<p>Eine Droge aus Stein<br \/>\nDie Berge sind wieder modern; als Sportplatz wie als Sinnbild f\u00fcr eine heile<br \/>\nWelt. Die neue Romantik gr\u00fcndet allerdings in h\u00f6chst unterschiedlichen<br \/>\nQuellen.  <\/p>\n<p>&#8218;Das romantische Bild der Alpen wird bleiben&#8216;<br \/>\nDer Alpenmythos, im 18. Jahrhundert in englischen Salons entworfen, ist ein<br \/>\nglobal erfolgreiches Sehnsuchtsmodell.  <\/p>\n<p>Absolute Verteidigung<br \/>\nDie grosse Angst in den Bergen (1926) von Charles Ferdinand Ramuz erlebt eine<br \/>\nRenaissance.  <\/p>\n<p>1920 Pixel \u00fcber Meer<br \/>\nDas Hotel Vue des Alpes hat Zimmer, Service, Men\u00fcs und G\u00e4ste \u2013 aber nur im<br \/>\nInternet.  <\/p>\n<p>Keine Postkarte. Wirklich<br \/>\nDer Urnerboden ist als wundersch\u00f6ne Sommeralp bekannt. Einige Bauern leben das<br \/>\nganze Jahr dort oben.  <\/p>\n<p>Die T\u00e4towierung des Bergs<br \/>\nDer Fahrstil auf den Skipisten hat sich stark ver\u00e4ndert, ebenso die Kleidung:<br \/>\nWo fr\u00fcher sanft und sexy geswingt wurde, fr\u00e4sen heute polartauglich und<br \/>\nlustfeindlich vermummte Hardrocker Schrammen in den Hang.  <\/p>\n<p>Die Hoffnung der Alpen<br \/>\nAndermatt im Kanton Uri war eine wichtige Station auf dem Weg in den S\u00fcden und<br \/>\nein grosser Armeest\u00fctzpunkt. Beides ist Vergangenheit, und so kommt das<br \/>\ngigantische Tourismusprojekt des \u00c4gypters Samih Sawiris wie gerufen. Je nach<br \/>\nSichtweise.  <\/p>\n<p>Architektur gegen Berg<br \/>\nBei aktuellen Architekturprojekten im hochalpinen Raum schl\u00e4gt einem eine<br \/>\nVielzahl von Klischees entgegen. Angesichts der pr\u00e4gnanten \u00c4sthetik der Berge,<br \/>\nfragt man sich, wie hier ein Bauwerk seine Sichtbarkeit inszenieren kann und<br \/>\nsoll.  <\/p>\n<p>Der Hochsicherheitsberg<br \/>\nIm Invasionsfall h\u00e4tte sich das Schweizervolk ins Alpenr\u00e9duit zur\u00fcckziehen<br \/>\nsollen. Dort lagern jetzt stattdessen Daten von Unternehmen, die Sicherheit<br \/>\nsuchen. Ein Blick in die neuen Bunkerideen der Schweiz.  <\/p>\n<p>&#8218;Wir bauen unsere Wolkenkratzer horizontal in den Berg&#8216;<br \/>\nDer Film Sennentuntschi handelt von der z\u00fcgellosen Einsamkeit der Sennen.<br \/>\nRegisseur Michael Steiner spricht \u00fcber das Explosive an seinem Stoff, die<br \/>\nBergler-Mentalit\u00e4t und die Bedeutung des importierten Blicks von aussen f\u00fcr<br \/>\ndas Selbstverst\u00e4ndnis der Schweiz.  <\/p>","protected":false},"excerpt":{"rendered":"<p>Du &#8211; Mai 2010 Ausgabe Nr: 806 Eine Droge aus Stein Die Berge sind wieder modern; als Sportplatz wie als Sinnbild f\u00fcr eine heile Welt. Die neue Romantik gr\u00fcndet allerdings in h\u00f6chst unterschiedlichen Quellen. &#8218;Das romantische Bild der Alpen wird bleiben&#8216; Der Alpenmythos, im 18. Jahrhundert in englischen Salons entworfen, ist ein global erfolgreiches Sehnsuchtsmodell. [&#8230;]\n","protected":false},"featured_media":34989,"template":"","meta":[],"product_brand":[],"product_cat":[21541],"product_tag":[],"class_list":{"0":"post-146406","1":"product","2":"type-product","3":"status-publish","4":"has-post-thumbnail","6":"product_cat-zeitschriften","7":"pa_autor-du-magazin","8":"pa_erscheinungsjahr-21830","9":"pa_region-schweiz","10":"pa_sprache-de","12":"first","13":"instock","14":"taxable","15":"shipping-taxable","16":"purchasable","17":"product-type-simple"},"_links":{"self":[{"href":"https:\/\/pizbube.ch\/en\/wp-json\/wp\/v2\/product\/146406","targetHints":{"allow":["GET"]}}],"collection":[{"href":"https:\/\/pizbube.ch\/en\/wp-json\/wp\/v2\/product"}],"about":[{"href":"https:\/\/pizbube.ch\/en\/wp-json\/wp\/v2\/types\/product"}],"wp:featuredmedia":[{"embeddable":true,"href":"https:\/\/pizbube.ch\/en\/wp-json\/wp\/v2\/media\/34989"}],"wp:attachment":[{"href":"https:\/\/pizbube.ch\/en\/wp-json\/wp\/v2\/media?parent=146406"}],"wp:term":[{"taxonomy":"product_brand","embeddable":true,"href":"https:\/\/pizbube.ch\/en\/wp-json\/wp\/v2\/product_brand?post=146406"},{"taxonomy":"product_cat","embeddable":true,"href":"https:\/\/pizbube.ch\/en\/wp-json\/wp\/v2\/product_cat?post=146406"},{"taxonomy":"product_tag","embeddable":true,"href":"https:\/\/pizbube.ch\/en\/wp-json\/wp\/v2\/product_tag?post=146406"}],"curies":[{"name":"wp","href":"https:\/\/api.w.org\/{rel}","templated":true}]}}