{"id":146408,"date":"2021-01-15T10:53:43","date_gmt":"2021-01-15T10:53:43","guid":{"rendered":"https:\/\/codengine3.ch\/?product=import-placeholder-for-200326"},"modified":"2021-01-15T10:56:29","modified_gmt":"2021-01-15T10:56:29","slug":"l-alpe-79-paysages","status":"publish","type":"product","link":"https:\/\/pizbube.ch\/en\/shop\/l-alpe-79-paysages\/","title":{"rendered":"L&#8216; Alpe 79 &#8211; Paysages"},"content":{"rendered":"<p>Loin d\u2019\u00eatre des terrains vierges, les paysages alpins portent partout la main<br \/>\nde l\u2019homme. Ici travaill\u00e9s, l\u00e0 d\u00e9figur\u00e9s, ailleurs prot\u00e9g\u00e9s. Quel rapport \u00e0 la<br \/>\nnature les Alpins ont-ils entretenu au fil de l\u2019histoire ? \u00c0 quoi<br \/>\nressembleront les Alpes de demain ?<\/p>\n<p>Au sommaire du dossier :<\/p>\n<p>\u2013 Selon l\u2019historien Christophe Girot, deux grands arch\u00e9types principalement<br \/>\nont model\u00e9 jusqu\u2019ici nos conceptions du paysage : la clairi\u00e8re et le jardin<br \/>\nclos. Est-ce que ce sera aussi le cas demain ? Notre perception du paysage<br \/>\nchange, hier plus esth\u00e9tique et sentimentale, elle est aujourd\u2019hui plus<br \/>\nscientifique et \u00e9cologique. Christophe Girot s\u2019est int\u00e9ress\u00e9 \u00e0 la fa\u00e7on dont<br \/>\non a reconstitu\u00e9 un tertre dans le Tessin \u00e0 partir des tonnes de mat\u00e9riau<br \/>\nexcav\u00e9es lors de la construction du tunnel du Gothard. Comment reconstituer un<br \/>\npaysage ? Comment faire \u00ab naturel \u00bb ?<\/p>\n<p>\u2013 Paysage \u00ae Paysages, saison 2 ! Une op\u00e9ration culturelle de grande ampleur<br \/>\npropos\u00e9e par l\u2019association Laboratoire et le d\u00e9partement de l\u2019Is\u00e8re, qui<br \/>\ncroisent le regard d\u2019une trentaine d\u2019artistes, d\u2019architectes, d\u2019urbanistes, de<br \/>\npaysagistes sur les paysages d\u2019hiver, qu\u2019ils soient int\u00e9rieurs ou ext\u00e9rieurs,<br \/>\nnaturels ou urbains, sonores ou lumineux. Qu\u2019est-ce qui fait aujourd\u2019hui \u00ab<br \/>\npaysage \u00bb ? Expositions, installations, spectacles vivants, conf\u00e9rences :<br \/>\npendant trois mois, le d\u00e9partement se transformera en un v\u00e9ritable<br \/>\nlaboratoire.<\/p>\n<p>\u2013 Les Alpes de Jean de Beins. Ce grand b\u00e2tisseur du Dauphin\u00e9 est l\u2019un des<br \/>\np\u00e8res de la cartographie moderne. Au d\u00e9but du XVIIe si\u00e8cle, il a dress\u00e9 des<br \/>\ncartes du Dauphin\u00e9 et de ses confins, qui d\u00e9ploient toutes sortes de paysages<br \/>\net qui ont une valeur autant historique qu\u2019esth\u00e9tique.<\/p>\n<p>\u2013 Autour de la Suisse en 80 cartes : belles feuilles tir\u00e9es d\u2019un ouvrage du<br \/>\njournaliste et libraire britannique Diccon Bewes. Il retrace l\u2019histoire de la<br \/>\nSuisse et la perception de son territoire \u00e0 travers des cartes, depuis la<br \/>\npremi\u00e8re dat\u00e9e de 1480 la repr\u00e9sentant comme une \u00eele montagneuse au milieu<br \/>\nd\u2019un globe \u00e9toil\u00e9 \u00e0 des cr\u00e9ations graphiques contemporaines en passant par des<br \/>\nprojets utopiques, rest\u00e9s sans lendemain.<\/p>\n<p>\u2013 Les r\u00e9tro-paysages de Jean-Louis Roux. L\u2019auteur s\u2019est amus\u00e9 \u00e0 photographier<br \/>\nles montagnes dans ces miroirs pos\u00e9s en bord de route pour aider les<br \/>\nautomobilistes. Un regard comme on les aime : \u00e9tonnant, voire cocasse !<\/p>\n<p>\u2013 Portfolio : B\u00e9reng\u00e8re Desmettre. Tout \u00e0 la fois artiste, \u00e9crivain, mod\u00e8le et<br \/>\nmuse, elle nous d\u00e9voile un carnet de mots et d\u2019images sensibles sur le monde<br \/>\nalpin.<\/p>\n<p>Et aussi :<\/p>\n<p>\u2013 Il y a cinquante ans les J.O. se tenaient \u00e0 Grenoble, et Andr\u00e9 Malraux<br \/>\ninaugurait le Mus\u00e9e dauphinois dans ses nouveaux locaux. Retour sur ce double<br \/>\nanniversaire.<\/p>","protected":false},"excerpt":{"rendered":"<p>Loin d\u2019\u00eatre des terrains vierges, les paysages alpins portent partout la main de l\u2019homme. Ici travaill\u00e9s, l\u00e0 d\u00e9figur\u00e9s, ailleurs prot\u00e9g\u00e9s. Quel rapport \u00e0 la nature les Alpins ont-ils entretenu au fil de l\u2019histoire ? \u00c0 quoi ressembleront les Alpes de demain ? Au sommaire du dossier : \u2013 Selon l\u2019historien Christophe Girot, deux grands arch\u00e9types [&#8230;]\n","protected":false},"featured_media":26550,"template":"","meta":[],"product_brand":[],"product_cat":[21541],"product_tag":[],"class_list":{"0":"post-146408","1":"product","2":"type-product","3":"status-publish","4":"has-post-thumbnail","6":"product_cat-zeitschriften","7":"pa_autor-glenat","8":"pa_erscheinungsjahr-21574","9":"pa_region-frankreich","10":"pa_sprache-fr","12":"first","13":"instock","14":"taxable","15":"shipping-taxable","16":"purchasable","17":"product-type-simple"},"_links":{"self":[{"href":"https:\/\/pizbube.ch\/en\/wp-json\/wp\/v2\/product\/146408","targetHints":{"allow":["GET"]}}],"collection":[{"href":"https:\/\/pizbube.ch\/en\/wp-json\/wp\/v2\/product"}],"about":[{"href":"https:\/\/pizbube.ch\/en\/wp-json\/wp\/v2\/types\/product"}],"wp:featuredmedia":[{"embeddable":true,"href":"https:\/\/pizbube.ch\/en\/wp-json\/wp\/v2\/media\/26550"}],"wp:attachment":[{"href":"https:\/\/pizbube.ch\/en\/wp-json\/wp\/v2\/media?parent=146408"}],"wp:term":[{"taxonomy":"product_brand","embeddable":true,"href":"https:\/\/pizbube.ch\/en\/wp-json\/wp\/v2\/product_brand?post=146408"},{"taxonomy":"product_cat","embeddable":true,"href":"https:\/\/pizbube.ch\/en\/wp-json\/wp\/v2\/product_cat?post=146408"},{"taxonomy":"product_tag","embeddable":true,"href":"https:\/\/pizbube.ch\/en\/wp-json\/wp\/v2\/product_tag?post=146408"}],"curies":[{"name":"wp","href":"https:\/\/api.w.org\/{rel}","templated":true}]}}