{"id":146409,"date":"2021-01-15T10:53:43","date_gmt":"2021-01-15T10:53:43","guid":{"rendered":"https:\/\/codengine3.ch\/?product=import-placeholder-for-206786"},"modified":"2021-01-15T14:51:58","modified_gmt":"2021-01-15T14:51:58","slug":"rifugi-e-bivacchi-gli-imperdibili-delle-alpi","status":"publish","type":"product","link":"https:\/\/pizbube.ch\/en\/shop\/rifugi-e-bivacchi-gli-imperdibili-delle-alpi\/","title":{"rendered":"Rifugi e bivacchi &#8211; Gli imperdibili delle Alpi"},"content":{"rendered":"<p>Una selezione di oltre 50 strutture sull\u2019intero arco alpino, introdotte da un<br \/>\nsaggio storico-critico e approfondite attraverso schede monografiche,<br \/>\ncorredate da un ricco materiale iconografico, in gran parte inedito.<\/p>\n<p>Collocati in contesti estremi dal punto di vista ambientale, gli \u2018imperdibili\u2019<br \/>\ncondensano molteplici valori: storici, alpinistici, geografici, paesaggistici,<br \/>\narchitettonici, tecnologici, sociali. Un patrimonio collettivo da conoscere e<br \/>\nvalorizzare, per una frequentazione consapevole e per uno sviluppo<br \/>\nresponsabile della montagna.<\/p>\n<p>Indice testuale:<br \/>\nRifugio Piero Garelli (1990 m) &#8211; Rifugio Vallanta (2450 m) &#8211; Rifugio Quintino<br \/>\nSella (2640 m) &#8211; Refuge du Glacier Blanc (2542 m) &#8211; Refuge du Promontoire<br \/>\n(3092 m) &#8211; Refuge de l\u2019Aigle (3450 m) &#8211; Rifugi al Col de la Vanoise (2515 m) &#8211;<br \/>\nRifugio Vittorio Emanuele II (2732 m) &#8211; Refuge des Conscrits (2580 m) &#8211; Refuge<br \/>\nde la T\u00eate Rousse (3167 m) &#8211; Refuge de L\u2019Aiguille du Go\u00fbter (3835 m) &#8211; Refuge<br \/>\nJoseph Vallot (4387 m) &#8211; Refuge des &#8211; Grands Mulets (3057 m) &#8211; Refuge du<br \/>\nCouvercle (2687 m) &#8211;<\/p>\n<p>Refuge d\u2019Argenti\u00e8re (2771 m) &#8211; Rifugio Francesco Gonella (3071 m) &#8211; Rifugio<br \/>\nFranco Monzino (2590 m) &#8211; Bivacco Giusto Gervasutti (2835 m) &#8211; Rifugio Cesare<br \/>\nDalmazzi (2590 m) &#8211; Bivacchi tipo Ravelli e Apollonio &#8211; Bivouac du Dolent<br \/>\n(2667 m) &#8211; Grassenbiwak (2650 m) Stockhornbiwak (2598 m) &#8211; Bivacco Bruno<br \/>\nFerrario (2184 m) &#8211; I rifugi dell\u2019Heimatschutz &#8211; I rifugi di Jacob Eschenmoser<br \/>\n&#8211; Cabane Eug\u00e8ne Rambert (2580 m) &#8211; Cabane du V\u00e9lan (2642 m) &#8211; Wildstrubelh\u00fctte<br \/>\n(2793 m) &#8211; Cabane de Tracuit (3256 m) &#8211; Mischabeljochbiwak (3855 m) &#8211; I rifugi<br \/>\ndel Cervino &#8211; Rifugio Ottorino Mezzalama (3036 m) &#8211; Monte Rosa H\u00fctte (2883 m)<br \/>\n&#8211; Capanna Osservatorio Regina Margherita (4554 m) &#8211; Finsteraarhornh\u00fctte (3028<br \/>\nm) &#8211; Dammah\u00fctte (2439 m) &#8211;<\/p>\n<p>Planurah\u00fctte (2947 m) &#8211; Gr\u00fcnhornh\u00fctte (2448 m) &#8211; Capanna Cristallina (2575 m)<br \/>\n&#8211; Capanna Cadagno (1987 m) &#8211; Terrih\u00fctte \/ Camona da Terri (2170 m) &#8211; Rifugio<br \/>\nDamiano Marinelli &#8211; Luigi Bombardieri (2813 m) &#8211; Rifugio Marco e Rosa De<br \/>\nMarchi &#8211; Agostino Rocca (3609 m) &#8211; Tschiervah\u00fctte \/ Chamanna da Tschierva<br \/>\n(2584 m) &#8211; Rifugio ai Caduti dell\u2019Adamello (3040 m) &#8211; Rifugio Mantova al Vi\u00f2z<br \/>\n(3535 m) &#8211; Rifugio Francis Fox Tuckett &#8211; Quintino Sella (2272 m) &#8211; Rifugio<br \/>\nTommaso Pedrotti &#8211; Tosa (2491 m) &#8211; Rifugio Vajol\u00e8t (2243 m) &#8211; Rifugio Ponte di<br \/>\nGhiaccio \/ Edelrauth\u00fctte (2545 m) &#8211; Rifugio Venna alla Gerla &#8211; Europa \/<br \/>\nLandshuter Europah\u00fctte (2693 m) &#8211;<\/p>\n<p>Rifugio Monzoni &#8211; Torquato Taramelli (2046 m) &#8211; Rifugio Nuvolau (2574 m) &#8211;<br \/>\nOlpererh\u00fctte (2389 m) &#8211; St\u00fcdlh\u00fctte (2802 m) &#8211; Schiestlhaus am Hochschwab (2156<br \/>\nm) &#8211; Bivacco allo Stol (1580 m) &#8211; Bivacco al Kotovo Sedlo (2000 m) &#8211; Bivacco<br \/>\nPavle Kemperle (2104 m) &#8211; Bivacco allo Skuta (2070 m) &#8211; Bivacco al Kanin (2260<br \/>\nm).  <\/p>","protected":false},"excerpt":{"rendered":"<p>Una selezione di oltre 50 strutture sull\u2019intero arco alpino, introdotte da un saggio storico-critico e approfondite attraverso schede monografiche, corredate da un ricco materiale iconografico, in gran parte inedito. Collocati in contesti estremi dal punto di vista ambientale, gli \u2018imperdibili\u2019 condensano molteplici valori: storici, alpinistici, geografici, paesaggistici, architettonici, tecnologici, sociali. Un patrimonio collettivo da conoscere [&#8230;]\n","protected":false},"featured_media":36122,"template":"","meta":[],"product_brand":[],"product_cat":[21542],"product_tag":[],"class_list":{"0":"post-146409","1":"product","2":"type-product","3":"status-publish","4":"has-post-thumbnail","6":"product_cat-sachbuecher-dokumentationen","7":"pa_autor-dini-gibello-girodo","8":"pa_erscheinungsjahr-21546","9":"pa_region-italien","10":"pa_sprache-it","12":"first","13":"instock","14":"taxable","15":"shipping-taxable","16":"purchasable","17":"product-type-simple"},"_links":{"self":[{"href":"https:\/\/pizbube.ch\/en\/wp-json\/wp\/v2\/product\/146409","targetHints":{"allow":["GET"]}}],"collection":[{"href":"https:\/\/pizbube.ch\/en\/wp-json\/wp\/v2\/product"}],"about":[{"href":"https:\/\/pizbube.ch\/en\/wp-json\/wp\/v2\/types\/product"}],"wp:featuredmedia":[{"embeddable":true,"href":"https:\/\/pizbube.ch\/en\/wp-json\/wp\/v2\/media\/36122"}],"wp:attachment":[{"href":"https:\/\/pizbube.ch\/en\/wp-json\/wp\/v2\/media?parent=146409"}],"wp:term":[{"taxonomy":"product_brand","embeddable":true,"href":"https:\/\/pizbube.ch\/en\/wp-json\/wp\/v2\/product_brand?post=146409"},{"taxonomy":"product_cat","embeddable":true,"href":"https:\/\/pizbube.ch\/en\/wp-json\/wp\/v2\/product_cat?post=146409"},{"taxonomy":"product_tag","embeddable":true,"href":"https:\/\/pizbube.ch\/en\/wp-json\/wp\/v2\/product_tag?post=146409"}],"curies":[{"name":"wp","href":"https:\/\/api.w.org\/{rel}","templated":true}]}}