{"id":146411,"date":"2021-01-15T10:53:44","date_gmt":"2021-01-15T10:53:44","guid":{"rendered":"https:\/\/codengine3.ch\/?product=import-placeholder-for-200048"},"modified":"2026-01-28T10:50:13","modified_gmt":"2026-01-28T09:50:13","slug":"escaladas-faciles-en-picos-de-europa-fuente-de","status":"publish","type":"product","link":"https:\/\/pizbube.ch\/en\/shop\/escaladas-faciles-en-picos-de-europa-fuente-de\/","title":{"rendered":"Escaladas f\u00e1ciles en Picos de Europa (Fuente D\u00e9)"},"content":{"rendered":"<p>37 v\u00edas de escalada cl\u00e1sica del III al V grado<\/p>\n<p>La situaci\u00f3n geogr\u00e1fica de las v\u00edas que te presentamos se concentra en el macizo de los Urrielles o Central de Picos de Europa, la gran mayor\u00eda en torno a la estaci\u00f3n superior del telef\u00e9rico de Fuente D\u00e9, tambi\u00e9n denominada El Cable. Hemos elegido esta zona por la gran cantidad de v\u00edas f\u00e1ciles que podemos encontrar y por la facilidad de acceso que nos permite el telef\u00e9rico.<\/p>\n<p>Las v\u00edas rese\u00f1adas nunca exceden del V grado por lo que nos permitir\u00e1n disfrutar de la escalada sin demasiados apuros, casi siempre a trav\u00e9s del lV grado. Todas las descripciones se acompa\u00f1an de un detallado croquis, adem\u00e1s de fotograf\u00edas del comienzo de la v\u00eda y de los pasos m\u00e1s dif\u00edciles, as\u00ed como consejos sobre la manera de afrontarlos.<\/p>\n<p>Almost all routes are easily accessible from the top station of the cable car there &#8211; El Cable. The issue of access is thus significantly mitigated in the case of a corresponding undertaking.<br \/>\nAnother selection criterion for this guide was the degree of difficulty of the routes included. These lie between the 3rd and 5th degree. The longest path measures a proud 800 meters of climbing, the average is 100 &#8211; 200m.<br \/>\nAll the routes are described in detail. For this purpose, they have been divided into their individual lengths &#8211; among other things, information on grade, detailed description of the route, required and to be found material (mostly very manageable), alternatives to bypass difficult passages. The course of the path is also shown in color photos.<br \/>\nSketches for ascent and descent were omitted in the guide, but the corresponding descriptions are sufficient &#8211; as far as one is able to speak Spanish. Here lies the crux of the guide. Without sufficient knowledge of Spanish, one cannot avoid a dictionary.<\/p>\n<p>208 pages<br \/>\nLanguage Spanish<br \/>\nEdition 2013<\/p>","protected":false},"excerpt":{"rendered":"<p>37 v\u00edas de escalada cl\u00e1sica del III al V grado La situaci\u00f3n geogr\u00e1fica de las v\u00edas que te presentamos se concentra en el macizo de los Urrielles o Central de Picos de Europa, la gran mayor\u00eda en torno a la estaci\u00f3n superior del telef\u00e9rico de Fuente D\u00e9, tambi\u00e9n denominada El Cable. Hemos elegido esta zona [&#8230;]\n","protected":false},"featured_media":182993,"template":"","meta":[],"product_brand":[],"product_cat":[21539],"product_tag":[],"class_list":{"0":"post-146411","1":"product","2":"type-product","3":"status-publish","4":"has-post-thumbnail","6":"product_cat-fuehrerliteratur-sportklettern-bouldern","7":"pa_autor-lamoile","8":"pa_erscheinungsjahr-21568","9":"pa_region-spanien","10":"pa_sprache-es","12":"first","13":"instock","14":"taxable","15":"shipping-taxable","16":"purchasable","17":"product-type-simple"},"_links":{"self":[{"href":"https:\/\/pizbube.ch\/en\/wp-json\/wp\/v2\/product\/146411","targetHints":{"allow":["GET"]}}],"collection":[{"href":"https:\/\/pizbube.ch\/en\/wp-json\/wp\/v2\/product"}],"about":[{"href":"https:\/\/pizbube.ch\/en\/wp-json\/wp\/v2\/types\/product"}],"wp:featuredmedia":[{"embeddable":true,"href":"https:\/\/pizbube.ch\/en\/wp-json\/wp\/v2\/media\/182993"}],"wp:attachment":[{"href":"https:\/\/pizbube.ch\/en\/wp-json\/wp\/v2\/media?parent=146411"}],"wp:term":[{"taxonomy":"product_brand","embeddable":true,"href":"https:\/\/pizbube.ch\/en\/wp-json\/wp\/v2\/product_brand?post=146411"},{"taxonomy":"product_cat","embeddable":true,"href":"https:\/\/pizbube.ch\/en\/wp-json\/wp\/v2\/product_cat?post=146411"},{"taxonomy":"product_tag","embeddable":true,"href":"https:\/\/pizbube.ch\/en\/wp-json\/wp\/v2\/product_tag?post=146411"}],"curies":[{"name":"wp","href":"https:\/\/api.w.org\/{rel}","templated":true}]}}