{"id":146413,"date":"2021-01-15T10:53:44","date_gmt":"2021-01-15T10:53:44","guid":{"rendered":"https:\/\/codengine3.ch\/?product=import-placeholder-for-203094"},"modified":"2021-01-15T12:54:05","modified_gmt":"2021-01-15T12:54:05","slug":"picos-de-europa-universe-of-rock-vol-1","status":"publish","type":"product","link":"https:\/\/pizbube.ch\/en\/shop\/picos-de-europa-universe-of-rock-vol-1\/","title":{"rendered":"Picos de Europa Universe of Rock, Vol. 1"},"content":{"rendered":"<p>The Picos de Europa: a universe of rock, snow and light. This book offers s<br \/>\ntrip narrated with astonishing images. This first volume offers within its 76<br \/>\np. an areal path over the majestic Asturian Massiv with Naranjo de Bulnes.  <\/p>\n<p>Este primer volumen, al que acompa\u00f1ar\u00e1n dos m\u00e1s, ofrece un recorrido a\u00e9reo por<br \/>\nlos majestuosos macizos asturianos, sirva de ejemplo el impresionante<br \/>\ndesplegable del Picu Urriellu, al que acompa\u00f1a una cartograf\u00eda en 3D, para<br \/>\nposicionarnos virtualmente en cada uno de los picos.<\/p>","protected":false},"excerpt":{"rendered":"<p>The Picos de Europa: a universe of rock, snow and light. This book offers s trip narrated with astonishing images. This first volume offers within its 76 p. an areal path over the majestic Asturian Massiv with Naranjo de Bulnes. Este primer volumen, al que acompa\u00f1ar\u00e1n dos m\u00e1s, ofrece un recorrido a\u00e9reo por los majestuosos [&#8230;]\n","protected":false},"featured_media":30622,"template":"","meta":[],"product_brand":[],"product_cat":[21542],"product_tag":[],"class_list":{"0":"post-146413","1":"product","2":"type-product","3":"status-publish","4":"has-post-thumbnail","6":"product_cat-sachbuecher-dokumentationen","7":"pa_autor-ormeno","8":"pa_erscheinungsjahr-22292","9":"pa_region-spanien","10":"pa_sprache-e","11":"pa_sprache-f","12":"pa_sprache-sp","14":"first","15":"instock","16":"taxable","17":"shipping-taxable","18":"purchasable","19":"product-type-simple"},"_links":{"self":[{"href":"https:\/\/pizbube.ch\/en\/wp-json\/wp\/v2\/product\/146413","targetHints":{"allow":["GET"]}}],"collection":[{"href":"https:\/\/pizbube.ch\/en\/wp-json\/wp\/v2\/product"}],"about":[{"href":"https:\/\/pizbube.ch\/en\/wp-json\/wp\/v2\/types\/product"}],"wp:featuredmedia":[{"embeddable":true,"href":"https:\/\/pizbube.ch\/en\/wp-json\/wp\/v2\/media\/30622"}],"wp:attachment":[{"href":"https:\/\/pizbube.ch\/en\/wp-json\/wp\/v2\/media?parent=146413"}],"wp:term":[{"taxonomy":"product_brand","embeddable":true,"href":"https:\/\/pizbube.ch\/en\/wp-json\/wp\/v2\/product_brand?post=146413"},{"taxonomy":"product_cat","embeddable":true,"href":"https:\/\/pizbube.ch\/en\/wp-json\/wp\/v2\/product_cat?post=146413"},{"taxonomy":"product_tag","embeddable":true,"href":"https:\/\/pizbube.ch\/en\/wp-json\/wp\/v2\/product_tag?post=146413"}],"curies":[{"name":"wp","href":"https:\/\/api.w.org\/{rel}","templated":true}]}}