{"id":146414,"date":"2021-01-15T10:53:44","date_gmt":"2021-01-15T10:53:44","guid":{"rendered":"https:\/\/codengine3.ch\/?product=import-placeholder-for-201334"},"modified":"2023-08-11T15:52:15","modified_gmt":"2023-08-11T13:52:15","slug":"cordillera-cantabrica","status":"publish","type":"product","link":"https:\/\/pizbube.ch\/en\/shop\/cordillera-cantabrica\/","title":{"rendered":"Cordillera Cantabrica"},"content":{"rendered":"<p>Cordillera Cantabrica &#8211; Picos de Europa.<br \/>\nSpanish text guide to selected climbs in the Picos de Europa. Includes topos &amp;<br \/>\ncolour illustrations, plus campsite &amp; refuge information.<\/p>\n<p>Escaladas selectas en roca. 1200 v\u00edas de los Picos de Europa a la Babia.<br \/>\nDescribir geogr\u00e1ficamente Los Picos de Europa y toda la Cordillera Cant\u00e1brica<br \/>\ndesde el punto de vista del monta\u00f1ismo de dificultad, dar a conocer<br \/>\nescuetamente la historia y la evoluci\u00f3n de la escalada en sus distintos<br \/>\nmacizos y zonas deportivas y ofrecer la rese\u00f1a de las rutas m\u00e1s interesantes y<br \/>\nrecomendables.<\/p>\n<p>Se engloban en esta nueva idea las rutas equipadas seg\u00fan los criterios en los<br \/>\nque conviven la \u00e9tica y la seguridad. Son las v\u00edas de varios largos en las que<br \/>\nel material utilizado para su equipamiento es de la mejor calidad: parabolts y<br \/>\nqu\u00edmicos. Las reuniones ofrecen total seguridad y son rapelables normalmente.<br \/>\nPor otro lado desde la anterior edici\u00f3n de la gu\u00eda, se han creado en el \u00e1rea<br \/>\nde la Cordillera Cant\u00e1brica nuevas zonas donde practicar escalada deportiva y<br \/>\nen algunas de las que ya exist\u00edan la evoluci\u00f3n ha sido muy notable.<\/p>\n<p>2. edicion actualizada y ampliada 2005<\/p>","protected":false},"excerpt":{"rendered":"<p>Cordillera Cantabrica &#8211; Picos de Europa. Spanish text guide to selected climbs in the Picos de Europa. Includes topos &amp; colour illustrations, plus campsite &amp; refuge information. Escaladas selectas en roca. 1200 v\u00edas de los Picos de Europa a la Babia. Describir geogr\u00e1ficamente Los Picos de Europa y toda la Cordillera Cant\u00e1brica desde el punto [&#8230;]\n","protected":false},"featured_media":164567,"template":"","meta":[],"product_brand":[],"product_cat":[21539],"product_tag":[],"class_list":{"0":"post-146414","1":"product","2":"type-product","3":"status-publish","4":"has-post-thumbnail","6":"product_cat-fuehrerliteratur-sportklettern-bouldern","7":"pa_autor-adrados","8":"pa_erscheinungsjahr-21776","9":"pa_region-spanien","10":"pa_sprache-es","12":"first","13":"instock","14":"taxable","15":"shipping-taxable","16":"purchasable","17":"product-type-simple"},"_links":{"self":[{"href":"https:\/\/pizbube.ch\/en\/wp-json\/wp\/v2\/product\/146414","targetHints":{"allow":["GET"]}}],"collection":[{"href":"https:\/\/pizbube.ch\/en\/wp-json\/wp\/v2\/product"}],"about":[{"href":"https:\/\/pizbube.ch\/en\/wp-json\/wp\/v2\/types\/product"}],"wp:featuredmedia":[{"embeddable":true,"href":"https:\/\/pizbube.ch\/en\/wp-json\/wp\/v2\/media\/164567"}],"wp:attachment":[{"href":"https:\/\/pizbube.ch\/en\/wp-json\/wp\/v2\/media?parent=146414"}],"wp:term":[{"taxonomy":"product_brand","embeddable":true,"href":"https:\/\/pizbube.ch\/en\/wp-json\/wp\/v2\/product_brand?post=146414"},{"taxonomy":"product_cat","embeddable":true,"href":"https:\/\/pizbube.ch\/en\/wp-json\/wp\/v2\/product_cat?post=146414"},{"taxonomy":"product_tag","embeddable":true,"href":"https:\/\/pizbube.ch\/en\/wp-json\/wp\/v2\/product_tag?post=146414"}],"curies":[{"name":"wp","href":"https:\/\/api.w.org\/{rel}","templated":true}]}}