{"id":146415,"date":"2021-01-15T10:53:44","date_gmt":"2021-01-15T10:53:44","guid":{"rendered":"https:\/\/codengine3.ch\/?product=import-placeholder-for-203899"},"modified":"2021-01-15T14:27:41","modified_gmt":"2021-01-15T14:27:41","slug":"picos-de-europa-100-vias-de-escalada","status":"publish","type":"product","link":"https:\/\/pizbube.ch\/en\/shop\/picos-de-europa-100-vias-de-escalada\/","title":{"rendered":"Picos de Europa 100 v\u00edas de escalada"},"content":{"rendered":"<p>Una complet\u00edsima gu\u00eda de escalada en Picos de Europa, con una selecci\u00f3n de las<br \/>\n100 v\u00edas m\u00e1s representativas.<\/p>\n<p>Los criterios de elecci\u00f3n han sido diversos: belleza de la escalada en s\u00ed o de<br \/>\nsu entorno, la historia de la v\u00eda, dar a conocer una escalada interesante que<br \/>\na\u00fan no ha sido publicada y que merece ser repetida?<\/p>\n<p>La mayor\u00eda de las escaladas que se detallan son de car\u00e1cter rocoso, pero<br \/>\ntambi\u00e9n se ha incluido alguna invernal sobre nieve o hielo. Por otro lado, su<br \/>\nautor, Miguel \u00c1ngel Garc\u00eda Crespo, nos recuerda que en Picos existen otras<br \/>\nzonas muy interesantes y menos conocidas que merecen la pena tanto como el<br \/>\nNaranjo o Pe\u00f1a Santa.  <\/p>\n<p>Estos son los sectores que incluye:<br \/>\nLos Beyos; Vegarredonda; Vegahuerta; Valde\u00f3n; Collado Jermoso; Hoyo Grande;<br \/>\nVega de Liordes; Jou de los Cabrones; Vega de Urriello; Fuente D\u00e9;<br \/>\nFresnidiello; Cueto Agero<\/p>","protected":false},"excerpt":{"rendered":"<p>Una complet\u00edsima gu\u00eda de escalada en Picos de Europa, con una selecci\u00f3n de las 100 v\u00edas m\u00e1s representativas. Los criterios de elecci\u00f3n han sido diversos: belleza de la escalada en s\u00ed o de su entorno, la historia de la v\u00eda, dar a conocer una escalada interesante que a\u00fan no ha sido publicada y que merece [&#8230;]\n","protected":false},"featured_media":31609,"template":"","meta":[],"product_brand":[],"product_cat":[21539],"product_tag":[],"class_list":{"0":"post-146415","1":"product","2":"type-product","3":"status-publish","4":"has-post-thumbnail","6":"product_cat-fuehrerliteratur-sportklettern-bouldern","7":"pa_autor-garcia-crespo","8":"pa_erscheinungsjahr-21776","9":"pa_region-spanien","10":"pa_sprache-sp","12":"first","13":"outofstock","14":"taxable","15":"shipping-taxable","16":"purchasable","17":"product-type-simple"},"_links":{"self":[{"href":"https:\/\/pizbube.ch\/en\/wp-json\/wp\/v2\/product\/146415","targetHints":{"allow":["GET"]}}],"collection":[{"href":"https:\/\/pizbube.ch\/en\/wp-json\/wp\/v2\/product"}],"about":[{"href":"https:\/\/pizbube.ch\/en\/wp-json\/wp\/v2\/types\/product"}],"wp:featuredmedia":[{"embeddable":true,"href":"https:\/\/pizbube.ch\/en\/wp-json\/wp\/v2\/media\/31609"}],"wp:attachment":[{"href":"https:\/\/pizbube.ch\/en\/wp-json\/wp\/v2\/media?parent=146415"}],"wp:term":[{"taxonomy":"product_brand","embeddable":true,"href":"https:\/\/pizbube.ch\/en\/wp-json\/wp\/v2\/product_brand?post=146415"},{"taxonomy":"product_cat","embeddable":true,"href":"https:\/\/pizbube.ch\/en\/wp-json\/wp\/v2\/product_cat?post=146415"},{"taxonomy":"product_tag","embeddable":true,"href":"https:\/\/pizbube.ch\/en\/wp-json\/wp\/v2\/product_tag?post=146415"}],"curies":[{"name":"wp","href":"https:\/\/api.w.org\/{rel}","templated":true}]}}