{"id":146416,"date":"2021-01-15T10:53:44","date_gmt":"2021-01-15T10:53:44","guid":{"rendered":"https:\/\/codengine3.ch\/?product=import-placeholder-for-202376"},"modified":"2026-01-08T10:16:17","modified_gmt":"2026-01-08T09:16:17","slug":"escalada-en-roca-en-los-picos-de-europa","status":"publish","type":"product","link":"https:\/\/pizbube.ch\/en\/shop\/escalada-en-roca-en-los-picos-de-europa\/","title":{"rendered":"Escalada en roca en los Picos de Europa"},"content":{"rendered":"<p>Las rutas de escalada seleccionadas en esta gu\u00eda se encuentran en su totalidad<br \/>\ndentro de los l\u00edmites de lo que es el Parque Nacional de los Picos de Europa.<br \/>\n\u00c9ste abarca una zona muy amplia que lo mismo comprende amplias masas boscosas,<br \/>\nr\u00edos, pueblos o el terreno de la alta monta\u00f1a.<\/p>\n<p>La gu\u00eda se divide en sectores que atienden a un punto de salida concreto,<br \/>\ndesde el que se puede acceder a las rutas se\u00f1aladas a continuaci\u00f3n. Se han<br \/>\nse\u00f1alado las aproximaciones m\u00e1s normales y r\u00e1pidas para llegar a los refugios<br \/>\no a los lugares que van a servir de base para las escaladas. Incluye<br \/>\ngradaci\u00f3n, nombre de la v\u00eda, grado obligado, metros, horarios, material<br \/>\nespec\u00edfico, etc.<\/p>\n<p>Dimensiones: 12 cm x 17 cm<br \/>\nN\u00ba P\u00e1g.:300<br \/>\nIdiomas:Castellano<\/p>","protected":false},"excerpt":{"rendered":"<p>Las rutas de escalada seleccionadas en esta gu\u00eda se encuentran en su totalidad dentro de los l\u00edmites de lo que es el Parque Nacional de los Picos de Europa. \u00c9ste abarca una zona muy amplia que lo mismo comprende amplias masas boscosas, r\u00edos, pueblos o el terreno de la alta monta\u00f1a. La gu\u00eda se divide [&#8230;]\n","protected":false},"featured_media":162562,"template":"","meta":[],"product_brand":[],"product_cat":[21539],"product_tag":[],"class_list":{"0":"post-146416","1":"product","2":"type-product","3":"status-publish","4":"has-post-thumbnail","6":"product_cat-fuehrerliteratur-sportklettern-bouldern","7":"pa_autor-bengoechea-rodriguez","8":"pa_erscheinungsjahr-21693","9":"pa_region-spanien","10":"pa_sprache-sp","12":"first","13":"outofstock","14":"taxable","15":"shipping-taxable","16":"purchasable","17":"product-type-simple"},"_links":{"self":[{"href":"https:\/\/pizbube.ch\/en\/wp-json\/wp\/v2\/product\/146416","targetHints":{"allow":["GET"]}}],"collection":[{"href":"https:\/\/pizbube.ch\/en\/wp-json\/wp\/v2\/product"}],"about":[{"href":"https:\/\/pizbube.ch\/en\/wp-json\/wp\/v2\/types\/product"}],"wp:featuredmedia":[{"embeddable":true,"href":"https:\/\/pizbube.ch\/en\/wp-json\/wp\/v2\/media\/162562"}],"wp:attachment":[{"href":"https:\/\/pizbube.ch\/en\/wp-json\/wp\/v2\/media?parent=146416"}],"wp:term":[{"taxonomy":"product_brand","embeddable":true,"href":"https:\/\/pizbube.ch\/en\/wp-json\/wp\/v2\/product_brand?post=146416"},{"taxonomy":"product_cat","embeddable":true,"href":"https:\/\/pizbube.ch\/en\/wp-json\/wp\/v2\/product_cat?post=146416"},{"taxonomy":"product_tag","embeddable":true,"href":"https:\/\/pizbube.ch\/en\/wp-json\/wp\/v2\/product_tag?post=146416"}],"curies":[{"name":"wp","href":"https:\/\/api.w.org\/{rel}","templated":true}]}}