{"id":146417,"date":"2021-01-15T10:53:44","date_gmt":"2021-01-15T10:53:44","guid":{"rendered":"https:\/\/codengine3.ch\/?product=import-placeholder-for-205032"},"modified":"2021-01-15T14:38:11","modified_gmt":"2021-01-15T14:38:11","slug":"picos-de-europa-y-costa-oriental-de-asturias-1-80-000","status":"publish","type":"product","link":"https:\/\/pizbube.ch\/en\/shop\/picos-de-europa-y-costa-oriental-de-asturias-1-80-000\/","title":{"rendered":"Picos de Europa y Costa Oriental de Asturias 1: 80 000"},"content":{"rendered":"<p>And oriental Coast of Asturias<br \/>\nTopographic map with 50 hiking trails.  <\/p>\n<p>Mapa excursionista con 50 itinerarios pedestres.<br \/>\nEscala 1:80.000<br \/>\nMapa topogr\u00e1fico y excursionista de Los Picos de Europa y Costa Oriental de<br \/>\nAsturias. De escala 1:80.000 y con coordenadas U.T.M.<br \/>\nContiene 50 itinerarios pedestres.<br \/>\nRecoge las siguientes cumbres: Agero, Bermeja, Carri\u00e1, Horcados Rojos,<br \/>\nHultayu, Cabroneru, Cuern\u00f3n, Dobres, Jario&#8230;Tambi\u00e9n recoge los refugios de:<br \/>\nCaba\u00f1a de Patores, Caba\u00f1a Ver\u00f3nica, Caba\u00f1a Vig\u00f3n, Diego Mella, Pedro Pidal&#8230;<\/p>","protected":false},"excerpt":{"rendered":"<p>And oriental Coast of Asturias Topographic map with 50 hiking trails. Mapa excursionista con 50 itinerarios pedestres. Escala 1:80.000 Mapa topogr\u00e1fico y excursionista de Los Picos de Europa y Costa Oriental de Asturias. De escala 1:80.000 y con coordenadas U.T.M. Contiene 50 itinerarios pedestres. Recoge las siguientes cumbres: Agero, Bermeja, Carri\u00e1, Horcados Rojos, Hultayu, Cabroneru, [&#8230;]\n","protected":false},"featured_media":33618,"template":"","meta":[],"product_brand":[],"product_cat":[21543],"product_tag":[],"class_list":{"0":"post-146417","1":"product","2":"type-product","3":"status-publish","4":"has-post-thumbnail","6":"product_cat-landkarten","7":"pa_autor-adrados","8":"pa_erscheinungsjahr-21842","9":"pa_region-spanien","10":"pa_sprache-e","11":"pa_sprache-sp","13":"first","14":"instock","15":"taxable","16":"shipping-taxable","17":"purchasable","18":"product-type-simple"},"_links":{"self":[{"href":"https:\/\/pizbube.ch\/en\/wp-json\/wp\/v2\/product\/146417","targetHints":{"allow":["GET"]}}],"collection":[{"href":"https:\/\/pizbube.ch\/en\/wp-json\/wp\/v2\/product"}],"about":[{"href":"https:\/\/pizbube.ch\/en\/wp-json\/wp\/v2\/types\/product"}],"wp:featuredmedia":[{"embeddable":true,"href":"https:\/\/pizbube.ch\/en\/wp-json\/wp\/v2\/media\/33618"}],"wp:attachment":[{"href":"https:\/\/pizbube.ch\/en\/wp-json\/wp\/v2\/media?parent=146417"}],"wp:term":[{"taxonomy":"product_brand","embeddable":true,"href":"https:\/\/pizbube.ch\/en\/wp-json\/wp\/v2\/product_brand?post=146417"},{"taxonomy":"product_cat","embeddable":true,"href":"https:\/\/pizbube.ch\/en\/wp-json\/wp\/v2\/product_cat?post=146417"},{"taxonomy":"product_tag","embeddable":true,"href":"https:\/\/pizbube.ch\/en\/wp-json\/wp\/v2\/product_tag?post=146417"}],"curies":[{"name":"wp","href":"https:\/\/api.w.org\/{rel}","templated":true}]}}