{"id":146418,"date":"2021-01-15T10:53:44","date_gmt":"2021-01-15T10:53:44","guid":{"rendered":"https:\/\/codengine3.ch\/?product=import-placeholder-for-202821"},"modified":"2021-01-15T12:39:36","modified_gmt":"2021-01-15T12:39:36","slug":"picos-de-europa-el-cornion-1-25-000","status":"publish","type":"product","link":"https:\/\/pizbube.ch\/en\/shop\/picos-de-europa-el-cornion-1-25-000\/","title":{"rendered":"PICOS DE EUROPA, EL CORNION 1: 25 000"},"content":{"rendered":"<p>Mapa de similares caracter\u00edsticas a los editados por los Institutos<br \/>\nGeogr\u00e1ficos Franc\u00e9s o Suizo sobre los Alpes, con representaci\u00f3n del relieve a<br \/>\nbase de escarpes y sombreado y con curvas de nivel a 10 metros de<br \/>\nequidistancia. En este mapa se se\u00f1alan una serie de traves\u00edas y las entradas a<br \/>\nlas cavidades espeleol\u00f3gicas m\u00e1s importantes del macizo. En el reverso se<br \/>\nincluyen una lista de cumbres con una clave de localizaci\u00f3n en el mapa, un<br \/>\nmapa parcial de la regi\u00f3n con la situaci\u00f3n de la zona abarcada por el mapa<\/p>","protected":false},"excerpt":{"rendered":"<p>Mapa de similares caracter\u00edsticas a los editados por los Institutos Geogr\u00e1ficos Franc\u00e9s o Suizo sobre los Alpes, con representaci\u00f3n del relieve a base de escarpes y sombreado y con curvas de nivel a 10 metros de equidistancia. En este mapa se se\u00f1alan una serie de traves\u00edas y las entradas a las cavidades espeleol\u00f3gicas m\u00e1s importantes [&#8230;]\n","protected":false},"featured_media":30268,"template":"","meta":[],"product_brand":[],"product_cat":[21543],"product_tag":[],"class_list":{"0":"post-146418","1":"product","2":"type-product","3":"status-publish","4":"has-post-thumbnail","6":"product_cat-landkarten","7":"pa_autor-adrados","8":"pa_erscheinungsjahr-22144","9":"pa_region-spanien","10":"pa_sprache-sp","12":"first","13":"instock","14":"taxable","15":"shipping-taxable","16":"purchasable","17":"product-type-simple"},"_links":{"self":[{"href":"https:\/\/pizbube.ch\/en\/wp-json\/wp\/v2\/product\/146418","targetHints":{"allow":["GET"]}}],"collection":[{"href":"https:\/\/pizbube.ch\/en\/wp-json\/wp\/v2\/product"}],"about":[{"href":"https:\/\/pizbube.ch\/en\/wp-json\/wp\/v2\/types\/product"}],"wp:featuredmedia":[{"embeddable":true,"href":"https:\/\/pizbube.ch\/en\/wp-json\/wp\/v2\/media\/30268"}],"wp:attachment":[{"href":"https:\/\/pizbube.ch\/en\/wp-json\/wp\/v2\/media?parent=146418"}],"wp:term":[{"taxonomy":"product_brand","embeddable":true,"href":"https:\/\/pizbube.ch\/en\/wp-json\/wp\/v2\/product_brand?post=146418"},{"taxonomy":"product_cat","embeddable":true,"href":"https:\/\/pizbube.ch\/en\/wp-json\/wp\/v2\/product_cat?post=146418"},{"taxonomy":"product_tag","embeddable":true,"href":"https:\/\/pizbube.ch\/en\/wp-json\/wp\/v2\/product_tag?post=146418"}],"curies":[{"name":"wp","href":"https:\/\/api.w.org\/{rel}","templated":true}]}}