{"id":146419,"date":"2021-01-15T10:53:44","date_gmt":"2021-01-15T10:53:44","guid":{"rendered":"https:\/\/codengine3.ch\/?product=import-placeholder-for-202820"},"modified":"2021-01-15T12:39:35","modified_gmt":"2021-01-15T12:39:35","slug":"picos-de-europa-los-urrieles-y-andara-1-25-000","status":"publish","type":"product","link":"https:\/\/pizbube.ch\/en\/shop\/picos-de-europa-los-urrieles-y-andara-1-25-000\/","title":{"rendered":"PICOS DE EUROPA, LOS URRIELES Y ANDARA 1: 25 000"},"content":{"rendered":"<p>Mapa de similares caracter\u00edsticas a los editados por los Institutos<br \/>\nGeogr\u00e1ficos Franc\u00e9s o Suizo sobre los Alpes, con representaci\u00f3n del relieve a<br \/>\nbase de dibujo art\u00edstico de los escarpes y sombreado, y con curvas de nivel a<br \/>\n10 metros de equidistancia. En este mapa se se\u00f1alan una serie de traves\u00edas y<br \/>\nlas entradas a las cavidades espeleol\u00f3gicas m\u00e1s importantes del macizo. En el<br \/>\nreverso se incluyen una lista de cumbres con una clave de localizaci\u00f3n en el<br \/>\nmapa, un mapa parcial de la regi\u00f3n con la situaci\u00f3n de la zona abarcada por el<br \/>\nmapa<\/p>","protected":false},"excerpt":{"rendered":"<p>Mapa de similares caracter\u00edsticas a los editados por los Institutos Geogr\u00e1ficos Franc\u00e9s o Suizo sobre los Alpes, con representaci\u00f3n del relieve a base de dibujo art\u00edstico de los escarpes y sombreado, y con curvas de nivel a 10 metros de equidistancia. En este mapa se se\u00f1alan una serie de traves\u00edas y las entradas a las [&#8230;]\n","protected":false},"featured_media":30267,"template":"","meta":[],"product_brand":[],"product_cat":[21543],"product_tag":[],"class_list":{"0":"post-146419","1":"product","2":"type-product","3":"status-publish","4":"has-post-thumbnail","6":"product_cat-landkarten","7":"pa_autor-adrados","8":"pa_erscheinungsjahr-21621","9":"pa_region-spanien","10":"pa_sprache-sp","12":"first","13":"instock","14":"taxable","15":"shipping-taxable","16":"purchasable","17":"product-type-simple"},"_links":{"self":[{"href":"https:\/\/pizbube.ch\/en\/wp-json\/wp\/v2\/product\/146419","targetHints":{"allow":["GET"]}}],"collection":[{"href":"https:\/\/pizbube.ch\/en\/wp-json\/wp\/v2\/product"}],"about":[{"href":"https:\/\/pizbube.ch\/en\/wp-json\/wp\/v2\/types\/product"}],"wp:featuredmedia":[{"embeddable":true,"href":"https:\/\/pizbube.ch\/en\/wp-json\/wp\/v2\/media\/30267"}],"wp:attachment":[{"href":"https:\/\/pizbube.ch\/en\/wp-json\/wp\/v2\/media?parent=146419"}],"wp:term":[{"taxonomy":"product_brand","embeddable":true,"href":"https:\/\/pizbube.ch\/en\/wp-json\/wp\/v2\/product_brand?post=146419"},{"taxonomy":"product_cat","embeddable":true,"href":"https:\/\/pizbube.ch\/en\/wp-json\/wp\/v2\/product_cat?post=146419"},{"taxonomy":"product_tag","embeddable":true,"href":"https:\/\/pizbube.ch\/en\/wp-json\/wp\/v2\/product_tag?post=146419"}],"curies":[{"name":"wp","href":"https:\/\/api.w.org\/{rel}","templated":true}]}}