{"id":146422,"date":"2021-01-15T10:53:44","date_gmt":"2021-01-15T10:53:44","guid":{"rendered":"https:\/\/codengine3.ch\/?product=import-placeholder-for-207088"},"modified":"2024-02-28T17:43:21","modified_gmt":"2024-02-28T16:43:21","slug":"escaladas-faciles-en-picos-de-europa-vegarredonda","status":"publish","type":"product","link":"https:\/\/pizbube.ch\/en\/shop\/escaladas-faciles-en-picos-de-europa-vegarredonda\/","title":{"rendered":"Escaladas f\u00e1ciles en Picos de Europa &#8211; Vegarredonda"},"content":{"rendered":"<p>37 v\u00edas de escalada cl\u00e1sica de III a V grado<\/p>\n<p>Te presentamos una selecci\u00f3n de 37 v\u00edas de escalada cl\u00e1sica entre el III\u00ba y el<br \/>\nV\u00ba grado en el macizo del Corni\u00f3n u Occidental de los Picos de Europa. La<br \/>\nmayor\u00eda de las escaladas se sit\u00faan en el entorno del refugio de Vegarredonda,<br \/>\nlugar de referencia y punto de partida del acceso a las mismas.<\/p>\n<p>Una completa informaci\u00f3n para cada itinerario nos servir\u00e1 de ayuda para<br \/>\ndecidirnos a afrontar una nueva pared; croquis detallados, descripci\u00f3n de las<br \/>\nv\u00edas, fotograf\u00edas y consejos.<\/p>\n<p>Esta gu\u00eda de escalada pretende ser un referente para aquellos que empiezan, y<br \/>\nque no buscan tanto la dificultad y s\u00ed la belleza y plasticidad de la monta\u00f1a.<br \/>\nPorque como dijo Walter Schmid, \u00ablos inicios del alpinismo no han de ser<br \/>\ndif\u00edciles, sino bellos\u2026\u00bb.<\/p>","protected":false},"excerpt":{"rendered":"<p>37 v\u00edas de escalada cl\u00e1sica de III a V grado Te presentamos una selecci\u00f3n de 37 v\u00edas de escalada cl\u00e1sica entre el III\u00ba y el V\u00ba grado en el macizo del Corni\u00f3n u Occidental de los Picos de Europa. La mayor\u00eda de las escaladas se sit\u00faan en el entorno del refugio de Vegarredonda, lugar de [&#8230;]\n","protected":false},"featured_media":169931,"template":"","meta":[],"product_brand":[],"product_cat":[21539],"product_tag":[],"class_list":{"0":"post-146422","1":"product","2":"type-product","3":"status-publish","4":"has-post-thumbnail","6":"product_cat-fuehrerliteratur-sportklettern-bouldern","7":"pa_autor-lamoile","8":"pa_erscheinungsjahr-21597","9":"pa_region-spanien","10":"pa_sprache-es","12":"first","13":"instock","14":"taxable","15":"shipping-taxable","16":"purchasable","17":"product-type-simple"},"_links":{"self":[{"href":"https:\/\/pizbube.ch\/en\/wp-json\/wp\/v2\/product\/146422","targetHints":{"allow":["GET"]}}],"collection":[{"href":"https:\/\/pizbube.ch\/en\/wp-json\/wp\/v2\/product"}],"about":[{"href":"https:\/\/pizbube.ch\/en\/wp-json\/wp\/v2\/types\/product"}],"wp:featuredmedia":[{"embeddable":true,"href":"https:\/\/pizbube.ch\/en\/wp-json\/wp\/v2\/media\/169931"}],"wp:attachment":[{"href":"https:\/\/pizbube.ch\/en\/wp-json\/wp\/v2\/media?parent=146422"}],"wp:term":[{"taxonomy":"product_brand","embeddable":true,"href":"https:\/\/pizbube.ch\/en\/wp-json\/wp\/v2\/product_brand?post=146422"},{"taxonomy":"product_cat","embeddable":true,"href":"https:\/\/pizbube.ch\/en\/wp-json\/wp\/v2\/product_cat?post=146422"},{"taxonomy":"product_tag","embeddable":true,"href":"https:\/\/pizbube.ch\/en\/wp-json\/wp\/v2\/product_tag?post=146422"}],"curies":[{"name":"wp","href":"https:\/\/api.w.org\/{rel}","templated":true}]}}