{"id":146423,"date":"2021-01-15T10:53:44","date_gmt":"2021-01-15T10:53:44","guid":{"rendered":"https:\/\/codengine3.ch\/?product=import-placeholder-for-207941"},"modified":"2023-06-16T15:59:32","modified_gmt":"2023-06-16T13:59:32","slug":"escaladas-faciles-en-cordillera-cantabrica-y-picos-de-europa","status":"publish","type":"product","link":"https:\/\/pizbube.ch\/en\/shop\/escaladas-faciles-en-cordillera-cantabrica-y-picos-de-europa\/","title":{"rendered":"Escaladas f\u00e1ciles en Cordillera Cant\u00e1brica y Picos de Europa"},"content":{"rendered":"<p>42 v\u00edas de escalada cl\u00e1sica del III al V grado<\/p>\n<p>Carlos Lamoile nos propone una selecci\u00f3n de escaladas bellas, f\u00e1ciles y<br \/>\ncl\u00e1sicas en diferentes macizos y monta\u00f1as de la Cordillera Cant\u00e1brica, desde<br \/>\nlos Montes Vascos llenos de intensas paredes alpinas como Atxarte, Egino y<br \/>\nTxindoki, hasta el buc\u00f3lico entorno de los montes de Ria\u00f1o y la monta\u00f1a<br \/>\ncentral leonesa, pasando por la ic\u00f3nica costa c\u00e1ntabra, la cada vez m\u00e1s<br \/>\nconocida Monta\u00f1a Palentina y, c\u00f3mo no, nuestros intensos Picos de Europa.<\/p>\n<p>42 v\u00edas de escalada cl\u00e1sica con dificultad del III al IV grado que discurren<br \/>\npor diferentes tipos de roca, con aseguramiento est\u00e1tico m\u00e1s completo y, por<br \/>\ntanto, v\u00edas m\u00e1s seguras \u2013las denominadas \u00abv\u00edas placer\u00bb\u2013, incluso escaladas con<br \/>\nel mar bajo nuestros pies.<\/p>\n<p>Todas las v\u00edas propuestas se describen detalladamente largo a largo, con<br \/>\nfotograf\u00edas de los pasos clave y su correspondiente croquis. Tambi\u00e9n<br \/>\nencontrar\u00e1s toda la informaci\u00f3n sobre la aproximaci\u00f3n al pie de v\u00eda, datos de<br \/>\ninter\u00e9s y consejos sobre c\u00f3mo afrontar los pasos m\u00e1s dif\u00edciles.<\/p>","protected":false},"excerpt":{"rendered":"<p>42 v\u00edas de escalada cl\u00e1sica del III al V grado Carlos Lamoile nos propone una selecci\u00f3n de escaladas bellas, f\u00e1ciles y cl\u00e1sicas en diferentes macizos y monta\u00f1as de la Cordillera Cant\u00e1brica, desde los Montes Vascos llenos de intensas paredes alpinas como Atxarte, Egino y Txindoki, hasta el buc\u00f3lico entorno de los montes de Ria\u00f1o y [&#8230;]\n","protected":false},"featured_media":168057,"template":"","meta":[],"product_brand":[],"product_cat":[21539],"product_tag":[],"class_list":{"0":"post-146423","1":"product","2":"type-product","3":"status-publish","4":"has-post-thumbnail","6":"product_cat-fuehrerliteratur-sportklettern-bouldern","7":"pa_autor-lamoile","8":"pa_erscheinungsjahr-21574","9":"pa_region-spanien","10":"pa_sprache-es","12":"first","13":"instock","14":"taxable","15":"shipping-taxable","16":"purchasable","17":"product-type-simple"},"_links":{"self":[{"href":"https:\/\/pizbube.ch\/en\/wp-json\/wp\/v2\/product\/146423","targetHints":{"allow":["GET"]}}],"collection":[{"href":"https:\/\/pizbube.ch\/en\/wp-json\/wp\/v2\/product"}],"about":[{"href":"https:\/\/pizbube.ch\/en\/wp-json\/wp\/v2\/types\/product"}],"wp:featuredmedia":[{"embeddable":true,"href":"https:\/\/pizbube.ch\/en\/wp-json\/wp\/v2\/media\/168057"}],"wp:attachment":[{"href":"https:\/\/pizbube.ch\/en\/wp-json\/wp\/v2\/media?parent=146423"}],"wp:term":[{"taxonomy":"product_brand","embeddable":true,"href":"https:\/\/pizbube.ch\/en\/wp-json\/wp\/v2\/product_brand?post=146423"},{"taxonomy":"product_cat","embeddable":true,"href":"https:\/\/pizbube.ch\/en\/wp-json\/wp\/v2\/product_cat?post=146423"},{"taxonomy":"product_tag","embeddable":true,"href":"https:\/\/pizbube.ch\/en\/wp-json\/wp\/v2\/product_tag?post=146423"}],"curies":[{"name":"wp","href":"https:\/\/api.w.org\/{rel}","templated":true}]}}