{"id":146424,"date":"2021-01-15T10:53:44","date_gmt":"2021-01-15T10:53:44","guid":{"rendered":"https:\/\/codengine3.ch\/?product=import-placeholder-for-200049"},"modified":"2021-01-15T10:53:48","modified_gmt":"2021-01-15T10:53:48","slug":"escalade-a-la-pena-montanesa-escalada-en-la-pena-montanesa","status":"publish","type":"product","link":"https:\/\/pizbube.ch\/en\/shop\/escalade-a-la-pena-montanesa-escalada-en-la-pena-montanesa\/","title":{"rendered":"Escalade \u00e0 la Pe\u00f1a Monta\u00f1esa \/ Escalada en la Pe\u00f1a Monta\u00f1esa"},"content":{"rendered":"<p>Pe\u00f1a Monta\u00f1esa &#8211; Grimper autour d&#8217;A\u00ednsa (Arag\u00f3n)<br \/>\nSite de voies de plusieurs longueurs int\u00e9ressant pour ses voies du 6a au 6c et<br \/>\ndu 7a au 7c .<\/p>\n<p>Lieu : Espagne, Arag\u00f3n, Provincia de Huesca, A\u00ednsa, Oncins.<br \/>\nEquipement : terrain d&#8217;aventure, engag\u00e9<br \/>\nRocher : calcaire<\/p>\n<p>Esta edici\u00f3n corre a cargo de Chistian Ravier, R\u00e9mi Thivel y Olivier Delord,<br \/>\nquienes recogen todas las v\u00edas abiertas hasta el momento en una monta\u00f1a<br \/>\nemblem\u00e1tica en Sobrarbe, pero muy desconocida y exigente en cuanto a escalada<br \/>\nse refiere.<\/p>\n<p>A ello se suma un repaso a la historia de la escalada en la Pe\u00f1a Monta\u00f1esa y<br \/>\nuna aproximaci\u00f3n al atractivo que ha supuesto para los autores y, en general,<br \/>\npara muchos escaladores franceses y espa\u00f1oles, que han encontrado aqu\u00ed su<br \/>\npropio para\u00edso para la pr\u00e1ctica de este deporte.<\/p>\n<p>Las v\u00edas, repartidas por sectores, van acompa\u00f1adas de \u2018topos\u2019, fotograf\u00edas que<br \/>\nrecogen los diferentes recorridos, en torno a un centenar.  <\/p>","protected":false},"excerpt":{"rendered":"<p>Pe\u00f1a Monta\u00f1esa &#8211; Grimper autour d&#8217;A\u00ednsa (Arag\u00f3n) Site de voies de plusieurs longueurs int\u00e9ressant pour ses voies du 6a au 6c et du 7a au 7c . Lieu : Espagne, Arag\u00f3n, Provincia de Huesca, A\u00ednsa, Oncins. Equipement : terrain d&#8217;aventure, engag\u00e9 Rocher : calcaire Esta edici\u00f3n corre a cargo de Chistian Ravier, R\u00e9mi Thivel y [&#8230;]\n","protected":false},"featured_media":25787,"template":"","meta":[],"product_brand":[],"product_cat":[21539],"product_tag":[],"class_list":{"0":"post-146424","1":"product","2":"type-product","3":"status-publish","4":"has-post-thumbnail","6":"product_cat-fuehrerliteratur-sportklettern-bouldern","7":"pa_autor-ravier-thivel-delord","8":"pa_erscheinungsjahr-21574","9":"pa_region-spanien","10":"pa_sprache-es-fr","12":"first","13":"instock","14":"taxable","15":"shipping-taxable","16":"purchasable","17":"product-type-simple"},"_links":{"self":[{"href":"https:\/\/pizbube.ch\/en\/wp-json\/wp\/v2\/product\/146424","targetHints":{"allow":["GET"]}}],"collection":[{"href":"https:\/\/pizbube.ch\/en\/wp-json\/wp\/v2\/product"}],"about":[{"href":"https:\/\/pizbube.ch\/en\/wp-json\/wp\/v2\/types\/product"}],"wp:featuredmedia":[{"embeddable":true,"href":"https:\/\/pizbube.ch\/en\/wp-json\/wp\/v2\/media\/25787"}],"wp:attachment":[{"href":"https:\/\/pizbube.ch\/en\/wp-json\/wp\/v2\/media?parent=146424"}],"wp:term":[{"taxonomy":"product_brand","embeddable":true,"href":"https:\/\/pizbube.ch\/en\/wp-json\/wp\/v2\/product_brand?post=146424"},{"taxonomy":"product_cat","embeddable":true,"href":"https:\/\/pizbube.ch\/en\/wp-json\/wp\/v2\/product_cat?post=146424"},{"taxonomy":"product_tag","embeddable":true,"href":"https:\/\/pizbube.ch\/en\/wp-json\/wp\/v2\/product_tag?post=146424"}],"curies":[{"name":"wp","href":"https:\/\/api.w.org\/{rel}","templated":true}]}}