{"id":146425,"date":"2021-01-15T10:53:44","date_gmt":"2021-01-15T10:53:44","guid":{"rendered":"https:\/\/codengine3.ch\/?product=import-placeholder-for-206395"},"modified":"2021-01-15T14:48:39","modified_gmt":"2021-01-15T14:48:39","slug":"escalada-en-castellon","status":"publish","type":"product","link":"https:\/\/pizbube.ch\/en\/shop\/escalada-en-castellon\/","title":{"rendered":"Escalada en Castell\u00f3n"},"content":{"rendered":"<p>Gu\u00eda de escalada en Castell\u00f3n, contiene las siguientes zonas: Contiene las<br \/>\nsiguientes zonas: J\u00e9rica, Pe\u00f1as Aragonesas, Tales, Fuentes de Ayodar,<br \/>\nLlavalasar, Vallat, El Castellet, La Cantera, Borriol, Orpesa, La Rambla,<br \/>\nAtzeneta del Maestrat, Penyagolosa, Barranc de la Guitarra, Sarratella, Culla,<br \/>\nTorreblanca, Murs, Torre Badun, Peny\u00edscola, La Pedrera, Morral de l\u2019Angel,<br \/>\nXert, Rosell, Morella-Forcall, La Gotera.  <\/p>","protected":false},"excerpt":{"rendered":"<p>Gu\u00eda de escalada en Castell\u00f3n, contiene las siguientes zonas: Contiene las siguientes zonas: J\u00e9rica, Pe\u00f1as Aragonesas, Tales, Fuentes de Ayodar, Llavalasar, Vallat, El Castellet, La Cantera, Borriol, Orpesa, La Rambla, Atzeneta del Maestrat, Penyagolosa, Barranc de la Guitarra, Sarratella, Culla, Torreblanca, Murs, Torre Badun, Peny\u00edscola, La Pedrera, Morral de l\u2019Angel, Xert, Rosell, Morella-Forcall, La Gotera.<\/p>","protected":false},"featured_media":35418,"template":"","meta":[],"product_brand":[],"product_cat":[21539],"product_tag":[],"class_list":{"0":"post-146425","1":"product","2":"type-product","3":"status-publish","4":"has-post-thumbnail","6":"product_cat-fuehrerliteratur-sportklettern-bouldern","7":"pa_autor-alfonso","8":"pa_erscheinungsjahr-21830","9":"pa_region-spanien","10":"pa_sprache-sp","12":"first","13":"instock","14":"taxable","15":"shipping-taxable","16":"purchasable","17":"product-type-simple"},"_links":{"self":[{"href":"https:\/\/pizbube.ch\/en\/wp-json\/wp\/v2\/product\/146425","targetHints":{"allow":["GET"]}}],"collection":[{"href":"https:\/\/pizbube.ch\/en\/wp-json\/wp\/v2\/product"}],"about":[{"href":"https:\/\/pizbube.ch\/en\/wp-json\/wp\/v2\/types\/product"}],"wp:featuredmedia":[{"embeddable":true,"href":"https:\/\/pizbube.ch\/en\/wp-json\/wp\/v2\/media\/35418"}],"wp:attachment":[{"href":"https:\/\/pizbube.ch\/en\/wp-json\/wp\/v2\/media?parent=146425"}],"wp:term":[{"taxonomy":"product_brand","embeddable":true,"href":"https:\/\/pizbube.ch\/en\/wp-json\/wp\/v2\/product_brand?post=146425"},{"taxonomy":"product_cat","embeddable":true,"href":"https:\/\/pizbube.ch\/en\/wp-json\/wp\/v2\/product_cat?post=146425"},{"taxonomy":"product_tag","embeddable":true,"href":"https:\/\/pizbube.ch\/en\/wp-json\/wp\/v2\/product_tag?post=146425"}],"curies":[{"name":"wp","href":"https:\/\/api.w.org\/{rel}","templated":true}]}}