{"id":146426,"date":"2021-01-15T10:53:44","date_gmt":"2021-01-15T10:53:44","guid":{"rendered":"https:\/\/codengine3.ch\/?product=import-placeholder-for-200180"},"modified":"2021-01-15T10:55:05","modified_gmt":"2021-01-15T10:55:05","slug":"grimpe-en-vallees-daure-et-du-cinca","status":"publish","type":"product","link":"https:\/\/pizbube.ch\/en\/shop\/grimpe-en-vallees-daure-et-du-cinca\/","title":{"rendered":"Grimpe en vall\u00e9es d&#8217;Aure et du Cinca"},"content":{"rendered":"<p>L\u2019ouvrage cr\u00e9\u00e9 par l\u2019Association Aure Vertical est le fruit de plus de 30 ans<br \/>\nde grimpe et d\u2019\u00e9quipement des grimpeurs des Vall\u00e9es d\u2019Aure et du Cinca dans<br \/>\nles Hautes-Pyr\u00e9n\u00e9es et l\u2019Aragon espagnol.<\/p>\n<p>Il d\u00e9crit tous les couennes \u00e9quip\u00e9es situ\u00e9s en vall\u00e9e d&#8217;Aure et en vall\u00e9e de<br \/>\nCinca: Cad\u00e9ac-les-Bains , P\u00e8ne de la Soula, P\u00e8ne de Toue, Spugue de Las Ar\u00e8s,<br \/>\nOueil Lusent, G\u00e9nos, Gr\u00e9zian, Le Spot, Lortet, P\u00e8ne Basse, P\u00e8ne Haute, Piau-<br \/>\nEngaly, Ris, Sarrancolin, Suberp\u00e8ne, Bielsa, Las Devotas, Super Devotas,<br \/>\nRevilla, Tella<\/p>","protected":false},"excerpt":{"rendered":"<p>L\u2019ouvrage cr\u00e9\u00e9 par l\u2019Association Aure Vertical est le fruit de plus de 30 ans de grimpe et d\u2019\u00e9quipement des grimpeurs des Vall\u00e9es d\u2019Aure et du Cinca dans les Hautes-Pyr\u00e9n\u00e9es et l\u2019Aragon espagnol. Il d\u00e9crit tous les couennes \u00e9quip\u00e9es situ\u00e9s en vall\u00e9e d&#8217;Aure et en vall\u00e9e de Cinca: Cad\u00e9ac-les-Bains , P\u00e8ne de la Soula, P\u00e8ne de [&#8230;]\n","protected":false},"featured_media":26144,"template":"","meta":[],"product_brand":[],"product_cat":[21539],"product_tag":[],"class_list":{"0":"post-146426","1":"product","2":"type-product","3":"status-publish","4":"has-post-thumbnail","6":"product_cat-fuehrerliteratur-sportklettern-bouldern","7":"pa_autor-aure-vertical","8":"pa_erscheinungsjahr-21597","9":"pa_region-frankreich","10":"pa_sprache-fr","12":"first","13":"instock","14":"taxable","15":"shipping-taxable","16":"purchasable","17":"product-type-simple"},"_links":{"self":[{"href":"https:\/\/pizbube.ch\/en\/wp-json\/wp\/v2\/product\/146426","targetHints":{"allow":["GET"]}}],"collection":[{"href":"https:\/\/pizbube.ch\/en\/wp-json\/wp\/v2\/product"}],"about":[{"href":"https:\/\/pizbube.ch\/en\/wp-json\/wp\/v2\/types\/product"}],"wp:featuredmedia":[{"embeddable":true,"href":"https:\/\/pizbube.ch\/en\/wp-json\/wp\/v2\/media\/26144"}],"wp:attachment":[{"href":"https:\/\/pizbube.ch\/en\/wp-json\/wp\/v2\/media?parent=146426"}],"wp:term":[{"taxonomy":"product_brand","embeddable":true,"href":"https:\/\/pizbube.ch\/en\/wp-json\/wp\/v2\/product_brand?post=146426"},{"taxonomy":"product_cat","embeddable":true,"href":"https:\/\/pizbube.ch\/en\/wp-json\/wp\/v2\/product_cat?post=146426"},{"taxonomy":"product_tag","embeddable":true,"href":"https:\/\/pizbube.ch\/en\/wp-json\/wp\/v2\/product_tag?post=146426"}],"curies":[{"name":"wp","href":"https:\/\/api.w.org\/{rel}","templated":true}]}}