{"id":146427,"date":"2021-01-15T10:53:44","date_gmt":"2021-01-15T10:53:44","guid":{"rendered":"https:\/\/codengine3.ch\/?product=import-placeholder-for-200468"},"modified":"2026-03-10T14:37:16","modified_gmt":"2026-03-10T13:37:16","slug":"montrebei","status":"publish","type":"product","link":"https:\/\/pizbube.ch\/en\/shop\/montrebei\/","title":{"rendered":"Montrebei"},"content":{"rendered":"<p>Pared de Aragon &amp; Paret de Catalunya<\/p>\n<p>Montrebei is well known for its spectacular gorge (the Congost de Mont-rebei)<br \/>\nand numerous ravine walkways. It divides Catalonia from Aragon in Spain, north<br \/>\nof Lleida and east of Huesca. The climbing is on high limestone walls centred<br \/>\nalong the Pared (wall) de Aragon and the Paret de Catalunya.<\/p>\n<p>The Pared de Aragon section of the guidebook also includes the sectors Pared<br \/>\nde los Moros and la Muralla. The Paret de Catalunya section includes Agulla<br \/>\ndel Forat, Espero Espereste, Aguja de San Martin, el Gendarme, and el Congost<br \/>\nde Montrebei.<\/p>\n<p>This is a 400 page, 2016 colour topo guidebook in Spanish.<\/p>\n<p>Esta gu\u00eda empieza por los dos lados, por uno, la pared de Arag\u00f3n y por el otro<br \/>\nla paret de Catalunya y las dos partes se encuentran en la mitad. Contiene<br \/>\nintroducci\u00f3n e historia de cada parte y m\u00e1s de 170 rese\u00f1as con fotos de las<br \/>\nparedes para localizar los itinerarios.<\/p>\n<p>La parte de la pared de Arag\u00f3n (96 croquis, 164 p\u00e1ginas) trata de :<\/p>\n<p>Introducci\u00f3n<br \/>\nPared de los moros<br \/>\nSector Muralla<\/p>\n<p>La parte de la paret de Catalunya (168 croquis, 251 p\u00e1ginas) contiene:<\/p>\n<p>Agulla del Forat<br \/>\nEsper\u00f3 Espereste<br \/>\nAguja de San Mart\u00edn<br \/>\nEl Gendarme<br \/>\nCongos de Montrebei<br \/>\nPARET DE CATALUNY<\/p>","protected":false},"excerpt":{"rendered":"<p>Pared de Aragon &amp; Paret de Catalunya Montrebei is well known for its spectacular gorge (the Congost de Mont-rebei) and numerous ravine walkways. It divides Catalonia from Aragon in Spain, north of Lleida and east of Huesca. The climbing is on high limestone walls centred along the Pared (wall) de Aragon and the Paret de [&#8230;]\n","protected":false},"featured_media":159582,"template":"","meta":[],"product_brand":[],"product_cat":[21539],"product_tag":[],"class_list":{"0":"post-146427","1":"product","2":"type-product","3":"status-publish","4":"has-post-thumbnail","6":"product_cat-fuehrerliteratur-sportklettern-bouldern","7":"pa_autor-alfonso","8":"pa_erscheinungsjahr-21571","9":"pa_region-spanien","10":"pa_sprache-es","12":"first","13":"instock","14":"taxable","15":"shipping-taxable","16":"purchasable","17":"product-type-simple"},"_links":{"self":[{"href":"https:\/\/pizbube.ch\/en\/wp-json\/wp\/v2\/product\/146427","targetHints":{"allow":["GET"]}}],"collection":[{"href":"https:\/\/pizbube.ch\/en\/wp-json\/wp\/v2\/product"}],"about":[{"href":"https:\/\/pizbube.ch\/en\/wp-json\/wp\/v2\/types\/product"}],"wp:featuredmedia":[{"embeddable":true,"href":"https:\/\/pizbube.ch\/en\/wp-json\/wp\/v2\/media\/159582"}],"wp:attachment":[{"href":"https:\/\/pizbube.ch\/en\/wp-json\/wp\/v2\/media?parent=146427"}],"wp:term":[{"taxonomy":"product_brand","embeddable":true,"href":"https:\/\/pizbube.ch\/en\/wp-json\/wp\/v2\/product_brand?post=146427"},{"taxonomy":"product_cat","embeddable":true,"href":"https:\/\/pizbube.ch\/en\/wp-json\/wp\/v2\/product_cat?post=146427"},{"taxonomy":"product_tag","embeddable":true,"href":"https:\/\/pizbube.ch\/en\/wp-json\/wp\/v2\/product_tag?post=146427"}],"curies":[{"name":"wp","href":"https:\/\/api.w.org\/{rel}","templated":true}]}}