{"id":146428,"date":"2021-01-15T10:53:44","date_gmt":"2021-01-15T10:53:44","guid":{"rendered":"https:\/\/codengine3.ch\/?product=import-placeholder-for-202810"},"modified":"2021-01-15T12:39:32","modified_gmt":"2021-01-15T12:39:32","slug":"guia-de-escalada-deportiva-benasque-y-alrededores","status":"publish","type":"product","link":"https:\/\/pizbube.ch\/en\/shop\/guia-de-escalada-deportiva-benasque-y-alrededores\/","title":{"rendered":"Gu\u00eda de escalada deportiva Benasque y alrededores"},"content":{"rendered":"<p>Topoguidebook: routes from 3a to 8b north of Huesca, Zaragoza,:<br \/>\nAIG\u00dcES PASES, PALESTRAS, PARED DEL PRISMA, TORRE DE MARFIL SACS, REMU\u00d1E, MURO<br \/>\nDE GUAYENTE, BORDA D&#8217;ARNALDET, CANT, RA Y BLOQUES DEL MEDIO DIA, VENTAMILLO.  <\/p>\n<p>En esta zona encontraremos muchas v\u00edas donde iniciarnos o donde confirmar<br \/>\nnuestros conocimientos de escalada, y esto se debe tanto a la gran cantidad de<br \/>\nitinerarios de nivel asequible (hasta sexto grado) como al buen equipamiento<br \/>\nde casi todas las v\u00edas. Cuenta con zonas como Remu\u00f1e, Ampri\u00fa o Sacs donde<br \/>\npoder dar nuestros primeros pasos de escalada.<br \/>\n\u00daltimamente, los nuevos itinerarios que van apareciendo por diferentes lugares<br \/>\nvan siendo de una dificultad un poco m\u00e1s elevada, d\u00e1ndonos la posibilidad de<br \/>\nescalar v\u00edas de grado medio con algunas en torno al s\u00e9ptimo grado. Ejemplo de<br \/>\nesto pueden ser sitios como Senarta, Guayente o el Congosto; todos ellos en<br \/>\ncaliza.<\/p>","protected":false},"excerpt":{"rendered":"<p>Topoguidebook: routes from 3a to 8b north of Huesca, Zaragoza,: AIG\u00dcES PASES, PALESTRAS, PARED DEL PRISMA, TORRE DE MARFIL SACS, REMU\u00d1E, MURO DE GUAYENTE, BORDA D&#8217;ARNALDET, CANT, RA Y BLOQUES DEL MEDIO DIA, VENTAMILLO. En esta zona encontraremos muchas v\u00edas donde iniciarnos o donde confirmar nuestros conocimientos de escalada, y esto se debe tanto a [&#8230;]\n","protected":false},"featured_media":30257,"template":"","meta":[],"product_brand":[],"product_cat":[21539],"product_tag":[],"class_list":{"0":"post-146428","1":"product","2":"type-product","3":"status-publish","4":"has-post-thumbnail","6":"product_cat-fuehrerliteratur-sportklettern-bouldern","7":"pa_autor-portillo","8":"pa_erscheinungsjahr-21763","9":"pa_region-spanien","10":"pa_sprache-sp","12":"first","13":"outofstock","14":"taxable","15":"shipping-taxable","16":"purchasable","17":"product-type-simple"},"_links":{"self":[{"href":"https:\/\/pizbube.ch\/en\/wp-json\/wp\/v2\/product\/146428","targetHints":{"allow":["GET"]}}],"collection":[{"href":"https:\/\/pizbube.ch\/en\/wp-json\/wp\/v2\/product"}],"about":[{"href":"https:\/\/pizbube.ch\/en\/wp-json\/wp\/v2\/types\/product"}],"wp:featuredmedia":[{"embeddable":true,"href":"https:\/\/pizbube.ch\/en\/wp-json\/wp\/v2\/media\/30257"}],"wp:attachment":[{"href":"https:\/\/pizbube.ch\/en\/wp-json\/wp\/v2\/media?parent=146428"}],"wp:term":[{"taxonomy":"product_brand","embeddable":true,"href":"https:\/\/pizbube.ch\/en\/wp-json\/wp\/v2\/product_brand?post=146428"},{"taxonomy":"product_cat","embeddable":true,"href":"https:\/\/pizbube.ch\/en\/wp-json\/wp\/v2\/product_cat?post=146428"},{"taxonomy":"product_tag","embeddable":true,"href":"https:\/\/pizbube.ch\/en\/wp-json\/wp\/v2\/product_tag?post=146428"}],"curies":[{"name":"wp","href":"https:\/\/api.w.org\/{rel}","templated":true}]}}