{"id":146430,"date":"2021-01-15T10:53:44","date_gmt":"2021-01-15T10:53:44","guid":{"rendered":"https:\/\/codengine3.ch\/?product=import-placeholder-for-204551"},"modified":"2021-01-15T14:34:22","modified_gmt":"2021-01-15T14:34:22","slug":"escaladas-al-norte-de-huesca","status":"publish","type":"product","link":"https:\/\/pizbube.ch\/en\/shop\/escaladas-al-norte-de-huesca\/","title":{"rendered":"Escaladas al norte de Huesca"},"content":{"rendered":"<p>\nLas sierras pr\u00f3ximas al norte de la ciudad de Huesca cuentan con numerosas y<br \/>\nvariadas paredes, muy interesantes para los escaladores. Sin embargo, no son<br \/>\ntan frecuentadas y conocidas como los mallos de Riglos o Vadiello, o Rodellar<br \/>\ny Alqu\u00e9zar en la sierra de Guara.  <\/p>\n<p>Todos los sectores rese\u00f1ados se encuentran cerca de Huesca. En escalada<br \/>\ndeportiva: Front\u00f3n de Gratal, Las Calmas, Bentu\u00e9 de Rasal y pico del \u00c1guila.<br \/>\nEn escalada cl\u00e1sica: la Pared de Bon\u00e9s. Otros sectores menos frecuentados,<br \/>\npero de cierto inter\u00e9s, son: Loarre, Ani\u00e9s, Mirador de Arguis o Belsu\u00e9.<br \/>\nTambi\u00e9n existen zonas muy poco frecuentadas donde la escalada cl\u00e1sica es<br \/>\nsin\u00f3nimo de aventura: pe\u00f1a del Fraile y pe\u00f1a Am\u00e1n, en el Salto de Rold\u00e1n.  <\/p>\n<p>La gu\u00eda incluye adem\u00e1s el entorno de Arguis.  <\/p>","protected":false},"excerpt":{"rendered":"<p>Las sierras pr\u00f3ximas al norte de la ciudad de Huesca cuentan con numerosas y variadas paredes, muy interesantes para los escaladores. Sin embargo, no son tan frecuentadas y conocidas como los mallos de Riglos o Vadiello, o Rodellar y Alqu\u00e9zar en la sierra de Guara. Todos los sectores rese\u00f1ados se encuentran cerca de Huesca. En [&#8230;]\n","protected":false},"featured_media":32627,"template":"","meta":[],"product_brand":[],"product_cat":[21539],"product_tag":[],"class_list":{"0":"post-146430","1":"product","2":"type-product","3":"status-publish","4":"has-post-thumbnail","6":"product_cat-fuehrerliteratur-sportklettern-bouldern","7":"pa_autor-buil-olivan","8":"pa_erscheinungsjahr-21586","9":"pa_region-spanien","10":"pa_sprache-es","12":"first","13":"instock","14":"taxable","15":"shipping-taxable","16":"purchasable","17":"product-type-simple"},"_links":{"self":[{"href":"https:\/\/pizbube.ch\/en\/wp-json\/wp\/v2\/product\/146430","targetHints":{"allow":["GET"]}}],"collection":[{"href":"https:\/\/pizbube.ch\/en\/wp-json\/wp\/v2\/product"}],"about":[{"href":"https:\/\/pizbube.ch\/en\/wp-json\/wp\/v2\/types\/product"}],"wp:featuredmedia":[{"embeddable":true,"href":"https:\/\/pizbube.ch\/en\/wp-json\/wp\/v2\/media\/32627"}],"wp:attachment":[{"href":"https:\/\/pizbube.ch\/en\/wp-json\/wp\/v2\/media?parent=146430"}],"wp:term":[{"taxonomy":"product_brand","embeddable":true,"href":"https:\/\/pizbube.ch\/en\/wp-json\/wp\/v2\/product_brand?post=146430"},{"taxonomy":"product_cat","embeddable":true,"href":"https:\/\/pizbube.ch\/en\/wp-json\/wp\/v2\/product_cat?post=146430"},{"taxonomy":"product_tag","embeddable":true,"href":"https:\/\/pizbube.ch\/en\/wp-json\/wp\/v2\/product_tag?post=146430"}],"curies":[{"name":"wp","href":"https:\/\/api.w.org\/{rel}","templated":true}]}}