{"id":146431,"date":"2021-01-15T10:53:44","date_gmt":"2021-01-15T10:53:44","guid":{"rendered":"https:\/\/codengine3.ch\/?product=import-placeholder-for-208522"},"modified":"2021-01-15T17:54:54","modified_gmt":"2021-01-15T17:54:54","slug":"jean-pierre-ravier-60-ans-de-pyreneisme","status":"publish","type":"product","link":"https:\/\/pizbube.ch\/en\/shop\/jean-pierre-ravier-60-ans-de-pyreneisme\/","title":{"rendered":"Jean &#038; Pierre Ravier &#8211; 60 ans de Pyr\u00e9n\u00e9isme"},"content":{"rendered":"<p>Jean &#038; Pierre Ravier, 60 ans de pyr\u00e9n\u00e9isme  <\/p>\n<p>Fr\u00e8res jumeaux n\u00e9s en 1933, Jean et Pierre Ravier forment la cord\u00e9e<br \/>\nembl\u00e9matique du pyr\u00e9n\u00e9isme du vingti\u00e8me si\u00e8cle. Autodidactes \u00e0 l\u2019apprentissage<br \/>\nfulgurant, ils ont ouvert les voies d\u2019escalade les plus c\u00e9l\u00e8bres des grands<br \/>\nmassifs pyr\u00e9n\u00e9ens, du Di\u00e8dre Nord-Est de la Grande Aiguille d\u2019Ansab\u00e8re au<br \/>\nDi\u00e8dre Jaune de la Face Nord du Vignemale, du Pilier de l\u2019Embarrad\u00e8re de<br \/>\nl\u2019Ossau \u00e0 la Face Sud du Tozal del Mallo en Aragon.<\/p>\n<p>Autant de \u00ab premi\u00e8res \u00bb parmi plusieurs centaines, essaim\u00e9es sur tous les<br \/>\nmassifs, m\u00eame les plus perdus, des Pyr\u00e9n\u00e9es fran\u00e7aises et espagnoles. Absence<br \/>\ntotale d\u2019entra\u00eenement, m\u00e9pris de l\u2019\u00e9quipement, refus des modes : le g\u00e9nie des<br \/>\nfr\u00e8res Ravier r\u00e9side dans une conception tr\u00e8s personnelle de la montagne,<br \/>\nbas\u00e9e avant tout sur l\u2019amiti\u00e9. Ce ne sont pas des alpinistes, mais bien des<br \/>\npyr\u00e9n\u00e9istes, attach\u00e9s \u00e0 l\u2019histoire du pyr\u00e9n\u00e9isme.<\/p>\n<p>Pour faire \u00e9cho aux grands explorateurs des Pyr\u00e9n\u00e9es, Louis Ramond de<br \/>\nCarbonni\u00e8res, Henry Russell, Franz Schrader, Jean Arlaud, Robert Ollivier et<br \/>\ntant d\u2019autres, ils ont toujours pris soin de prolonger leurs voies d\u2019escalade<br \/>\npar l\u2019\u00e9criture et la photographie. Cette m\u00e9moire de soixante ans aux Pyr\u00e9n\u00e9es<br \/>\nest rassembl\u00e9e ici pour la premi\u00e8re fois. Encordons-nous avec Pierre et Jean<br \/>\nqui ouvrent une nouvelle voie, dans leur propre m\u00e9moire, accompagn\u00e9s du<br \/>\nregrett\u00e9 Rainier Munsch, Bunny, qui met en perspective les grandes voies<br \/>\nRavier et de Jean-Fran\u00e7ois Labourie qui retrace la biographie des jumeaux,<br \/>\ndont la vie qui a le charme d\u2019une \u00e9pop\u00e9e, est vou\u00e9e \u00e0 l\u2019amour pur des<br \/>\nPyr\u00e9n\u00e9es\u2026<\/p>\n<p>Un ouvrage 22,5 x 23,5 cm, comprenant 372 pages imprim\u00e9es sur papier couch\u00e9<br \/>\nclassique Job mat 150 g, couverture pleine toile contrecoll\u00e9e sur carton avec<br \/>\nmarquage \u00e0 sec, jaquette, 450 photographies vernies imprim\u00e9es en bichromie et<br \/>\nquadrichromie.  <\/p>\n<p>Inclu: Apostilles \u00c0 L&#8217;ouvrage Jean &#038; Pierre Ravier &#8211; 60 Ans De Pyr\u00e9n\u00e9isme  <\/p>","protected":false},"excerpt":{"rendered":"<p>Jean &#038; Pierre Ravier, 60 ans de pyr\u00e9n\u00e9isme Fr\u00e8res jumeaux n\u00e9s en 1933, Jean et Pierre Ravier forment la cord\u00e9e embl\u00e9matique du pyr\u00e9n\u00e9isme du vingti\u00e8me si\u00e8cle. Autodidactes \u00e0 l\u2019apprentissage fulgurant, ils ont ouvert les voies d\u2019escalade les plus c\u00e9l\u00e8bres des grands massifs pyr\u00e9n\u00e9ens, du Di\u00e8dre Nord-Est de la Grande Aiguille d\u2019Ansab\u00e8re au Di\u00e8dre Jaune de [&#8230;]\n","protected":false},"featured_media":40443,"template":"","meta":[],"product_brand":[],"product_cat":[21542],"product_tag":[],"class_list":{"0":"post-146431","1":"product","2":"type-product","3":"status-publish","4":"has-post-thumbnail","6":"product_cat-sachbuecher-dokumentationen","7":"pa_autor-labourie-munsch","8":"pa_erscheinungsjahr-21763","9":"pa_region-frankreich","10":"pa_sprache-fr","12":"first","13":"instock","14":"taxable","15":"shipping-taxable","16":"purchasable","17":"product-type-simple"},"_links":{"self":[{"href":"https:\/\/pizbube.ch\/en\/wp-json\/wp\/v2\/product\/146431","targetHints":{"allow":["GET"]}}],"collection":[{"href":"https:\/\/pizbube.ch\/en\/wp-json\/wp\/v2\/product"}],"about":[{"href":"https:\/\/pizbube.ch\/en\/wp-json\/wp\/v2\/types\/product"}],"wp:featuredmedia":[{"embeddable":true,"href":"https:\/\/pizbube.ch\/en\/wp-json\/wp\/v2\/media\/40443"}],"wp:attachment":[{"href":"https:\/\/pizbube.ch\/en\/wp-json\/wp\/v2\/media?parent=146431"}],"wp:term":[{"taxonomy":"product_brand","embeddable":true,"href":"https:\/\/pizbube.ch\/en\/wp-json\/wp\/v2\/product_brand?post=146431"},{"taxonomy":"product_cat","embeddable":true,"href":"https:\/\/pizbube.ch\/en\/wp-json\/wp\/v2\/product_cat?post=146431"},{"taxonomy":"product_tag","embeddable":true,"href":"https:\/\/pizbube.ch\/en\/wp-json\/wp\/v2\/product_tag?post=146431"}],"curies":[{"name":"wp","href":"https:\/\/api.w.org\/{rel}","templated":true}]}}