{"id":146441,"date":"2021-01-15T10:53:44","date_gmt":"2021-01-15T10:53:44","guid":{"rendered":"https:\/\/codengine3.ch\/?product=import-placeholder-for-200051"},"modified":"2021-01-15T10:53:49","modified_gmt":"2021-01-15T10:53:49","slug":"wie-viel-wiegt-ein-berg-wissenschaft-ueber-der-baumgrenze","status":"publish","type":"product","link":"https:\/\/pizbube.ch\/en\/shop\/wie-viel-wiegt-ein-berg-wissenschaft-ueber-der-baumgrenze\/","title":{"rendered":"Wie viel wiegt ein Berg? &#8211; Wissenschaft \u00fcber der Baumgrenze"},"content":{"rendered":"<p>Wie lange \u00fcberlebt man, wenn man von einer Lawine versch\u00fcttet wird?<br \/>\nWarum k\u00f6nnen bolivianische oder tibetanische Kinder auf 4000 Metern H\u00f6he<br \/>\nFu\u00dfball spielen, ohne au\u00dfer Atem zu kommen?<br \/>\nBei welchem Luftdruck gelingt die perfekte H\u00fcttenpasta?<\/p>\n<p>F\u00fcr alle, die von majest\u00e4tischen Gipfeln und sonnenbeschienenen Almen tr\u00e4umen<br \/>\noder schon auf dem Weg dorthin sind &#8211; verbl\u00fcffende und atemberaubende<br \/>\nEinblicke in die Welt der Berge.<\/p>\n<p>Kurzum: Alles, was man \u00fcber das Leben in gro\u00dfen H\u00f6hen wissen muss&#8230;  <\/p>","protected":false},"excerpt":{"rendered":"<p>Wie lange \u00fcberlebt man, wenn man von einer Lawine versch\u00fcttet wird? Warum k\u00f6nnen bolivianische oder tibetanische Kinder auf 4000 Metern H\u00f6he Fu\u00dfball spielen, ohne au\u00dfer Atem zu kommen? Bei welchem Luftdruck gelingt die perfekte H\u00fcttenpasta? F\u00fcr alle, die von majest\u00e4tischen Gipfeln und sonnenbeschienenen Almen tr\u00e4umen oder schon auf dem Weg dorthin sind &#8211; verbl\u00fcffende und [&#8230;]\n","protected":false},"featured_media":39831,"template":"","meta":[],"product_brand":[],"product_cat":[21542],"product_tag":[],"class_list":{"0":"post-146441","1":"product","2":"type-product","3":"status-publish","4":"has-post-thumbnail","6":"product_cat-sachbuecher-dokumentationen","7":"pa_autor-pasotti","8":"pa_erscheinungsjahr-21574","9":"pa_region-deutschland","10":"pa_sprache-de","12":"first","13":"outofstock","14":"taxable","15":"shipping-taxable","16":"purchasable","17":"product-type-simple"},"_links":{"self":[{"href":"https:\/\/pizbube.ch\/en\/wp-json\/wp\/v2\/product\/146441","targetHints":{"allow":["GET"]}}],"collection":[{"href":"https:\/\/pizbube.ch\/en\/wp-json\/wp\/v2\/product"}],"about":[{"href":"https:\/\/pizbube.ch\/en\/wp-json\/wp\/v2\/types\/product"}],"wp:featuredmedia":[{"embeddable":true,"href":"https:\/\/pizbube.ch\/en\/wp-json\/wp\/v2\/media\/39831"}],"wp:attachment":[{"href":"https:\/\/pizbube.ch\/en\/wp-json\/wp\/v2\/media?parent=146441"}],"wp:term":[{"taxonomy":"product_brand","embeddable":true,"href":"https:\/\/pizbube.ch\/en\/wp-json\/wp\/v2\/product_brand?post=146441"},{"taxonomy":"product_cat","embeddable":true,"href":"https:\/\/pizbube.ch\/en\/wp-json\/wp\/v2\/product_cat?post=146441"},{"taxonomy":"product_tag","embeddable":true,"href":"https:\/\/pizbube.ch\/en\/wp-json\/wp\/v2\/product_tag?post=146441"}],"curies":[{"name":"wp","href":"https:\/\/api.w.org\/{rel}","templated":true}]}}