{"id":146442,"date":"2021-01-15T10:53:45","date_gmt":"2021-01-15T10:53:45","guid":{"rendered":"https:\/\/codengine3.ch\/?product=import-placeholder-for-207011"},"modified":"2021-01-15T14:54:18","modified_gmt":"2021-01-15T14:54:18","slug":"gipfelbuch-2","status":"publish","type":"product","link":"https:\/\/pizbube.ch\/en\/shop\/gipfelbuch-2\/","title":{"rendered":"Gipfelbuch"},"content":{"rendered":"<p>Das Gipfelbuch kl\u00e4rt auf einer Wanderung von den ersten Schritten bis zum<br \/>\nGipfel die alles entscheidenden Fragen des Bergg\u00e4ngers: Wie l\u00e4sst sich ein<br \/>\nKuhangriff vermeiden? Muss beim Wandern gegr\u00fc\u00dft werden? Welche Ausr\u00fcstung<br \/>\nbesa\u00df der \u00d6tzi? Was ist bitte ein Sackstich? Woher kommen die Spalten im<br \/>\nGletscher? Und wie imponiert man als Frau einem Extremkletterer? Ein Buch f\u00fcr<br \/>\nall jene, die beim Anblick eines Gipfels nicht mehr zu halten sind!<\/p>\n<p>Gipfelbuch &#8211; Die Kunst, auf einen Berg zu steigen, um dort gl\u00fccklich zu<br \/>\nwerden. Bergb\u00fccher gibt es in rauen Mengen. Viele davon sind Heldensagen von<br \/>\nSelbstdarstellern, Lehrpl\u00e4ne, Tourenb\u00fccher oder Bildb\u00e4nde namhafter<br \/>\nFelskolosse. Das Gipfelbuch dagegen widmet sich der Besteigung eines einzigen<br \/>\nBerges. Das Gipfelbuch kl\u00e4rt auf einer Wanderung von den ersten Schritten bis<br \/>\nzum Gipfel die entscheidenden Fragen des Bergg\u00e4ngers.  <\/p>\n<p>Wie l\u00e4sst sich ein Kuhangriff vermeiden, muss beim Wandern eigentlich gegr\u00fc\u00dft<br \/>\nwerden, welche Ausr\u00fcstung besa\u00df der \u00d6tzi? Was ist eigentlich ein Sackstich,<br \/>\nwoher kommen die Spalten im Gletscher, und wie imponiert man als Frau einem<br \/>\nExtremkletterer? Der Weg f\u00fchrt entlang der wundersamen Alpingeschichte direkt<br \/>\nhinein in die Absurdit\u00e4ten des modernen Bergtourismus&#8216; vom Potenz steigernden<br \/>\nSteinbockspray bis zum Murmeltierragout. Es ist das Buch f\u00fcr all jene, die<br \/>\nbeim Anblick eines Gipfels seufzen: &#8218;Ach, die Berge!&#8216;  <\/p>","protected":false},"excerpt":{"rendered":"<p>Das Gipfelbuch kl\u00e4rt auf einer Wanderung von den ersten Schritten bis zum Gipfel die alles entscheidenden Fragen des Bergg\u00e4ngers: Wie l\u00e4sst sich ein Kuhangriff vermeiden? Muss beim Wandern gegr\u00fc\u00dft werden? Welche Ausr\u00fcstung besa\u00df der \u00d6tzi? Was ist bitte ein Sackstich? Woher kommen die Spalten im Gletscher? Und wie imponiert man als Frau einem Extremkletterer? Ein [&#8230;]\n","protected":false},"featured_media":36588,"template":"","meta":[],"product_brand":[],"product_cat":[21542],"product_tag":[],"class_list":{"0":"post-146442","1":"product","2":"type-product","3":"status-publish","4":"has-post-thumbnail","6":"product_cat-sachbuecher-dokumentationen","7":"pa_autor-prantl","8":"pa_erscheinungsjahr-21550","9":"pa_region-deutschland","10":"pa_sprache-de","12":"first","13":"instock","14":"taxable","15":"shipping-taxable","16":"purchasable","17":"product-type-simple"},"_links":{"self":[{"href":"https:\/\/pizbube.ch\/en\/wp-json\/wp\/v2\/product\/146442","targetHints":{"allow":["GET"]}}],"collection":[{"href":"https:\/\/pizbube.ch\/en\/wp-json\/wp\/v2\/product"}],"about":[{"href":"https:\/\/pizbube.ch\/en\/wp-json\/wp\/v2\/types\/product"}],"wp:featuredmedia":[{"embeddable":true,"href":"https:\/\/pizbube.ch\/en\/wp-json\/wp\/v2\/media\/36588"}],"wp:attachment":[{"href":"https:\/\/pizbube.ch\/en\/wp-json\/wp\/v2\/media?parent=146442"}],"wp:term":[{"taxonomy":"product_brand","embeddable":true,"href":"https:\/\/pizbube.ch\/en\/wp-json\/wp\/v2\/product_brand?post=146442"},{"taxonomy":"product_cat","embeddable":true,"href":"https:\/\/pizbube.ch\/en\/wp-json\/wp\/v2\/product_cat?post=146442"},{"taxonomy":"product_tag","embeddable":true,"href":"https:\/\/pizbube.ch\/en\/wp-json\/wp\/v2\/product_tag?post=146442"}],"curies":[{"name":"wp","href":"https:\/\/api.w.org\/{rel}","templated":true}]}}