{"id":146443,"date":"2021-01-15T10:53:45","date_gmt":"2021-01-15T10:53:45","guid":{"rendered":"https:\/\/codengine3.ch\/?product=import-placeholder-for-200536"},"modified":"2021-01-15T10:58:34","modified_gmt":"2021-01-15T10:58:34","slug":"101-dinge-die-ein-bergsteiger-wissen-muss","status":"publish","type":"product","link":"https:\/\/pizbube.ch\/en\/shop\/101-dinge-die-ein-bergsteiger-wissen-muss\/","title":{"rendered":"101 Dinge die ein Bergsteiger wissen muss"},"content":{"rendered":"<p>Auf bestem Wege nach oben  <\/p>\n<p>Geballtes Bergwissen aus Expertenhand: Wer als Bergsteiger etwas auf sich<br \/>\nhalten m\u00f6chte, muss von diesen 101 Dingen zumindest schon mal geh\u00f6rt haben.<br \/>\nEgal ob Infos zu Ausr\u00fcstung und Technik, richtigem Verhalten und Geb\u00e4rden am<br \/>\nBerg oder Hintergrundwissen zu bekannten Alpinisten und Erstbesteigungen \u0096<br \/>\ndank alphabetischer Sortierung sind Wissensl\u00fccken schnell gef\u00fcllt. Und wer es<br \/>\nnicht eilig hat, darf gerne schm\u00f6kern!<br \/>\n192 Seiten, ca. 100 Abbildungen, Format 12,3 x 19,1 cm, Flexcover<\/p>","protected":false},"excerpt":{"rendered":"<p>Auf bestem Wege nach oben Geballtes Bergwissen aus Expertenhand: Wer als Bergsteiger etwas auf sich halten m\u00f6chte, muss von diesen 101 Dingen zumindest schon mal geh\u00f6rt haben. Egal ob Infos zu Ausr\u00fcstung und Technik, richtigem Verhalten und Geb\u00e4rden am Berg oder Hintergrundwissen zu bekannten Alpinisten und Erstbesteigungen \u0096 dank alphabetischer Sortierung sind Wissensl\u00fccken schnell gef\u00fcllt. [&#8230;]\n","protected":false},"featured_media":27219,"template":"","meta":[],"product_brand":[],"product_cat":[21542],"product_tag":[],"class_list":{"0":"post-146443","1":"product","2":"type-product","3":"status-publish","4":"has-post-thumbnail","6":"product_cat-sachbuecher-dokumentationen","7":"pa_autor-hohenester-dick","8":"pa_erscheinungsjahr-21550","9":"pa_region-deutschland","10":"pa_sprache-de","12":"first","13":"outofstock","14":"taxable","15":"shipping-taxable","16":"purchasable","17":"product-type-simple"},"_links":{"self":[{"href":"https:\/\/pizbube.ch\/en\/wp-json\/wp\/v2\/product\/146443","targetHints":{"allow":["GET"]}}],"collection":[{"href":"https:\/\/pizbube.ch\/en\/wp-json\/wp\/v2\/product"}],"about":[{"href":"https:\/\/pizbube.ch\/en\/wp-json\/wp\/v2\/types\/product"}],"wp:featuredmedia":[{"embeddable":true,"href":"https:\/\/pizbube.ch\/en\/wp-json\/wp\/v2\/media\/27219"}],"wp:attachment":[{"href":"https:\/\/pizbube.ch\/en\/wp-json\/wp\/v2\/media?parent=146443"}],"wp:term":[{"taxonomy":"product_brand","embeddable":true,"href":"https:\/\/pizbube.ch\/en\/wp-json\/wp\/v2\/product_brand?post=146443"},{"taxonomy":"product_cat","embeddable":true,"href":"https:\/\/pizbube.ch\/en\/wp-json\/wp\/v2\/product_cat?post=146443"},{"taxonomy":"product_tag","embeddable":true,"href":"https:\/\/pizbube.ch\/en\/wp-json\/wp\/v2\/product_tag?post=146443"}],"curies":[{"name":"wp","href":"https:\/\/api.w.org\/{rel}","templated":true}]}}