{"id":146444,"date":"2021-01-15T10:53:45","date_gmt":"2021-01-15T10:53:45","guid":{"rendered":"https:\/\/codengine3.ch\/?product=import-placeholder-for-206218"},"modified":"2021-01-15T14:47:20","modified_gmt":"2021-01-15T14:47:20","slug":"ueber-alle-berge-2","status":"publish","type":"product","link":"https:\/\/pizbube.ch\/en\/shop\/ueber-alle-berge-2\/","title":{"rendered":"\u00dcber alle Berge"},"content":{"rendered":"<p>Ein Handbuch nicht nur f\u00fcr Gipfelst\u00fcrmer  <\/p>\n<p>Unterhaltsam, augenzwinkernd und anekdotenreich f\u00fchrt der Autor alles<br \/>\nWissenswerte rund um die Gebirge der Welt auf. Am Wegesrand seiner alpinen<br \/>\nRoute liegen geologische Fakten, erstaunliche Leistungen, spektakul\u00e4re<br \/>\nExpeditionen, Kulturgeschichtliches und Abseitiges: die Berge als Sitz der<br \/>\nG\u00f6tter und im Dienst der Metaphorik (vom &#8218;Gipfeltreffen&#8216; bis zum &#8218;Gipfel der<br \/>\nLust&#8216;), unbekannte Glanzst\u00fccke des Alpinismus, wandernde Berge, sich<br \/>\nver\u00e4ndernde Gipfelh\u00f6hen und andere geologische Ph\u00e4nomene; Benimmregeln f\u00fcr<br \/>\nSchlafs\u00e4le in Alpenh\u00fctten, eine kleine Kulturgeschichte des Tiroler Gr\u00f6stls<br \/>\nund das beste Rezept f\u00fcr Gamscarpaccio.<br \/>\n256 Seiten; mit Abbildungen von Diana Lukas-N\u00fclle  <\/p>","protected":false},"excerpt":{"rendered":"<p>Ein Handbuch nicht nur f\u00fcr Gipfelst\u00fcrmer Unterhaltsam, augenzwinkernd und anekdotenreich f\u00fchrt der Autor alles Wissenswerte rund um die Gebirge der Welt auf. Am Wegesrand seiner alpinen Route liegen geologische Fakten, erstaunliche Leistungen, spektakul\u00e4re Expeditionen, Kulturgeschichtliches und Abseitiges: die Berge als Sitz der G\u00f6tter und im Dienst der Metaphorik (vom &#8218;Gipfeltreffen&#8216; bis zum &#8218;Gipfel der Lust&#8216;), [&#8230;]\n","protected":false},"featured_media":35181,"template":"","meta":[],"product_brand":[],"product_cat":[21629],"product_tag":[],"class_list":{"0":"post-146444","1":"product","2":"type-product","3":"status-publish","4":"has-post-thumbnail","6":"product_cat-belletristik","7":"pa_autor-herrmann","8":"pa_erscheinungsjahr-21830","9":"pa_region-deutschland","10":"pa_sprache-de","12":"first","13":"instock","14":"taxable","15":"shipping-taxable","16":"purchasable","17":"product-type-simple"},"_links":{"self":[{"href":"https:\/\/pizbube.ch\/en\/wp-json\/wp\/v2\/product\/146444","targetHints":{"allow":["GET"]}}],"collection":[{"href":"https:\/\/pizbube.ch\/en\/wp-json\/wp\/v2\/product"}],"about":[{"href":"https:\/\/pizbube.ch\/en\/wp-json\/wp\/v2\/types\/product"}],"wp:featuredmedia":[{"embeddable":true,"href":"https:\/\/pizbube.ch\/en\/wp-json\/wp\/v2\/media\/35181"}],"wp:attachment":[{"href":"https:\/\/pizbube.ch\/en\/wp-json\/wp\/v2\/media?parent=146444"}],"wp:term":[{"taxonomy":"product_brand","embeddable":true,"href":"https:\/\/pizbube.ch\/en\/wp-json\/wp\/v2\/product_brand?post=146444"},{"taxonomy":"product_cat","embeddable":true,"href":"https:\/\/pizbube.ch\/en\/wp-json\/wp\/v2\/product_cat?post=146444"},{"taxonomy":"product_tag","embeddable":true,"href":"https:\/\/pizbube.ch\/en\/wp-json\/wp\/v2\/product_tag?post=146444"}],"curies":[{"name":"wp","href":"https:\/\/api.w.org\/{rel}","templated":true}]}}