{"id":146445,"date":"2021-01-15T10:53:45","date_gmt":"2021-01-15T10:53:45","guid":{"rendered":"https:\/\/codengine3.ch\/?product=import-placeholder-for-207439"},"modified":"2026-03-21T15:04:56","modified_gmt":"2026-03-21T14:04:56","slug":"als-die-winter-noch-winter-waren","status":"publish","type":"product","link":"https:\/\/pizbube.ch\/en\/shop\/als-die-winter-noch-winter-waren\/","title":{"rendered":"Als die Winter noch Winter waren"},"content":{"rendered":"<p>Geschichte einer Jahreszeit<\/p>\n<p>Das Grauen vor dem ewigen Eis, die Sch\u00f6nheit unber\u00fchrter Schneelandschaften,<br \/>\ndie Sehnsucht nach winterlicher Reinheit, die Geburt des Alpinismus und des<br \/>\nWintersports \u2013 Bernd Brunner schreibt die erste Kulturgeschichte des Winters.<\/p>\n<p>W\u00e4hrend der letzten zwei Jahrhunderte hat sich unser Verh\u00e4ltnis zum Winter<br \/>\ngrundlegend ge\u00e4ndert. Fr\u00fcher diktierte das Wetter das Leben \u2013 heute sind wir<br \/>\ndavon weitgehend autark. 2015 gilt als w\u00e4rmstes Jahr seit Beginn der<br \/>\nAufzeichnungen; zu Weihnachten schwebten statt Schneef locken Haselpollen<br \/>\ndurch die Luft. Mancherorts bl\u00fchten sogar die Mandelb\u00e4ume.<\/p>\n<p>Bernd Brunner begibt sich auf die Suche nach Geschichten und Stimmungen des<br \/>\nWinters in verschiedene Weltgegenden und Zeiten, sogar bis zur\u00fcck zur Eiszeit.<br \/>\nDabei begegnen ihm viele spannende Ph\u00e4nomene, aber auch Menschen wie der<br \/>\nAmerikaner Wilson A. Bentley, ein Bewunderer des Schnees, der ausdauernd und<br \/>\nin m\u00fchevoller Kleinstarbeit 5381 Fotografien von Schneef locken gemacht hat.<br \/>\nWerner Herzog betrieb ausf\u00fchrliche Schneestudien, als er von M\u00fcnchen nach<br \/>\nParis wanderte, er notierte zahlreiche Beobachtungen in seinem Tagebuch. Ein<br \/>\nskurriles Ph\u00e4nomen stellt das \u00bbInuit-Paradox\u00ab da: Die Inuit ern\u00e4hren sich<br \/>\ntraditionell beinahe ausschlie\u00dflich von Fleisch. Ihren hohen Energiebedarf<br \/>\ndecken sie mithilfe eines besonderen Anpassungsmechanismus, der Fleisch in<br \/>\nTraubenzucker, der sonst aus Kohlenhydraten gewonnen wird, umwandelt.<\/p>\n<p>Aber auch die Gefahren des Schnees werden nicht verschwiegen:<br \/>\nOrientierungslosigkeit in der Schneew\u00fcste, Schneeblindheit, Lawinen sowie die<br \/>\ntr\u00fcgerische W\u00e4rme eines Schneehohlraums, der Tiere im Winterschlaf vor dem Tod<br \/>\nbewahrt, f\u00fcr Menschen hingegen lebensgef\u00e4hrlich ist.<\/p>\n<p>Spannend und kenntnisreich erz\u00e4hlt Brunner in seinem mit kulturhistorischen<br \/>\nund wahrnehmungsgeschichtlichen Fakten gespickten Buch von der Mythologie des<br \/>\nWinters.<\/p>","protected":false},"excerpt":{"rendered":"<p>Geschichte einer Jahreszeit Das Grauen vor dem ewigen Eis, die Sch\u00f6nheit unber\u00fchrter Schneelandschaften, die Sehnsucht nach winterlicher Reinheit, die Geburt des Alpinismus und des Wintersports \u2013 Bernd Brunner schreibt die erste Kulturgeschichte des Winters. W\u00e4hrend der letzten zwei Jahrhunderte hat sich unser Verh\u00e4ltnis zum Winter grundlegend ge\u00e4ndert. Fr\u00fcher diktierte das Wetter das Leben \u2013 heute [&#8230;]\n","protected":false},"featured_media":37434,"template":"","meta":[],"product_brand":[],"product_cat":[21542],"product_tag":[],"class_list":{"0":"post-146445","1":"product","2":"type-product","3":"status-publish","4":"has-post-thumbnail","6":"product_cat-sachbuecher-dokumentationen","7":"pa_autor-brunner","8":"pa_erscheinungsjahr-21571","9":"pa_region-schweiz","10":"pa_sprache-de","12":"first","13":"instock","14":"taxable","15":"shipping-taxable","16":"purchasable","17":"product-type-simple"},"_links":{"self":[{"href":"https:\/\/pizbube.ch\/en\/wp-json\/wp\/v2\/product\/146445","targetHints":{"allow":["GET"]}}],"collection":[{"href":"https:\/\/pizbube.ch\/en\/wp-json\/wp\/v2\/product"}],"about":[{"href":"https:\/\/pizbube.ch\/en\/wp-json\/wp\/v2\/types\/product"}],"wp:featuredmedia":[{"embeddable":true,"href":"https:\/\/pizbube.ch\/en\/wp-json\/wp\/v2\/media\/37434"}],"wp:attachment":[{"href":"https:\/\/pizbube.ch\/en\/wp-json\/wp\/v2\/media?parent=146445"}],"wp:term":[{"taxonomy":"product_brand","embeddable":true,"href":"https:\/\/pizbube.ch\/en\/wp-json\/wp\/v2\/product_brand?post=146445"},{"taxonomy":"product_cat","embeddable":true,"href":"https:\/\/pizbube.ch\/en\/wp-json\/wp\/v2\/product_cat?post=146445"},{"taxonomy":"product_tag","embeddable":true,"href":"https:\/\/pizbube.ch\/en\/wp-json\/wp\/v2\/product_tag?post=146445"}],"curies":[{"name":"wp","href":"https:\/\/api.w.org\/{rel}","templated":true}]}}