{"id":146449,"date":"2021-01-15T10:53:45","date_gmt":"2021-01-15T10:53:45","guid":{"rendered":"https:\/\/codengine3.ch\/?product=import-placeholder-for-206810"},"modified":"2021-03-10T16:37:52","modified_gmt":"2021-03-10T15:37:52","slug":"skitouren-in-den-dolomiten-band-2","status":"publish","type":"product","link":"https:\/\/pizbube.ch\/en\/shop\/skitouren-in-den-dolomiten-band-2\/","title":{"rendered":"Skitouren in den Dolomiten &#8211; Band 2"},"content":{"rendered":"<p>Alto Comelico, Val Visdenede, Lienzer Dolomiten, Sappada\/Pladen, Alta Carnia,<br \/>\nBivera Gruppo di Razzo<\/p>\n<p>70 Touren. Dieser Skitourenf\u00fchrer beeindruckt mit spektakul\u00e4ren<br \/>\nLuftbildaufnahmen und eingezeichneten Routen der jeweiligen Skitour.<br \/>\nJede Tour enth\u00e4lt die wichtigsten Daten wie Anfahrt, Ausgehpunkt,<br \/>\nParkm\u00f6glichkeit, Aufstiegzeit, H\u00f6henunterschied, Kartenmaterial, skitechnische<br \/>\nund alpintechnische Schwierigkeiten.<\/p>","protected":false},"excerpt":{"rendered":"<p>Alto Comelico, Val Visdenede, Lienzer Dolomiten, Sappada\/Pladen, Alta Carnia, Bivera Gruppo di Razzo 70 Touren. Dieser Skitourenf\u00fchrer beeindruckt mit spektakul\u00e4ren Luftbildaufnahmen und eingezeichneten Routen der jeweiligen Skitour. Jede Tour enth\u00e4lt die wichtigsten Daten wie Anfahrt, Ausgehpunkt, Parkm\u00f6glichkeit, Aufstiegzeit, H\u00f6henunterschied, Kartenmaterial, skitechnische und alpintechnische Schwierigkeiten.<\/p>","protected":false},"featured_media":156291,"template":"","meta":[],"product_brand":[],"product_cat":[21540],"product_tag":[],"class_list":{"0":"post-146449","1":"product","2":"type-product","3":"status-publish","4":"has-post-thumbnail","6":"product_cat-fuehrerliteratur-alpin-winter","7":"pa_autor-kratter-mariacher-rossato-vascellari","8":"pa_erscheinungsjahr-21550","9":"pa_region-italien","10":"pa_sprache-de","12":"first","13":"instock","14":"taxable","15":"shipping-taxable","16":"purchasable","17":"product-type-simple"},"_links":{"self":[{"href":"https:\/\/pizbube.ch\/en\/wp-json\/wp\/v2\/product\/146449","targetHints":{"allow":["GET"]}}],"collection":[{"href":"https:\/\/pizbube.ch\/en\/wp-json\/wp\/v2\/product"}],"about":[{"href":"https:\/\/pizbube.ch\/en\/wp-json\/wp\/v2\/types\/product"}],"wp:featuredmedia":[{"embeddable":true,"href":"https:\/\/pizbube.ch\/en\/wp-json\/wp\/v2\/media\/156291"}],"wp:attachment":[{"href":"https:\/\/pizbube.ch\/en\/wp-json\/wp\/v2\/media?parent=146449"}],"wp:term":[{"taxonomy":"product_brand","embeddable":true,"href":"https:\/\/pizbube.ch\/en\/wp-json\/wp\/v2\/product_brand?post=146449"},{"taxonomy":"product_cat","embeddable":true,"href":"https:\/\/pizbube.ch\/en\/wp-json\/wp\/v2\/product_cat?post=146449"},{"taxonomy":"product_tag","embeddable":true,"href":"https:\/\/pizbube.ch\/en\/wp-json\/wp\/v2\/product_tag?post=146449"}],"curies":[{"name":"wp","href":"https:\/\/api.w.org\/{rel}","templated":true}]}}