{"id":146450,"date":"2021-01-15T10:53:45","date_gmt":"2021-01-15T10:53:45","guid":{"rendered":"https:\/\/codengine3.ch\/?product=import-placeholder-for-200126"},"modified":"2021-01-15T10:54:32","modified_gmt":"2021-01-15T10:54:32","slug":"skitouren-in-den-dolomiten","status":"publish","type":"product","link":"https:\/\/pizbube.ch\/en\/shop\/skitouren-in-den-dolomiten\/","title":{"rendered":"Skitouren in den Dolomiten"},"content":{"rendered":"<p>60 Touren<\/p>\n<p>Von den Drei Zinnen \u00fcber Cortina, Fanes und Puez bis zur Civetta<\/p>\n<p>Dieser Skitourenf\u00fchrer in den Dolomiten beeindruckt mit spektakul\u00e4ren<br \/>\n3D-Aufnahmen mit den eingezeichneten Routen der jeweiligen Skitour.<br \/>\nDer F\u00fchrer umfasst das Gebiet der Drei Zinnnen \u00fcber Cortina, Fanes und Puez<br \/>\nbis zur Civetta.<\/p>\n<p>Dabei wurden 60 Touren von Experten und Bergf\u00fchrern zusammengestellt: Jede<br \/>\nTour enth\u00e4lt die wichtigsten Daten wie Anfahrt, Ausgangspunkt,<br \/>\nParkm\u00f6glichkeiten, Aufstiegszeit, H\u00f6henunterschied, Kartenmaterial,<br \/>\nSchwierigkeiten sowie eine detaillierte Routenbeschreibung, die mit einer<br \/>\nphantastischen 3D-Aufnahme f\u00fcr jede Tour vervollst\u00e4ndigt wird.<\/p>","protected":false},"excerpt":{"rendered":"<p>60 Touren Von den Drei Zinnen \u00fcber Cortina, Fanes und Puez bis zur Civetta Dieser Skitourenf\u00fchrer in den Dolomiten beeindruckt mit spektakul\u00e4ren 3D-Aufnahmen mit den eingezeichneten Routen der jeweiligen Skitour. Der F\u00fchrer umfasst das Gebiet der Drei Zinnnen \u00fcber Cortina, Fanes und Puez bis zur Civetta. Dabei wurden 60 Touren von Experten und Bergf\u00fchrern zusammengestellt: [&#8230;]\n","protected":false},"featured_media":25991,"template":"","meta":[],"product_brand":[],"product_cat":[21540],"product_tag":[],"class_list":{"0":"post-146450","1":"product","2":"type-product","3":"status-publish","4":"has-post-thumbnail","6":"product_cat-fuehrerliteratur-alpin-winter","7":"pa_autor-bacci-cauz-kehrer-stauder-willeit-zangrand","8":"pa_erscheinungsjahr-21568","9":"pa_region-italien","10":"pa_sprache-de","12":"first","13":"outofstock","14":"taxable","15":"shipping-taxable","16":"purchasable","17":"product-type-simple"},"_links":{"self":[{"href":"https:\/\/pizbube.ch\/en\/wp-json\/wp\/v2\/product\/146450","targetHints":{"allow":["GET"]}}],"collection":[{"href":"https:\/\/pizbube.ch\/en\/wp-json\/wp\/v2\/product"}],"about":[{"href":"https:\/\/pizbube.ch\/en\/wp-json\/wp\/v2\/types\/product"}],"wp:featuredmedia":[{"embeddable":true,"href":"https:\/\/pizbube.ch\/en\/wp-json\/wp\/v2\/media\/25991"}],"wp:attachment":[{"href":"https:\/\/pizbube.ch\/en\/wp-json\/wp\/v2\/media?parent=146450"}],"wp:term":[{"taxonomy":"product_brand","embeddable":true,"href":"https:\/\/pizbube.ch\/en\/wp-json\/wp\/v2\/product_brand?post=146450"},{"taxonomy":"product_cat","embeddable":true,"href":"https:\/\/pizbube.ch\/en\/wp-json\/wp\/v2\/product_cat?post=146450"},{"taxonomy":"product_tag","embeddable":true,"href":"https:\/\/pizbube.ch\/en\/wp-json\/wp\/v2\/product_tag?post=146450"}],"curies":[{"name":"wp","href":"https:\/\/api.w.org\/{rel}","templated":true}]}}