{"id":146451,"date":"2021-01-15T10:53:45","date_gmt":"2021-01-15T10:53:45","guid":{"rendered":"https:\/\/codengine3.ch\/?product=import-placeholder-for-200466"},"modified":"2022-01-26T09:44:40","modified_gmt":"2022-01-26T08:44:40","slug":"skitourenatlas-dolomiten-150-touren-in-suedtirol-osttirol-friaul-belluno-trentino","status":"publish","type":"product","link":"https:\/\/pizbube.ch\/en\/shop\/skitourenatlas-dolomiten-150-touren-in-suedtirol-osttirol-friaul-belluno-trentino\/","title":{"rendered":"Skitourenatlas Dolomiten &#8211; 150 Touren in S\u00fcdtirol, Osttirol, Friaul, Belluno, Trentino"},"content":{"rendered":"<p>Die Dolomiten geh\u00f6ren aufgrund der Vielfalt an M\u00f6glichkeiten zu den sch\u00f6nsten<br \/>\nSkitourengebieten der Welt. In diesem Skitourenatlas werden 150 der sch\u00f6nsten<br \/>\nund interessantesten Touren in allen Schwierigkeitsstufen in den Gebieten<br \/>\nS\u00fcdtirol, Osttirol, Friaul, Belluno, Trentino zusammengefasst.<\/p>\n<p>Jede Tour ist versehen mit den wichtigsten technischen Daten wie Anfahrt,<br \/>\nAusgangspunkt, Parkm\u00f6glichkeiten, Aufstiegszeit, H\u00f6henunterschied, empfohlenes<br \/>\nKartenmaterial (1:25.000), skitechnische und alpintechnische Schwierigkeiten<br \/>\nsowie einer detaillierten Routenbeschreibung, die mit einer fantastischen<br \/>\nLuftaufnahme vervollst\u00e4ndigt wird.<\/p>\n<p>Die Route ist im Luftbild eingezeichnet, sodass die Orientierung ganz einfach<br \/>\nist. \u00dcber einen speziellen Link k\u00f6nnen alle GPS-Daten heruntergeladen werden.<br \/>\nEine APP zum Buch erm\u00f6glicht das Offline-Navigieren in allen Skitouren.<\/p>\n<p>1. Auflage 2019; 336 Seiten; flexibler Einband (Paperback)<\/p>","protected":false},"excerpt":{"rendered":"<p>Die Dolomiten geh\u00f6ren aufgrund der Vielfalt an M\u00f6glichkeiten zu den sch\u00f6nsten Skitourengebieten der Welt. In diesem Skitourenatlas werden 150 der sch\u00f6nsten und interessantesten Touren in allen Schwierigkeitsstufen in den Gebieten S\u00fcdtirol, Osttirol, Friaul, Belluno, Trentino zusammengefasst. Jede Tour ist versehen mit den wichtigsten technischen Daten wie Anfahrt, Ausgangspunkt, Parkm\u00f6glichkeiten, Aufstiegszeit, H\u00f6henunterschied, empfohlenes Kartenmaterial (1:25.000), skitechnische [&#8230;]\n","protected":false},"featured_media":160524,"template":"","meta":[],"product_brand":[],"product_cat":[21540],"product_tag":[],"class_list":{"0":"post-146451","1":"product","2":"type-product","3":"status-publish","4":"has-post-thumbnail","6":"product_cat-fuehrerliteratur-alpin-winter","7":"pa_autor-athesia-tappeiner-verlag-hrsg","8":"pa_erscheinungsjahr-21586","9":"pa_region-italien","10":"pa_sprache-de","12":"first","13":"instock","14":"taxable","15":"shipping-taxable","16":"purchasable","17":"product-type-simple"},"_links":{"self":[{"href":"https:\/\/pizbube.ch\/en\/wp-json\/wp\/v2\/product\/146451","targetHints":{"allow":["GET"]}}],"collection":[{"href":"https:\/\/pizbube.ch\/en\/wp-json\/wp\/v2\/product"}],"about":[{"href":"https:\/\/pizbube.ch\/en\/wp-json\/wp\/v2\/types\/product"}],"wp:featuredmedia":[{"embeddable":true,"href":"https:\/\/pizbube.ch\/en\/wp-json\/wp\/v2\/media\/160524"}],"wp:attachment":[{"href":"https:\/\/pizbube.ch\/en\/wp-json\/wp\/v2\/media?parent=146451"}],"wp:term":[{"taxonomy":"product_brand","embeddable":true,"href":"https:\/\/pizbube.ch\/en\/wp-json\/wp\/v2\/product_brand?post=146451"},{"taxonomy":"product_cat","embeddable":true,"href":"https:\/\/pizbube.ch\/en\/wp-json\/wp\/v2\/product_cat?post=146451"},{"taxonomy":"product_tag","embeddable":true,"href":"https:\/\/pizbube.ch\/en\/wp-json\/wp\/v2\/product_tag?post=146451"}],"curies":[{"name":"wp","href":"https:\/\/api.w.org\/{rel}","templated":true}]}}