{"id":146453,"date":"2021-01-15T10:53:45","date_gmt":"2021-01-15T10:53:45","guid":{"rendered":"https:\/\/codengine3.ch\/?product=import-placeholder-for-203760"},"modified":"2021-01-15T14:26:19","modified_gmt":"2021-01-15T14:26:19","slug":"365-dias-de-boulder-dvd","status":"publish","type":"product","link":"https:\/\/pizbube.ch\/en\/shop\/365-dias-de-boulder-dvd\/","title":{"rendered":"365 d\u00edas de Boulder DVD"},"content":{"rendered":"<p>DVD que contiene 50 minutos de boulder con las im\u00e1genes m\u00e1s espectaculares de<br \/>\nlas escuelas de referencia mundial: zona centro (Espa\u00f1a); Fontainebleau<br \/>\n(Francia); Chironico-cresciano y Magic World (Suiza) o Hueco Tanks (EE.UU.)<\/p>","protected":false},"excerpt":{"rendered":"<p>DVD que contiene 50 minutos de boulder con las im\u00e1genes m\u00e1s espectaculares de las escuelas de referencia mundial: zona centro (Espa\u00f1a); Fontainebleau (Francia); Chironico-cresciano y Magic World (Suiza) o Hueco Tanks (EE.UU.)<\/p>","protected":false},"featured_media":31435,"template":"","meta":[],"product_brand":[],"product_cat":[21628],"product_tag":[],"class_list":{"0":"post-146453","1":"product","2":"type-product","3":"status-publish","4":"has-post-thumbnail","6":"product_cat-video-dvd-multimedia","7":"pa_autor-olcina","8":"pa_erscheinungsjahr-21776","9":"pa_region-spanien","10":"pa_sprache-sp","12":"first","13":"instock","14":"taxable","15":"shipping-taxable","16":"purchasable","17":"product-type-simple"},"_links":{"self":[{"href":"https:\/\/pizbube.ch\/en\/wp-json\/wp\/v2\/product\/146453","targetHints":{"allow":["GET"]}}],"collection":[{"href":"https:\/\/pizbube.ch\/en\/wp-json\/wp\/v2\/product"}],"about":[{"href":"https:\/\/pizbube.ch\/en\/wp-json\/wp\/v2\/types\/product"}],"wp:featuredmedia":[{"embeddable":true,"href":"https:\/\/pizbube.ch\/en\/wp-json\/wp\/v2\/media\/31435"}],"wp:attachment":[{"href":"https:\/\/pizbube.ch\/en\/wp-json\/wp\/v2\/media?parent=146453"}],"wp:term":[{"taxonomy":"product_brand","embeddable":true,"href":"https:\/\/pizbube.ch\/en\/wp-json\/wp\/v2\/product_brand?post=146453"},{"taxonomy":"product_cat","embeddable":true,"href":"https:\/\/pizbube.ch\/en\/wp-json\/wp\/v2\/product_cat?post=146453"},{"taxonomy":"product_tag","embeddable":true,"href":"https:\/\/pizbube.ch\/en\/wp-json\/wp\/v2\/product_tag?post=146453"}],"curies":[{"name":"wp","href":"https:\/\/api.w.org\/{rel}","templated":true}]}}