{"id":146458,"date":"2021-01-15T10:53:45","date_gmt":"2021-01-15T10:53:45","guid":{"rendered":"https:\/\/codengine3.ch\/?product=import-placeholder-for-206246"},"modified":"2023-02-10T15:34:17","modified_gmt":"2023-02-10T14:34:17","slug":"bleau-en-bloc","status":"publish","type":"product","link":"https:\/\/pizbube.ch\/en\/shop\/bleau-en-bloc\/","title":{"rendered":"Bleau en bloc"},"content":{"rendered":"<p>Boulderf\u00fchrer Fontainebleau: Gebiete &#8211; Parcours &#8211; Bl\u00f6cke<\/p>\n<p>Wohl der umfassendste Boulderf\u00fchrer f\u00fcr bleau.<\/p>\n<p>Wo fr\u00fcher die franz\u00f6sischen K\u00f6nige ihrer Jagdleidenschaft fr\u00f6hnten, geben sich<br \/>\nheute die Boulderer aus aller Herren L\u00e4nder ihrer Passion hin.<br \/>\nUnd zwar nicht nur die muskelbepackten Halbprofis, im Gegenteil.<\/p>\n<p>Bleau ist ganz besonders auch das Revier der Spa\u00dfboulderer, deren Ziel die<br \/>\nsogenannten Parcours sind, jene farbig markierten und schwierigkeitsm\u00e4\u00dfig<br \/>\nhomogenen Aneinanderreihungen von Problemen.<\/p>\n<p>Und die gab es noch nie so komplett, detailliert und \u00fcbersichtlich wie hier.<br \/>\nEgal was man als Boulderer \u00fcber Fontainebleau im B\u00fccherregal stehen hat &#8211; das<br \/>\nTeil muss dazu. Falls es mal den Rucksack verl\u00e4sst.<\/p>\n<p>3. \u00fcberarbeitete Auflage 2017, ca. 648 Seiten, 120 x 185 mm, Softcover,<br \/>\nkomplett 4 Farbig<\/p>","protected":false},"excerpt":{"rendered":"<ul>\n<li><a href=\"https:\/\/pizbube.ch\/wp-content\/uploads\/attachments\/a_001\/0EC42A09C5459DAD5737083850F019AA.pdf\" target=\"_blank\" rel=\"noopener\">PDF: Leseprobe-bleauenbloc.pdf<\/a><\/li>\n<\/ul>","protected":false},"featured_media":161036,"template":"","meta":[],"product_brand":[],"product_cat":[21539],"product_tag":[],"class_list":{"0":"post-146458","1":"product","2":"type-product","3":"status-publish","4":"has-post-thumbnail","6":"product_cat-fuehrerliteratur-sportklettern-bouldern","7":"pa_autor-widmaier","8":"pa_erscheinungsjahr-21574","9":"pa_region-frankreich","10":"pa_sprache-de","12":"first","13":"outofstock","14":"taxable","15":"shipping-taxable","16":"purchasable","17":"product-type-simple"},"_links":{"self":[{"href":"https:\/\/pizbube.ch\/en\/wp-json\/wp\/v2\/product\/146458","targetHints":{"allow":["GET"]}}],"collection":[{"href":"https:\/\/pizbube.ch\/en\/wp-json\/wp\/v2\/product"}],"about":[{"href":"https:\/\/pizbube.ch\/en\/wp-json\/wp\/v2\/types\/product"}],"wp:featuredmedia":[{"embeddable":true,"href":"https:\/\/pizbube.ch\/en\/wp-json\/wp\/v2\/media\/161036"}],"wp:attachment":[{"href":"https:\/\/pizbube.ch\/en\/wp-json\/wp\/v2\/media?parent=146458"}],"wp:term":[{"taxonomy":"product_brand","embeddable":true,"href":"https:\/\/pizbube.ch\/en\/wp-json\/wp\/v2\/product_brand?post=146458"},{"taxonomy":"product_cat","embeddable":true,"href":"https:\/\/pizbube.ch\/en\/wp-json\/wp\/v2\/product_cat?post=146458"},{"taxonomy":"product_tag","embeddable":true,"href":"https:\/\/pizbube.ch\/en\/wp-json\/wp\/v2\/product_tag?post=146458"}],"curies":[{"name":"wp","href":"https:\/\/api.w.org\/{rel}","templated":true}]}}