{"id":146459,"date":"2021-01-15T10:53:45","date_gmt":"2021-01-15T10:53:45","guid":{"rendered":"https:\/\/codengine3.ch\/?product=import-placeholder-for-204967"},"modified":"2023-12-11T12:15:45","modified_gmt":"2023-12-11T11:15:45","slug":"regard-sur-bleau","status":"publish","type":"product","link":"https:\/\/pizbube.ch\/en\/shop\/regard-sur-bleau\/","title":{"rendered":"Regard sur Bleau"},"content":{"rendered":"<p>Regard sur Fontainebleau.<br \/>\nEntre vie sauvage et dalles de gr\u00e8s, au Cuvier ou en Loing, la richesse<br \/>\nbellifontaine nous offre une pl\u00e9iade de confrontations \u00e0 la nature, alimentant<br \/>\nnos vies d&#8217;instants glorieux et myst\u00e9rieux.<\/p>\n<p>La passion qui nous relie en ces \u00eelots gr\u00e9seux, dans un sentiment de libert\u00e9,<br \/>\nd\u00e9crit l&#8217;essence m\u00eame de nos vies. Qu\u00eate d&#8217;absolu, \u00e0 la recherche de la ligne,<br \/>\ndu geste, de l&#8217;instant pr\u00e9cieux de r\u00e9sonance, o\u00f9 le temps s&#8217;\u00e9tire ind\u00e9finiment<br \/>\npour prolonger ce moment de gr\u00e2ce. Alchimie de nos r\u00e9ussites.<\/p>\n<p>Qu\u00eate de l&#8217;instant magique, t\u00e9nu, futile et fugace, lorsque tous les \u00e9l\u00e9ments<br \/>\nse r\u00e9unissent dans un cadre seulement limit\u00e9 par notre imagination pour<br \/>\naboutir \u00e0 l&#8217;image. Mince fen\u00eatre, reflet de notre perception et de notre<br \/>\nsensibilit\u00e9, qui s&#8217;ouvre sur une qu\u00eate de spiritualit\u00e9 sans qui, nos vies<br \/>\nrestent vides de sens.<\/p>\n<p>Dilu\u00e9 dans ce jardin onirique, chacun trouve sa place et s&#8217;apaise \u00e0 sa guise.<\/p>\n<p>84 pages \/ format 20&#215;30 cm \/<\/p>","protected":false},"excerpt":{"rendered":"<p>Regard sur Fontainebleau. Entre vie sauvage et dalles de gr\u00e8s, au Cuvier ou en Loing, la richesse bellifontaine nous offre une pl\u00e9iade de confrontations \u00e0 la nature, alimentant nos vies d&#8217;instants glorieux et myst\u00e9rieux. La passion qui nous relie en ces \u00eelots gr\u00e9seux, dans un sentiment de libert\u00e9, d\u00e9crit l&#8217;essence m\u00eame de nos vies. Qu\u00eate [&#8230;]\n","protected":false},"featured_media":157874,"template":"","meta":[],"product_brand":[],"product_cat":[21542],"product_tag":[],"class_list":{"0":"post-146459","1":"product","2":"type-product","3":"status-publish","4":"has-post-thumbnail","6":"product_cat-sachbuecher-dokumentationen","7":"pa_autor-martin","8":"pa_erscheinungsjahr-21842","9":"pa_region-frankreich","10":"pa_sprache-fr","12":"first","13":"outofstock","14":"taxable","15":"shipping-taxable","16":"purchasable","17":"product-type-simple"},"_links":{"self":[{"href":"https:\/\/pizbube.ch\/en\/wp-json\/wp\/v2\/product\/146459","targetHints":{"allow":["GET"]}}],"collection":[{"href":"https:\/\/pizbube.ch\/en\/wp-json\/wp\/v2\/product"}],"about":[{"href":"https:\/\/pizbube.ch\/en\/wp-json\/wp\/v2\/types\/product"}],"wp:featuredmedia":[{"embeddable":true,"href":"https:\/\/pizbube.ch\/en\/wp-json\/wp\/v2\/media\/157874"}],"wp:attachment":[{"href":"https:\/\/pizbube.ch\/en\/wp-json\/wp\/v2\/media?parent=146459"}],"wp:term":[{"taxonomy":"product_brand","embeddable":true,"href":"https:\/\/pizbube.ch\/en\/wp-json\/wp\/v2\/product_brand?post=146459"},{"taxonomy":"product_cat","embeddable":true,"href":"https:\/\/pizbube.ch\/en\/wp-json\/wp\/v2\/product_cat?post=146459"},{"taxonomy":"product_tag","embeddable":true,"href":"https:\/\/pizbube.ch\/en\/wp-json\/wp\/v2\/product_tag?post=146459"}],"curies":[{"name":"wp","href":"https:\/\/api.w.org\/{rel}","templated":true}]}}