{"id":146461,"date":"2021-01-15T10:53:45","date_gmt":"2021-01-15T10:53:45","guid":{"rendered":"https:\/\/codengine3.ch\/?product=import-placeholder-for-206499"},"modified":"2023-02-24T15:40:49","modified_gmt":"2023-02-24T14:40:49","slug":"fontainebleau-bouldermaps","status":"publish","type":"product","link":"https:\/\/pizbube.ch\/en\/shop\/fontainebleau-bouldermaps\/","title":{"rendered":"Fontainebleau Bouldermaps"},"content":{"rendered":"<p>Boulderkartensatz \u00fcber Franchard, Bas Cuvier und Apremont<\/p>\n<p>Zum ersten Mal gibt es \u00fcber die Blockfelder rund um Fontainebleau<br \/>\nBoulderkarten. Der neue Kartensatz enth\u00e4lt drei Teilgebiete, laut Autor ist<br \/>\neine Kartendarstellung die einzige M\u00f6glichkeit, die Zusammenh\u00e4nge der<br \/>\nBoulderprobleme und den \u00dcberblick in den W\u00e4ldern bei Paris zu behalten.<\/p>\n<p>Die Karten sind so gefaltet, dass man sie wie ein Buch benutzen oder nat\u00fcrlich<br \/>\nauch komplett ausbreiten kann. Gedruckt sind sie auf extrem hochwertigem,<br \/>\nwasserabweisendem und fast unzerrei\u00dfbarem Papier, so dass sie auch den<br \/>\nh\u00e4rtesten Einsatz zwischen Rucksack und Crashpad \u00fcberstehen. Auf den drei<br \/>\nKarten der Teilgebiete Franchard, Bas Cuvier und Apremont sind alle Bl\u00f6cke mit<br \/>\nParcours und den sogenannten Off-Circuits (Boulder, die zu keinem Parcours<br \/>\ngeh\u00f6ren) eingezeichnet. Nicht nur f\u00fcr Bleaufans ein absolutes Muss!<\/p>\n<p>These 3 bouldermaps can be used finding the boulders in the different areas:<br \/>\nFranchard, Bas Cuvier and Apremont.<\/p>","protected":false},"excerpt":{"rendered":"<p>Boulderkartensatz \u00fcber Franchard, Bas Cuvier und Apremont Zum ersten Mal gibt es \u00fcber die Blockfelder rund um Fontainebleau Boulderkarten. Der neue Kartensatz enth\u00e4lt drei Teilgebiete, laut Autor ist eine Kartendarstellung die einzige M\u00f6glichkeit, die Zusammenh\u00e4nge der Boulderprobleme und den \u00dcberblick in den W\u00e4ldern bei Paris zu behalten. Die Karten sind so gefaltet, dass man sie [&#8230;]\n","protected":false},"featured_media":166349,"template":"","meta":[],"product_brand":[],"product_cat":[21543],"product_tag":[],"class_list":{"0":"post-146461","1":"product","2":"type-product","3":"status-publish","4":"has-post-thumbnail","6":"product_cat-landkarten","7":"pa_autor-ixmeier","8":"pa_erscheinungsjahr-21610","9":"pa_region-frankreich","10":"pa_sprache-d","11":"pa_sprache-e","13":"first","14":"onbackorder","15":"taxable","16":"shipping-taxable","17":"purchasable","18":"product-type-simple"},"_links":{"self":[{"href":"https:\/\/pizbube.ch\/en\/wp-json\/wp\/v2\/product\/146461","targetHints":{"allow":["GET"]}}],"collection":[{"href":"https:\/\/pizbube.ch\/en\/wp-json\/wp\/v2\/product"}],"about":[{"href":"https:\/\/pizbube.ch\/en\/wp-json\/wp\/v2\/types\/product"}],"wp:featuredmedia":[{"embeddable":true,"href":"https:\/\/pizbube.ch\/en\/wp-json\/wp\/v2\/media\/166349"}],"wp:attachment":[{"href":"https:\/\/pizbube.ch\/en\/wp-json\/wp\/v2\/media?parent=146461"}],"wp:term":[{"taxonomy":"product_brand","embeddable":true,"href":"https:\/\/pizbube.ch\/en\/wp-json\/wp\/v2\/product_brand?post=146461"},{"taxonomy":"product_cat","embeddable":true,"href":"https:\/\/pizbube.ch\/en\/wp-json\/wp\/v2\/product_cat?post=146461"},{"taxonomy":"product_tag","embeddable":true,"href":"https:\/\/pizbube.ch\/en\/wp-json\/wp\/v2\/product_tag?post=146461"}],"curies":[{"name":"wp","href":"https:\/\/api.w.org\/{rel}","templated":true}]}}