{"id":146463,"date":"2021-01-15T10:53:45","date_gmt":"2021-01-15T10:53:45","guid":{"rendered":"https:\/\/codengine3.ch\/?product=import-placeholder-for-200393"},"modified":"2023-06-20T15:06:54","modified_gmt":"2023-06-20T13:06:54","slug":"foret-de-fontainebleau-mini-carte-de-randonnee-125000-m2417ot","status":"publish","type":"product","link":"https:\/\/pizbube.ch\/en\/shop\/foret-de-fontainebleau-mini-carte-de-randonnee-125000-m2417ot\/","title":{"rendered":"For\u00eat-de-Fontainebleau -Mini Carte de Randonn\u00e9e 1:25`000 \/ M2417OT"},"content":{"rendered":"<p>S\u00e9rie: Mini Top25<\/p>\n<p>Les mini Top 25 sont des cartes de randonn\u00e9e \u00e0 l`\u00e9chelle du 1\/25000\u00e8me.<br \/>\nPr\u00e9cises, d\u00e9taill\u00e9es elles sont \u00e0 la fois une ressource indispensable pour le randonneur et ont cette particularit\u00e9 fort appr\u00e9ciable de pouvoir sans probl\u00e8me se glisser dans la poche.<\/p>\n<p>Map No. 2417OTM, Foret de Fontainebleau, is a pocket version of the TOP25 map 2417OT, printed double-sided and reduced in size to only 84 x 46cm. Like its standard version, this mini map highlights local footpaths, long-distance GR routes, campsites and other tourist information, and is GPS compatible, but please note that this mini version covers a slightly smaller area than the standard 2417OT map<\/p>","protected":false},"excerpt":{"rendered":"<p>S\u00e9rie: Mini Top25 Les mini Top 25 sont des cartes de randonn\u00e9e \u00e0 l`\u00e9chelle du 1\/25000\u00e8me. Pr\u00e9cises, d\u00e9taill\u00e9es elles sont \u00e0 la fois une ressource indispensable pour le randonneur et ont cette particularit\u00e9 fort appr\u00e9ciable de pouvoir sans probl\u00e8me se glisser dans la poche. Map No. 2417OTM, Foret de Fontainebleau, is a pocket version of [&#8230;]\n","protected":false},"featured_media":168126,"template":"","meta":[],"product_brand":[],"product_cat":[21543],"product_tag":[27300],"class_list":{"0":"post-146463","1":"product","2":"type-product","3":"status-publish","4":"has-post-thumbnail","6":"product_cat-landkarten","7":"product_tag-foret-de-fontainebleau","8":"pa_autor-ign","9":"pa_erscheinungsjahr-21546","10":"pa_region-frankreich","11":"pa_sprache-fr","13":"first","14":"instock","15":"taxable","16":"shipping-taxable","17":"purchasable","18":"product-type-simple"},"_links":{"self":[{"href":"https:\/\/pizbube.ch\/en\/wp-json\/wp\/v2\/product\/146463","targetHints":{"allow":["GET"]}}],"collection":[{"href":"https:\/\/pizbube.ch\/en\/wp-json\/wp\/v2\/product"}],"about":[{"href":"https:\/\/pizbube.ch\/en\/wp-json\/wp\/v2\/types\/product"}],"wp:featuredmedia":[{"embeddable":true,"href":"https:\/\/pizbube.ch\/en\/wp-json\/wp\/v2\/media\/168126"}],"wp:attachment":[{"href":"https:\/\/pizbube.ch\/en\/wp-json\/wp\/v2\/media?parent=146463"}],"wp:term":[{"taxonomy":"product_brand","embeddable":true,"href":"https:\/\/pizbube.ch\/en\/wp-json\/wp\/v2\/product_brand?post=146463"},{"taxonomy":"product_cat","embeddable":true,"href":"https:\/\/pizbube.ch\/en\/wp-json\/wp\/v2\/product_cat?post=146463"},{"taxonomy":"product_tag","embeddable":true,"href":"https:\/\/pizbube.ch\/en\/wp-json\/wp\/v2\/product_tag?post=146463"}],"curies":[{"name":"wp","href":"https:\/\/api.w.org\/{rel}","templated":true}]}}