{"id":146466,"date":"2021-01-15T10:53:45","date_gmt":"2021-01-15T10:53:45","guid":{"rendered":"https:\/\/codengine3.ch\/?product=import-placeholder-for-207308"},"modified":"2025-04-09T09:51:14","modified_gmt":"2025-04-09T07:51:14","slug":"bleau-blocs","status":"publish","type":"product","link":"https:\/\/pizbube.ch\/en\/shop\/bleau-blocs\/","title":{"rendered":"BLEAU BLOCS &#8211; 100 blocs parmi les plus beaux de la for\u00eat de Fontainebleau"},"content":{"rendered":"<p>100 blocs parmi les plus beaux de la for\u00eat de Fontainebleau<\/p>\n<p>St\u00e9phan Denys est l\u2019\u0153il de la for\u00eat de Fontainebleau. Photographe et grimpeur,<br \/>\narpentant les massifs de rochers depuis bient\u00f4t 40 ans, il a d\u00e9velopp\u00e9 un lien<br \/>\nparticulier avec ces g\u00e9ants de gr\u00e8s aux formes uniques, tant\u00f4t ronds et<br \/>\nbossel\u00e9s, tant\u00f4t aigus et cisel\u00e9s, toujours fascinants.<\/p>\n<p>Ses photos couvrent diverses \u00e9poques et sont accompagn\u00e9es de textes nous<br \/>\n\u00e9clairant sur le contexte et les particularit\u00e9s de chaque bloc. Il a pris le<br \/>\nparti de pr\u00e9senter non pas les blocs les plus difficiles, mais les plus<br \/>\nesth\u00e9tiques ou remarquables dans une gamme de difficult\u00e9s assez large.<\/p>\n<p>Les 100 beaux blocs choisis sont r\u00e9pertori\u00e9s par secteurs: la for\u00eat domaniale,<br \/>\nles Trois Pignons, Larchant et Nemours, puis Buthiers et l\u2019Essonne. \u00c0 travers<br \/>\ncette s\u00e9lection l\u2019auteur nous livre sa vision de l\u2019activit\u00e9 et nous invite \u00e0<br \/>\nmieux consid\u00e9rer les blocs sous tous leurs angles.<\/p>\n<p>Un ouvrage inspirant pour tous les grimpeurs, quel que soit leur niveau en<br \/>\nescalade !<\/p>\n<p>223 pages<br \/>\nFormat 19,3 x 25 cm<\/p>","protected":false},"excerpt":{"rendered":"<p>100 blocs parmi les plus beaux de la for\u00eat de Fontainebleau St\u00e9phan Denys est l\u2019\u0153il de la for\u00eat de Fontainebleau. Photographe et grimpeur, arpentant les massifs de rochers depuis bient\u00f4t 40 ans, il a d\u00e9velopp\u00e9 un lien particulier avec ces g\u00e9ants de gr\u00e8s aux formes uniques, tant\u00f4t ronds et bossel\u00e9s, tant\u00f4t aigus et cisel\u00e9s, toujours [&#8230;]\n","protected":false},"featured_media":167305,"template":"","meta":[],"product_brand":[],"product_cat":[21542],"product_tag":[],"class_list":{"0":"post-146466","1":"product","2":"type-product","3":"status-publish","4":"has-post-thumbnail","6":"product_cat-sachbuecher-dokumentationen","8":"first","9":"instock","10":"taxable","11":"shipping-taxable","12":"purchasable","13":"product-type-simple"},"_links":{"self":[{"href":"https:\/\/pizbube.ch\/en\/wp-json\/wp\/v2\/product\/146466","targetHints":{"allow":["GET"]}}],"collection":[{"href":"https:\/\/pizbube.ch\/en\/wp-json\/wp\/v2\/product"}],"about":[{"href":"https:\/\/pizbube.ch\/en\/wp-json\/wp\/v2\/types\/product"}],"wp:featuredmedia":[{"embeddable":true,"href":"https:\/\/pizbube.ch\/en\/wp-json\/wp\/v2\/media\/167305"}],"wp:attachment":[{"href":"https:\/\/pizbube.ch\/en\/wp-json\/wp\/v2\/media?parent=146466"}],"wp:term":[{"taxonomy":"product_brand","embeddable":true,"href":"https:\/\/pizbube.ch\/en\/wp-json\/wp\/v2\/product_brand?post=146466"},{"taxonomy":"product_cat","embeddable":true,"href":"https:\/\/pizbube.ch\/en\/wp-json\/wp\/v2\/product_cat?post=146466"},{"taxonomy":"product_tag","embeddable":true,"href":"https:\/\/pizbube.ch\/en\/wp-json\/wp\/v2\/product_tag?post=146466"}],"curies":[{"name":"wp","href":"https:\/\/api.w.org\/{rel}","templated":true}]}}