{"id":146470,"date":"2021-01-15T10:53:45","date_gmt":"2021-01-15T10:53:45","guid":{"rendered":"https:\/\/codengine3.ch\/?product=import-placeholder-for-200055"},"modified":"2026-01-22T09:22:18","modified_gmt":"2026-01-22T08:22:18","slug":"nina-caprez","status":"publish","type":"product","link":"https:\/\/pizbube.ch\/en\/shop\/nina-caprez\/","title":{"rendered":"Nina Caprez"},"content":{"rendered":"<p>Sportkletterin. H\u00f6hlenforscherin. Wahlfranz\u00f6sin.<\/p>\n<p>Frau Caprez, warum tun Sie sich das an? So lautet die meistgestellte Frage von<br \/>\nJournalisten an Nina Caprez, eine der weltbesten Kletterinnen. Sie ist dort am<br \/>\ngl\u00fccklichsten, wo andere nur schon beim Hinsehen Angst kriegen: an abweisenden<br \/>\nFelsw\u00e4nden, hunderte Meter \u00fcber dem Boden. \u00bbIch tu mir \u00fcberhaupt nichts an.<br \/>\nEin Antun ist es sicher nicht, eher ein Urtrieb, und der beginnt schon bei<br \/>\nkleinen Kindern, die \u00fcberall hochsteigen.\u00ab So lautet die Antwort von Nina.<\/p>\n<p>Sie ist in den Bergen aufgewachsen, dass sie aber heute furchtlos durch<br \/>\nFelsw\u00e4nde steigt, war keineswegs vorprogrammiert. Der Vater stirbt jung, als<br \/>\ner auf einer Bergwanderung abst\u00fcrzt. Da war Nina erst zwei Jahre alt. Trotz<br \/>\ndes Verlusts des Vaters meidet sie sp\u00e4ter die Bergwelt nicht. Mit ihren<br \/>\nGeschwistern zieht sie los, bald wechseln sie vom Wandern zum Klettern. Immer<br \/>\n\u00f6fter l\u00e4sst Nina den Alltag im Talboden zur\u00fcck und stellt sich nur den<br \/>\nAufgaben, die ihr die schroffen Felsw\u00e4nde stellen.<\/p>\n<p>Sie wird zum weiblichen Gesicht des Kletterns in der Schweiz und erlangt bald<br \/>\nweltweite Bekanntheit. Doch im Wettkampf sieht sie ihre Zukunft weniger, sie<br \/>\nerkennt, dass f\u00fcr sie Klettern ein Miteinander ist, kein Gegeneinander. Ihr<br \/>\nLohn ist die unendliche Zufriedenheit, wenn sie aus einer Felswand aussteigt.<br \/>\nAber auch ihre Verzweiflung spielt sich dort ab, wenn sie eine Stelle partout<br \/>\nnicht \u00fcberwinden kann und immer wieder ins Seil f\u00e4llt. Doch nur f\u00fcr kurze<br \/>\nZeit. Dann muss sie \u00fcber sich selbst lachen, wenn sie sich vorstellt, wie das<br \/>\naussehen muss.<\/p>\n<p>\u00bbDa h\u00e4ng ich 150 Meter \u00fcber dem Boden und weine, weil ich nicht weiterkomme.<br \/>\nIn solchen Momenten merke ich, wie gl\u00fccklich ich mich sch\u00e4tzen darf, wenn<br \/>\nsolche Probleme meine Sorgen sind.\u00ab<\/p>\n<p>128 Seiten, <span class=\"metafield-dimension\"><span class=\"metafield-dimension_value\">125 <\/span><span class=\"metafield-dimension_unit\">mm<\/span><\/span> x <span class=\"metafield-dimension\"><span class=\"metafield-dimension_value\">195 <\/span><span class=\"metafield-dimension_unit\">mm<\/span><\/span><br \/>\nHardcover<br \/>\nMit zahlreichen Abbildungen<\/p>","protected":false},"excerpt":{"rendered":"<p>Sportkletterin. H\u00f6hlenforscherin. Wahlfranz\u00f6sin. Frau Caprez, warum tun Sie sich das an? So lautet die meistgestellte Frage von Journalisten an Nina Caprez, eine der weltbesten Kletterinnen. Sie ist dort am gl\u00fccklichsten, wo andere nur schon beim Hinsehen Angst kriegen: an abweisenden Felsw\u00e4nden, hunderte Meter \u00fcber dem Boden. \u00bbIch tu mir \u00fcberhaupt nichts an. Ein Antun ist [&#8230;]\n","protected":false},"featured_media":182913,"template":"","meta":[],"product_brand":[],"product_cat":[21542],"product_tag":[],"class_list":{"0":"post-146470","1":"product","2":"type-product","3":"status-publish","4":"has-post-thumbnail","6":"product_cat-sachbuecher-dokumentationen","7":"pa_autor-osswald","8":"pa_erscheinungsjahr-21586","9":"pa_region-schweiz","10":"pa_sprache-de","12":"first","13":"instock","14":"taxable","15":"shipping-taxable","16":"purchasable","17":"product-type-simple"},"_links":{"self":[{"href":"https:\/\/pizbube.ch\/en\/wp-json\/wp\/v2\/product\/146470","targetHints":{"allow":["GET"]}}],"collection":[{"href":"https:\/\/pizbube.ch\/en\/wp-json\/wp\/v2\/product"}],"about":[{"href":"https:\/\/pizbube.ch\/en\/wp-json\/wp\/v2\/types\/product"}],"wp:featuredmedia":[{"embeddable":true,"href":"https:\/\/pizbube.ch\/en\/wp-json\/wp\/v2\/media\/182913"}],"wp:attachment":[{"href":"https:\/\/pizbube.ch\/en\/wp-json\/wp\/v2\/media?parent=146470"}],"wp:term":[{"taxonomy":"product_brand","embeddable":true,"href":"https:\/\/pizbube.ch\/en\/wp-json\/wp\/v2\/product_brand?post=146470"},{"taxonomy":"product_cat","embeddable":true,"href":"https:\/\/pizbube.ch\/en\/wp-json\/wp\/v2\/product_cat?post=146470"},{"taxonomy":"product_tag","embeddable":true,"href":"https:\/\/pizbube.ch\/en\/wp-json\/wp\/v2\/product_tag?post=146470"}],"curies":[{"name":"wp","href":"https:\/\/api.w.org\/{rel}","templated":true}]}}