{"id":146471,"date":"2021-01-15T10:53:45","date_gmt":"2021-01-15T10:53:45","guid":{"rendered":"https:\/\/codengine3.ch\/?product=import-placeholder-for-206308"},"modified":"2021-01-15T14:48:01","modified_gmt":"2021-01-15T14:48:01","slug":"tuzgle-argenina-dvd","status":"publish","type":"product","link":"https:\/\/pizbube.ch\/en\/shop\/tuzgle-argenina-dvd\/","title":{"rendered":"TUZGLE Argenina DVD"},"content":{"rendered":"<p>En novembre 2008, la grimpeuse suisse Nina Caprez accompagn\u00e9e par neuf<br \/>\nfrancais, partent explorer un nouveau site d&#8217;escalade en Argentine; un<br \/>\naltiplano situ\u00e9 \u00e0 4200m au pied du volcan Tuzgle. Le film retrace la vie<br \/>\nquotidienne du groupe dans ce lieu majestueux et inexplor\u00e9. Plus les jours<br \/>\npassent, plus ils r\u00e9alisent que ce qu&#8217;ils viennent de d\u00e9couvrir, est au del\u00e0<br \/>\nde leurs esp\u00e9rances. Le plus beau spot de blocs d&#8217;Amerique du Sud vient d&#8217;\u00eatre<br \/>\nd\u00e9couvert&#8230;<br \/>\nAvec Nina Caprez, Mike Fuselier, Axel ballay, Nicolas Badia, S\u00e9bastien<br \/>\nBoussogne et Julien Nadiras.<br \/>\nDVD; Dur\u00e9e : 21min  <\/p>\n<p>November 2008, the swiss climber Nina Caprez with 9 french guys travels to<br \/>\nexplore a new climbing spot in Argentina : an Altiplano littered with boulders<br \/>\nand crags nested at 4200 m of elevation under the Tuzgle volcano. The movie<br \/>\nillustrates the daily life of the group in this unexplored wonderland. As days<br \/>\nfly by, they realize that the true value of their discoveries is way beyond<br \/>\ntheir expectations&#8230; One of the best bouldering destination of south america<br \/>\nhas been unveiled<br \/>\nStarring with Nina Caprez, Mike Fuselier, Axel ballay, Nicolas Badia,<br \/>\nS\u00e9bastien Boussogne and Julien Nadiras.<br \/>\nRun time : 21min  <\/p>\n<p>Eine Gruppe Kletterer aus Grenoble erschlie\u00dft Boulder und Routen im<br \/>\nkupferfarbenen Vulkangestein rund um den Vulkan Tuzgle in Argentinien. Sch\u00f6ne<br \/>\nLandschaft, tolle Felsen &#8211; ein echter Fernweh-Film &#8230;<br \/>\nSprache: F, mit engl. Untertiteln  <\/p>","protected":false},"excerpt":{"rendered":"<p>En novembre 2008, la grimpeuse suisse Nina Caprez accompagn\u00e9e par neuf francais, partent explorer un nouveau site d&#8217;escalade en Argentine; un altiplano situ\u00e9 \u00e0 4200m au pied du volcan Tuzgle. Le film retrace la vie quotidienne du groupe dans ce lieu majestueux et inexplor\u00e9. Plus les jours passent, plus ils r\u00e9alisent que ce qu&#8217;ils viennent [&#8230;]\n","protected":false},"featured_media":35302,"template":"","meta":[],"product_brand":[],"product_cat":[21628],"product_tag":[],"class_list":{"0":"post-146471","1":"product","2":"type-product","3":"status-publish","4":"has-post-thumbnail","6":"product_cat-video-dvd-multimedia","7":"pa_autor-nadiras-cellier","8":"pa_erscheinungsjahr-21830","9":"pa_region-amerika-sued","10":"pa_sprache-e","11":"pa_sprache-f","13":"first","14":"instock","15":"taxable","16":"shipping-taxable","17":"purchasable","18":"product-type-simple"},"_links":{"self":[{"href":"https:\/\/pizbube.ch\/en\/wp-json\/wp\/v2\/product\/146471","targetHints":{"allow":["GET"]}}],"collection":[{"href":"https:\/\/pizbube.ch\/en\/wp-json\/wp\/v2\/product"}],"about":[{"href":"https:\/\/pizbube.ch\/en\/wp-json\/wp\/v2\/types\/product"}],"wp:featuredmedia":[{"embeddable":true,"href":"https:\/\/pizbube.ch\/en\/wp-json\/wp\/v2\/media\/35302"}],"wp:attachment":[{"href":"https:\/\/pizbube.ch\/en\/wp-json\/wp\/v2\/media?parent=146471"}],"wp:term":[{"taxonomy":"product_brand","embeddable":true,"href":"https:\/\/pizbube.ch\/en\/wp-json\/wp\/v2\/product_brand?post=146471"},{"taxonomy":"product_cat","embeddable":true,"href":"https:\/\/pizbube.ch\/en\/wp-json\/wp\/v2\/product_cat?post=146471"},{"taxonomy":"product_tag","embeddable":true,"href":"https:\/\/pizbube.ch\/en\/wp-json\/wp\/v2\/product_tag?post=146471"}],"curies":[{"name":"wp","href":"https:\/\/api.w.org\/{rel}","templated":true}]}}